{"id":24,"date":"2022-08-30T12:18:52","date_gmt":"2022-08-30T09:18:52","guid":{"rendered":"https:\/\/portfooandreei.wordpress.com\/?page_id=20"},"modified":"2024-03-28T13:46:13","modified_gmt":"2024-03-28T13:46:13","slug":"programmeerimine","status":"publish","type":"page","link":"https:\/\/andreitupits23.thkit.ee\/WP\/programmeerimine\/","title":{"rendered":"Programmeerimine"},"content":{"rendered":"\n<figure class=\"wp-block-image size-full is-resized\"><img loading=\"lazy\" decoding=\"async\" width=\"746\" height=\"269\" src=\"https:\/\/andreitupits23.thkit.ee\/WP\/wp-content\/uploads\/2024\/03\/image-1.png\" alt=\"\" class=\"wp-image-621\" style=\"width:782px;height:auto\" srcset=\"https:\/\/andreitupits23.thkit.ee\/WP\/wp-content\/uploads\/2024\/03\/image-1.png 746w, https:\/\/andreitupits23.thkit.ee\/WP\/wp-content\/uploads\/2024\/03\/image-1-300x108.png 300w\" sizes=\"auto, (max-width: 746px) 100vw, 746px\" \/><\/figure>\n\n\n\n<p><strong>Programmeerimine<\/strong>&nbsp;on&nbsp;<a href=\"https:\/\/et.wikipedia.org\/wiki\/Arvutiprogramm\">arvutiprogrammide<\/a>&nbsp;<a href=\"https:\/\/et.wikipedia.org\/wiki\/L%C3%A4htekood\">l\u00e4htekoodi<\/a>&nbsp;kirjutamise, testimise, silumise ja haldamise tegevuste jada. L\u00e4htekood kirjutatakse kasutades&nbsp;<a href=\"https:\/\/et.wikipedia.org\/wiki\/Programmeerimiskeel\">programmeerimiskeeli<\/a>.<\/p>\n\n\n\n<p>Programmeerimine on&nbsp;<a href=\"https:\/\/et.wikipedia.org\/wiki\/Tarkvaraarendus\">tarkvaraarenduse<\/a>&nbsp;oluline osa, moodustades sellest:<\/p>\n\n\n\n<ul class=\"wp-block-list\">\n<li><strong>loome<\/strong>\n<ul class=\"wp-block-list\">\n<li>luuakse kindlad juhised \u2013&nbsp;<a href=\"https:\/\/et.wikipedia.org\/wiki\/Vooskeem\">vooskeem<\/a><\/li>\n\n\n\n<li>luuakse sammsammuline tegevusjuhis \u2013&nbsp;<a href=\"https:\/\/et.wikipedia.org\/wiki\/Algoritm\">algoritm<\/a><\/li>\n\n\n\n<li>algoritmid komplekteeritakse ja t\u00f5lgitakse&nbsp;<a href=\"https:\/\/et.wikipedia.org\/wiki\/Programmeerimiskeel\">programmeerimiskeelde<\/a>, saadakse programmi kood<\/li>\n\n\n\n<li>luuakse&nbsp;<a href=\"https:\/\/et.wikipedia.org\/wiki\/Kasutajaliides\">kasutajaliides<\/a>&nbsp;ja seotakse see koodiga (kui seda pole tehtud)<\/li>\n\n\n\n<li>t\u00f5lgitakse programmi koodi seni, kuni saadakse&nbsp;<a href=\"https:\/\/et.wikipedia.org\/wiki\/Masinkood\">masinkood<\/a><\/li>\n\n\n\n<li>esmane testimine ja paranduste tegemine<\/li>\n<\/ul>\n<\/li>\n\n\n\n<li><strong>haldamise<\/strong>\n<ul class=\"wp-block-list\">\n<li>programmi koodi muutmine<\/li>\n\n\n\n<li>programmi koodi t\u00e4iendamine<\/li>\n\n\n\n<li>programmi koodi uuesti kirjutamine (programm on oma algsest eesm\u00e4rgist liigselt v\u00f5\u00f5randunud)<\/li>\n\n\n\n<li>esmane muututuste uuendamine ja testimine<\/li>\n<\/ul>\n<\/li>\n<\/ul>\n","protected":false},"excerpt":{"rendered":"<p>Programmeerimine&nbsp;on&nbsp;arvutiprogrammide&nbsp;l\u00e4htekoodi&nbsp;kirjutamise, testimise, silumise ja haldamise tegevuste jada. L\u00e4htekood kirjutatakse kasutades&nbsp;programmeerimiskeeli. Programmeerimine on&nbsp;tarkvaraarenduse&nbsp;oluline osa, moodustades sellest:<\/p>\n","protected":false},"author":1,"featured_media":0,"parent":0,"menu_order":0,"comment_status":"closed","ping_status":"closed","template":"","meta":{"footnotes":""},"class_list":["post-24","page","type-page","status-publish","hentry","entry"],"yoast_head":"<!-- This site is optimized with the Yoast SEO plugin v27.4 - https:\/\/yoast.com\/product\/yoast-seo-wordpress\/ -->\n<title>Programmeerimine - \/ &Otilde;pimapp \/ Portfoolio<\/title>\n<meta name=\"robots\" content=\"index, follow, max-snippet:-1, max-image-preview:large, max-video-preview:-1\" \/>\n<link rel=\"canonical\" href=\"https:\/\/andreitupits23.thkit.ee\/WP\/programmeerimine\/\" \/>\n<meta property=\"og:locale\" content=\"en_GB\" \/>\n<meta property=\"og:type\" content=\"article\" \/>\n<meta property=\"og:title\" content=\"Programmeerimine - \/ &Otilde;pimapp \/ Portfoolio\" \/>\n<meta property=\"og:description\" content=\"Programmeerimine&nbsp;on&nbsp;arvutiprogrammide&nbsp;l\u00e4htekoodi&nbsp;kirjutamise, testimise, silumise ja haldamise tegevuste jada. L\u00e4htekood kirjutatakse kasutades&nbsp;programmeerimiskeeli. Programmeerimine on&nbsp;tarkvaraarenduse&nbsp;oluline osa, moodustades sellest:\" \/>\n<meta property=\"og:url\" content=\"https:\/\/andreitupits23.thkit.ee\/WP\/programmeerimine\/\" \/>\n<meta property=\"og:site_name\" content=\"\/ &Otilde;pimapp \/ Portfoolio\" \/>\n<meta property=\"article:modified_time\" content=\"2024-03-28T13:46:13+00:00\" \/>\n<meta property=\"og:image\" content=\"https:\/\/andreitupits23.thkit.ee\/WP\/wp-content\/uploads\/2024\/03\/image-1.png\" \/>\n<meta name=\"twitter:card\" content=\"summary_large_image\" \/>\n<meta name=\"twitter:label1\" content=\"Estimated reading time\" \/>\n\t<meta name=\"twitter:data1\" content=\"1 minute\" \/>\n<script type=\"application\/ld+json\" class=\"yoast-schema-graph\">{\"@context\":\"https:\\\/\\\/schema.org\",\"@graph\":[{\"@type\":\"WebPage\",\"@id\":\"https:\\\/\\\/andreitupits23.thkit.ee\\\/WP\\\/programmeerimine\\\/\",\"url\":\"https:\\\/\\\/andreitupits23.thkit.ee\\\/WP\\\/programmeerimine\\\/\",\"name\":\"Programmeerimine - \\\/ &Otilde;pimapp \\\/ Portfoolio\",\"isPartOf\":{\"@id\":\"https:\\\/\\\/andreitupits23.thkit.ee\\\/WP\\\/#website\"},\"primaryImageOfPage\":{\"@id\":\"https:\\\/\\\/andreitupits23.thkit.ee\\\/WP\\\/programmeerimine\\\/#primaryimage\"},\"image\":{\"@id\":\"https:\\\/\\\/andreitupits23.thkit.ee\\\/WP\\\/programmeerimine\\\/#primaryimage\"},\"thumbnailUrl\":\"https:\\\/\\\/andreitupits23.thkit.ee\\\/WP\\\/wp-content\\\/uploads\\\/2024\\\/03\\\/image-1.png\",\"datePublished\":\"2022-08-30T09:18:52+00:00\",\"dateModified\":\"2024-03-28T13:46:13+00:00\",\"breadcrumb\":{\"@id\":\"https:\\\/\\\/andreitupits23.thkit.ee\\\/WP\\\/programmeerimine\\\/#breadcrumb\"},\"inLanguage\":\"en-GB\",\"potentialAction\":[{\"@type\":\"ReadAction\",\"target\":[\"https:\\\/\\\/andreitupits23.thkit.ee\\\/WP\\\/programmeerimine\\\/\"]}]},{\"@type\":\"ImageObject\",\"inLanguage\":\"en-GB\",\"@id\":\"https:\\\/\\\/andreitupits23.thkit.ee\\\/WP\\\/programmeerimine\\\/#primaryimage\",\"url\":\"https:\\\/\\\/andreitupits23.thkit.ee\\\/WP\\\/wp-content\\\/uploads\\\/2024\\\/03\\\/image-1.png\",\"contentUrl\":\"https:\\\/\\\/andreitupits23.thkit.ee\\\/WP\\\/wp-content\\\/uploads\\\/2024\\\/03\\\/image-1.png\",\"width\":746,\"height\":269},{\"@type\":\"BreadcrumbList\",\"@id\":\"https:\\\/\\\/andreitupits23.thkit.ee\\\/WP\\\/programmeerimine\\\/#breadcrumb\",\"itemListElement\":[{\"@type\":\"ListItem\",\"position\":1,\"name\":\"Home\",\"item\":\"https:\\\/\\\/andreitupits23.thkit.ee\\\/WP\\\/\"},{\"@type\":\"ListItem\",\"position\":2,\"name\":\"Programmeerimine\"}]},{\"@type\":\"WebSite\",\"@id\":\"https:\\\/\\\/andreitupits23.thkit.ee\\\/WP\\\/#website\",\"url\":\"https:\\\/\\\/andreitupits23.thkit.ee\\\/WP\\\/\",\"name\":\"\\\/ &Otilde;pimapp \\\/ Portfoolio\",\"description\":\"Welcome to my WP page.\",\"publisher\":{\"@id\":\"https:\\\/\\\/andreitupits23.thkit.ee\\\/WP\\\/#organization\"},\"potentialAction\":[{\"@type\":\"SearchAction\",\"target\":{\"@type\":\"EntryPoint\",\"urlTemplate\":\"https:\\\/\\\/andreitupits23.thkit.ee\\\/WP\\\/?s={search_term_string}\"},\"query-input\":{\"@type\":\"PropertyValueSpecification\",\"valueRequired\":true,\"valueName\":\"search_term_string\"}}],\"inLanguage\":\"en-GB\"},{\"@type\":\"Organization\",\"@id\":\"https:\\\/\\\/andreitupits23.thkit.ee\\\/WP\\\/#organization\",\"name\":\"\\\/ &Otilde;pimapp \\\/ Portfoolio\",\"url\":\"https:\\\/\\\/andreitupits23.thkit.ee\\\/WP\\\/\",\"logo\":{\"@type\":\"ImageObject\",\"inLanguage\":\"en-GB\",\"@id\":\"https:\\\/\\\/andreitupits23.thkit.ee\\\/WP\\\/#\\\/schema\\\/logo\\\/image\\\/\",\"url\":\"https:\\\/\\\/andreitupits23.thkit.ee\\\/WP\\\/wp-content\\\/uploads\\\/2024\\\/03\\\/cropped-logo.png\",\"contentUrl\":\"https:\\\/\\\/andreitupits23.thkit.ee\\\/WP\\\/wp-content\\\/uploads\\\/2024\\\/03\\\/cropped-logo.png\",\"width\":240,\"height\":240,\"caption\":\"\\\/ &Otilde;pimapp \\\/ Portfoolio\"},\"image\":{\"@id\":\"https:\\\/\\\/andreitupits23.thkit.ee\\\/WP\\\/#\\\/schema\\\/logo\\\/image\\\/\"}}]}<\/script>\n<!-- \/ Yoast SEO plugin. -->","yoast_head_json":{"title":"Programmeerimine - \/ &Otilde;pimapp \/ Portfoolio","robots":{"index":"index","follow":"follow","max-snippet":"max-snippet:-1","max-image-preview":"max-image-preview:large","max-video-preview":"max-video-preview:-1"},"canonical":"https:\/\/andreitupits23.thkit.ee\/WP\/programmeerimine\/","og_locale":"en_GB","og_type":"article","og_title":"Programmeerimine - \/ &Otilde;pimapp \/ Portfoolio","og_description":"Programmeerimine&nbsp;on&nbsp;arvutiprogrammide&nbsp;l\u00e4htekoodi&nbsp;kirjutamise, testimise, silumise ja haldamise tegevuste jada. L\u00e4htekood kirjutatakse kasutades&nbsp;programmeerimiskeeli. Programmeerimine on&nbsp;tarkvaraarenduse&nbsp;oluline osa, moodustades sellest:","og_url":"https:\/\/andreitupits23.thkit.ee\/WP\/programmeerimine\/","og_site_name":"\/ &Otilde;pimapp \/ Portfoolio","article_modified_time":"2024-03-28T13:46:13+00:00","og_image":[{"url":"https:\/\/andreitupits23.thkit.ee\/WP\/wp-content\/uploads\/2024\/03\/image-1.png","type":"","width":"","height":""}],"twitter_card":"summary_large_image","twitter_misc":{"Estimated reading time":"1 minute"},"schema":{"@context":"https:\/\/schema.org","@graph":[{"@type":"WebPage","@id":"https:\/\/andreitupits23.thkit.ee\/WP\/programmeerimine\/","url":"https:\/\/andreitupits23.thkit.ee\/WP\/programmeerimine\/","name":"Programmeerimine - \/ &Otilde;pimapp \/ Portfoolio","isPartOf":{"@id":"https:\/\/andreitupits23.thkit.ee\/WP\/#website"},"primaryImageOfPage":{"@id":"https:\/\/andreitupits23.thkit.ee\/WP\/programmeerimine\/#primaryimage"},"image":{"@id":"https:\/\/andreitupits23.thkit.ee\/WP\/programmeerimine\/#primaryimage"},"thumbnailUrl":"https:\/\/andreitupits23.thkit.ee\/WP\/wp-content\/uploads\/2024\/03\/image-1.png","datePublished":"2022-08-30T09:18:52+00:00","dateModified":"2024-03-28T13:46:13+00:00","breadcrumb":{"@id":"https:\/\/andreitupits23.thkit.ee\/WP\/programmeerimine\/#breadcrumb"},"inLanguage":"en-GB","potentialAction":[{"@type":"ReadAction","target":["https:\/\/andreitupits23.thkit.ee\/WP\/programmeerimine\/"]}]},{"@type":"ImageObject","inLanguage":"en-GB","@id":"https:\/\/andreitupits23.thkit.ee\/WP\/programmeerimine\/#primaryimage","url":"https:\/\/andreitupits23.thkit.ee\/WP\/wp-content\/uploads\/2024\/03\/image-1.png","contentUrl":"https:\/\/andreitupits23.thkit.ee\/WP\/wp-content\/uploads\/2024\/03\/image-1.png","width":746,"height":269},{"@type":"BreadcrumbList","@id":"https:\/\/andreitupits23.thkit.ee\/WP\/programmeerimine\/#breadcrumb","itemListElement":[{"@type":"ListItem","position":1,"name":"Home","item":"https:\/\/andreitupits23.thkit.ee\/WP\/"},{"@type":"ListItem","position":2,"name":"Programmeerimine"}]},{"@type":"WebSite","@id":"https:\/\/andreitupits23.thkit.ee\/WP\/#website","url":"https:\/\/andreitupits23.thkit.ee\/WP\/","name":"\/ &Otilde;pimapp \/ Portfoolio","description":"Welcome to my WP page.","publisher":{"@id":"https:\/\/andreitupits23.thkit.ee\/WP\/#organization"},"potentialAction":[{"@type":"SearchAction","target":{"@type":"EntryPoint","urlTemplate":"https:\/\/andreitupits23.thkit.ee\/WP\/?s={search_term_string}"},"query-input":{"@type":"PropertyValueSpecification","valueRequired":true,"valueName":"search_term_string"}}],"inLanguage":"en-GB"},{"@type":"Organization","@id":"https:\/\/andreitupits23.thkit.ee\/WP\/#organization","name":"\/ &Otilde;pimapp \/ Portfoolio","url":"https:\/\/andreitupits23.thkit.ee\/WP\/","logo":{"@type":"ImageObject","inLanguage":"en-GB","@id":"https:\/\/andreitupits23.thkit.ee\/WP\/#\/schema\/logo\/image\/","url":"https:\/\/andreitupits23.thkit.ee\/WP\/wp-content\/uploads\/2024\/03\/cropped-logo.png","contentUrl":"https:\/\/andreitupits23.thkit.ee\/WP\/wp-content\/uploads\/2024\/03\/cropped-logo.png","width":240,"height":240,"caption":"\/ &Otilde;pimapp \/ Portfoolio"},"image":{"@id":"https:\/\/andreitupits23.thkit.ee\/WP\/#\/schema\/logo\/image\/"}}]}},"_links":{"self":[{"href":"https:\/\/andreitupits23.thkit.ee\/WP\/wp-json\/wp\/v2\/pages\/24","targetHints":{"allow":["GET"]}}],"collection":[{"href":"https:\/\/andreitupits23.thkit.ee\/WP\/wp-json\/wp\/v2\/pages"}],"about":[{"href":"https:\/\/andreitupits23.thkit.ee\/WP\/wp-json\/wp\/v2\/types\/page"}],"author":[{"embeddable":true,"href":"https:\/\/andreitupits23.thkit.ee\/WP\/wp-json\/wp\/v2\/users\/1"}],"replies":[{"embeddable":true,"href":"https:\/\/andreitupits23.thkit.ee\/WP\/wp-json\/wp\/v2\/comments?post=24"}],"version-history":[{"count":2,"href":"https:\/\/andreitupits23.thkit.ee\/WP\/wp-json\/wp\/v2\/pages\/24\/revisions"}],"predecessor-version":[{"id":622,"href":"https:\/\/andreitupits23.thkit.ee\/WP\/wp-json\/wp\/v2\/pages\/24\/revisions\/622"}],"wp:attachment":[{"href":"https:\/\/andreitupits23.thkit.ee\/WP\/wp-json\/wp\/v2\/media?parent=24"}],"curies":[{"name":"wp","href":"https:\/\/api.w.org\/{rel}","templated":true}]}}