{"id":274,"date":"2022-11-08T22:25:25","date_gmt":"2022-11-08T20:25:25","guid":{"rendered":"https:\/\/portfooandreei.wordpress.com\/?page_id=274"},"modified":"2022-11-08T22:25:25","modified_gmt":"2022-11-08T20:25:25","slug":"tarkvaraarendus","status":"publish","type":"page","link":"https:\/\/andreitupits23.thkit.ee\/WP\/tarkvaraarendus\/","title":{"rendered":"Tarkvaraarendus"},"content":{"rendered":"\n<p>T<strong>arkvaraarendus<\/strong>&nbsp;(inglise&nbsp;<em>software development<\/em>) on&nbsp;<a href=\"https:\/\/et.wikipedia.org\/wiki\/Tarkvara\">tarkvara<\/a><a href=\"https:\/\/et.wikipedia.org\/wiki\/Loomeprotsess\">loomeprotsess<\/a>.<\/p>\n\n\n\n<p>\u00dcldjuhul peetakse tarkvaraarenduse all silmas tarkvara loomist inimr\u00fchma poolt ja kokkulepitud reeglite alusel. Informaalset tarkvara loomist \u00fcksikisiku poolt nimetatakse sageli lihtsalt&nbsp;<strong><a href=\"https:\/\/et.wikipedia.org\/wiki\/Programmeerimine\">programmeerimiseks<\/a><\/strong>&nbsp;(kuigi ka see v\u00f5ib sisaldada k\u00f5iki protsessi etappe).<\/p>\n\n\n\n<p><strong>Andmet\u00f6\u00f6tlus<\/strong>&nbsp;\u2013 \u043e\u0431\u0440\u0430\u0431\u043e\u0442\u043a\u0430 \u0434\u0430\u043d\u043d\u044b\u0445 \u2013 \u0440\u0430\u0431\u043e\u0442\u0430 \u0441 \u0434\u0430\u043d\u043d\u044b\u043c\u0438 \u043f\u0440\u0438 \u043f\u043e\u043c\u043e\u0449\u0438 \u043a\u043e\u043c\u043f\u044c\u044e\u0442\u0435\u0440\u0430 \u0438 \u043f\u0435\u0440\u0435\u0432\u043e\u0434 \u0434\u0430\u043d\u043d\u044b\u0445 \u0432 \u0444\u043e\u0440\u043c\u0443 \u043f\u043e\u043d\u044f\u0442\u043d\u0443\u044e \u043a\u043e\u043c\u043f\u044c\u044e\u0442\u0435\u0440\u0443.<br><strong>Andmet\u00f6\u00f6tluss\u00fcsteem<\/strong>&nbsp;\u2013 \u0441\u0438\u0441\u0442\u0435\u043c\u0430 \u043e\u0431\u0440\u0430\u0431\u043e\u0442\u043a\u0438 \u0434\u0430\u043d\u043d\u044b\u0445 \u2013 \u043f\u0435\u0440\u0441\u043e\u043d\u0430\u043b + \u043a\u043e\u043c\u043f\u044c\u044e\u0442\u0435\u0440 + \u041f\u041e \u2013 \u044d\u0442\u043e \u0441\u0438\u0441\u0442\u0435\u043c\u0430 \u043f\u043e \u043e\u0431\u0440\u0430\u0431\u043e\u0442\u043a\u0435 \u0432\u0445\u043e\u0434\u043d\u044b\u0445 \u0434\u0430\u043d\u043d\u044b\u0445 \u0440\u0430\u0437\u043b\u0438\u0447\u043d\u044b\u043c\u0438 \u043c\u0430\u0442\u0435\u043c\u0430\u0442\u0438\u0447\u0435\u0441\u043a\u0438\u043c\u0438 \u043e\u043f\u0435\u0440\u0430\u0446\u0438\u044f\u043c\u0438 \u0441 \u0446\u0435\u043b\u044c\u044e \u0441\u0434\u0435\u043b\u0430\u0442\u044c \u0438\u0437 \u043f\u043e\u043d\u044f\u0442\u043d\u044b\u043c\u0438 \u0434\u043b\u044f \u043a\u043e\u043c\u043f\u044c\u044e\u0442\u0435\u0440\u0430.<br><strong>Tarkvara \u2013 TA<\/strong>&nbsp;= \u041f\u0440\u043e\u0433\u0440\u0430\u043c\u043c\u043d\u043e\u0435 \u043e\u0431\u0435\u0441\u043f\u0435\u0447\u0435\u043d\u0438\u0435 \u2013 \u041f\u041e<br><strong>Riistvara \u2013 \u0416\u0435\u043b\u0435\u0437\u043e<\/strong>&nbsp;\u2013 \u0410\u043f\u043f\u0430\u0440\u0430\u0442\u043d\u043e\u0435 \u043e\u0431\u0435\u0441\u043f\u0435\u0447\u0435\u043d\u0438\u0435 \u043a\u043e\u043c\u043f\u044c\u044e\u0442\u0435\u0440\u0430<br><strong>Rakendustarkvara&nbsp;<\/strong>\u2013 \u041f\u0440\u0438\u043a\u043b\u0430\u0434\u043d\u043e\u0435 \u041f\u041e \u2013 \u043f\u0440\u0438\u043c\u0435\u0440 \u2013 kontoritarkvara, andmebaasid, multimeedia programmid, CAD-programmid, Arendusprogrammid jne.<br><strong>S\u00fcsteemne tarkvara<\/strong>&nbsp;\u2013 \u0421\u0438\u0441\u0442\u0435\u043c\u043d\u043e\u0435 \u041f\u041e \u2013 Operatsioonis\u00fcsteem, draiverid (nt videodriver), failihaldusprogrammid.<br><a href=\"https:\/\/eopearhiiv.edu.ee\/e-kursused\/eucip\/arendus\/terminite_kontroll1.html\" target=\"_blank\" rel=\"noreferrer noopener\">Kontrolli terminid<\/a><\/p>\n\n\n\n<h2 class=\"wp-block-heading\" id=\"ta-elutsukkel-\u0436\u0438\u0437\u043d\u0435\u043d\u043d\u044b\u0439-\u0446\u0438\u043a\u043b-\u043f\u043e\">TA Eluts\u00fckkel \u2013 \u0416\u0438\u0437\u043d\u0435\u043d\u043d\u044b\u0439 \u0446\u0438\u043a\u043b \u041f\u041e<\/h2>\n\n\n\n<p>\u043f\u0440\u043e\u0446\u0435\u0441\u0441, \u0432 \u0440\u0435\u0437\u0443\u043b\u044c\u0442\u0430\u0442\u0435 \u043a\u043e\u0442\u043e\u0440\u043e\u0433\u043e \u0441\u043e\u0437\u0434\u0430\u0435\u0442\u0441\u044f \u043d\u043e\u0432\u0430\u044f \u0438\u043b\u0438 \u0438\u0437\u043c\u0435\u043d\u044f\u0435\u0442\u0441\u044f \u0441\u0442\u0430\u0440\u0430\u044f \u0441\u0438\u0441\u0442\u0435\u043c\u0430 \u041f\u041e.<br><strong>\u0424\u0430\u0437\u044b \u0416\u0426\u0418:<\/strong><\/p>\n\n\n\n<ul class=\"wp-block-list\">\n<li><strong>Anal\u00fc\u00fcs &nbsp;<\/strong>\u2013 \u043f\u0435\u0440\u0432\u044b\u0439 \u044d\u0442\u0430\u043f \u043f\u0440\u0438 \u043b\u044e\u0431\u043e\u0439 \u0440\u0430\u0437\u0440\u0430\u0431\u043e\u0442\u043a\u0435, \u0431\u0435\u0437 \u043d\u0435\u0433\u043e \u043d\u0435\u0432\u043e\u0437\u043c\u043e\u0436\u043d\u043e \u043f\u0435\u0440\u0435\u0439\u0442\u0438 \u043d\u0430 \u0441\u043b\u0435\u0434 \u0444\u0430\u0437\u044b.<\/li>\n<\/ul>\n\n\n\n<ul class=\"wp-block-list\">\n<li><strong>Projekteerimine<\/strong>\/kavandamine \u2013 \u043f\u0440\u043e\u0435\u043a\u0442\u0438\u0440\u043e\u0432\u0430\u043d\u0438\u0435 \/ \u043f\u043b\u0430\u043d\u0438\u0440\u043e\u0432\u0430\u043d\u0438\u0435 \u2013 \u0431\u0443\u0434\u0443\u0449\u0435\u0435 \u041f\u041e \u0434\u043e\u043b\u0436\u043d\u043e \u0441\u043e\u043e\u0442\u0432\u0435\u0442\u0441\u0442\u0432\u043e\u0432\u0430\u0442\u044c \u0441\u0442\u0430\u043d\u0434\u0430\u0440\u0442\u0430\u043c IEEE<\/li>\n\n\n\n<li><strong>TEOSTUS&nbsp;<\/strong>\/ \u0440\u0435\u0430\u043b\u0438\u0437\u0430\u0446\u0438\u044f \u2013 \u0441\u043e\u0437\u0434\u0430\u043d\u0438\u0435 \u041f\u041e + \u043f\u0440\u043e\u0432\u0435\u0440\u043a\u0430 * \u0432\u0430\u043b\u0438\u0434\u0438\u0440\u043e\u0432\u0430\u043d\u0438\u0435 -\u043f\u0440\u043e\u0432\u0435\u0440\u043a\u0430 \u0434\u043e\u0441\u0442\u043e\u0432\u0435\u0440\u043d\u043e\u0441\u0442\u0438 \u043f\u0435\u0440\u0432\u043e\u043d\u0430\u0447\u0430\u043b\u044c\u043d\u044b\u043c \u0442\u0440\u0435\u0431\u043e\u0432\u0430\u043d\u0438\u044f\u043c.<\/li>\n\n\n\n<li><strong>Hooldus&nbsp;<\/strong>\/ \u0441\u043e\u043f\u0440\u043e\u0432\u043e\u0436\u0434\u0435\u043d\u0438\u0435 \u2013 \u043f\u043e\u0441\u043b\u0435 \u043f\u0440\u0435\u0434\u0430\u0447\u0438 \u041f\u041e \u043a\u043b\u0438\u0435\u043d\u0442\u0443<\/li>\n<\/ul>\n\n\n\n<p class=\"has-primary-color has-text-color\">Tarkvara arendusprotsess koosneb erinevatest alamprotsessidest, etappidest, mudelitest. Tabel n\u00e4itab meile m\u00f5nda neist.<\/p>\n\n\n\n<figure class=\"wp-block-table\"><table><thead><tr><th>Protsessi sammud<\/th><th>Mudelid<\/th><\/tr><\/thead><tbody><tr><td>Programmeerimise paradigma<\/td><td>Kaskaadimudel(Waterfall Model)<\/td><\/tr><tr><td>\u00c4ri modelleerimine<\/td><td>Paindlik meetod(Agile)<\/td><\/tr><tr><td>N\u00f5uete anal\u00fc\u00fcs<\/td><td>V-Mudel(V-Model)<\/td><\/tr><tr><td>Planeerimine<\/td><td>Inkrementaalne Mudel(Incremental model)<\/td><\/tr><tr><td>Arhitektuuri arendamine<\/td><td>Rakenduste kiire arendamine(RAD Model)<\/td><\/tr><tr><td>Kodeerimine<\/td><td>Iteratiivne Mudel(Iterative Model)<\/td><\/tr><tr><td>Testimine ja silumine<\/td><td>Spiraalne Mudel(Spiral Model)<\/td><\/tr><tr><td>Dokumenteerimine\/Rakendamine\/Saatja<\/td><td>Protot\u00fc\u00fcpimine(Prototyping)<\/td><\/tr><\/tbody><\/table><\/figure>\n\n\n\n<p><\/p>\n","protected":false},"excerpt":{"rendered":"<p>Tarkvaraarendus&nbsp;(inglise&nbsp;software development) on&nbsp;tarkvaraloomeprotsess. \u00dcldjuhul peetakse tarkvaraarenduse all silmas tarkvara loomist inimr\u00fchma poolt ja kokkulepitud reeglite alusel. Informaalset tarkvara loomist \u00fcksikisiku poolt nimetatakse sageli lihtsalt&nbsp;programmeerimiseks&nbsp;(kuigi ka see v\u00f5ib sisaldada k\u00f5iki protsessi etappe). Andmet\u00f6\u00f6tlus&nbsp;\u2013 \u043e\u0431\u0440\u0430\u0431\u043e\u0442\u043a\u0430 \u0434\u0430\u043d\u043d\u044b\u0445 \u2013 \u0440\u0430\u0431\u043e\u0442\u0430 \u0441 \u0434\u0430\u043d\u043d\u044b\u043c\u0438 \u043f\u0440\u0438 \u043f\u043e\u043c\u043e\u0449\u0438 \u043a\u043e\u043c\u043f\u044c\u044e\u0442\u0435\u0440\u0430 \u0438 \u043f\u0435\u0440\u0435\u0432\u043e\u0434 \u0434\u0430\u043d\u043d\u044b\u0445 \u0432 \u0444\u043e\u0440\u043c\u0443 \u043f\u043e\u043d\u044f\u0442\u043d\u0443\u044e \u043a\u043e\u043c\u043f\u044c\u044e\u0442\u0435\u0440\u0443.Andmet\u00f6\u00f6tluss\u00fcsteem&nbsp;\u2013 \u0441\u0438\u0441\u0442\u0435\u043c\u0430 \u043e\u0431\u0440\u0430\u0431\u043e\u0442\u043a\u0438 \u0434\u0430\u043d\u043d\u044b\u0445 \u2013 \u043f\u0435\u0440\u0441\u043e\u043d\u0430\u043b + \u043a\u043e\u043c\u043f\u044c\u044e\u0442\u0435\u0440<a class=\"more-link\" href=\"https:\/\/andreitupits23.thkit.ee\/WP\/tarkvaraarendus\/\">Continue reading <span class=\"screen-reader-text\">&#8220;Tarkvaraarendus&#8221;<\/span><\/a><\/p>\n","protected":false},"author":1,"featured_media":0,"parent":0,"menu_order":0,"comment_status":"closed","ping_status":"closed","template":"","meta":{"footnotes":""},"class_list":["post-274","page","type-page","status-publish","hentry","entry"],"yoast_head":"<!-- This site is optimized with the Yoast SEO plugin v27.4 - https:\/\/yoast.com\/product\/yoast-seo-wordpress\/ -->\n<title>Tarkvaraarendus - \/ &Otilde;pimapp \/ Portfoolio<\/title>\n<meta name=\"robots\" content=\"index, follow, max-snippet:-1, max-image-preview:large, max-video-preview:-1\" \/>\n<link rel=\"canonical\" href=\"https:\/\/andreitupits23.thkit.ee\/WP\/tarkvaraarendus\/\" \/>\n<meta property=\"og:locale\" content=\"en_GB\" \/>\n<meta property=\"og:type\" content=\"article\" \/>\n<meta property=\"og:title\" content=\"Tarkvaraarendus - \/ &Otilde;pimapp \/ Portfoolio\" \/>\n<meta property=\"og:description\" content=\"Tarkvaraarendus&nbsp;(inglise&nbsp;software development) on&nbsp;tarkvaraloomeprotsess. \u00dcldjuhul peetakse tarkvaraarenduse all silmas tarkvara loomist inimr\u00fchma poolt ja kokkulepitud reeglite alusel. Informaalset tarkvara loomist \u00fcksikisiku poolt nimetatakse sageli lihtsalt&nbsp;programmeerimiseks&nbsp;(kuigi ka see v\u00f5ib sisaldada k\u00f5iki protsessi etappe). Andmet\u00f6\u00f6tlus&nbsp;\u2013 \u043e\u0431\u0440\u0430\u0431\u043e\u0442\u043a\u0430 \u0434\u0430\u043d\u043d\u044b\u0445 \u2013 \u0440\u0430\u0431\u043e\u0442\u0430 \u0441 \u0434\u0430\u043d\u043d\u044b\u043c\u0438 \u043f\u0440\u0438 \u043f\u043e\u043c\u043e\u0449\u0438 \u043a\u043e\u043c\u043f\u044c\u044e\u0442\u0435\u0440\u0430 \u0438 \u043f\u0435\u0440\u0435\u0432\u043e\u0434 \u0434\u0430\u043d\u043d\u044b\u0445 \u0432 \u0444\u043e\u0440\u043c\u0443 \u043f\u043e\u043d\u044f\u0442\u043d\u0443\u044e \u043a\u043e\u043c\u043f\u044c\u044e\u0442\u0435\u0440\u0443.Andmet\u00f6\u00f6tluss\u00fcsteem&nbsp;\u2013 \u0441\u0438\u0441\u0442\u0435\u043c\u0430 \u043e\u0431\u0440\u0430\u0431\u043e\u0442\u043a\u0438 \u0434\u0430\u043d\u043d\u044b\u0445 \u2013 \u043f\u0435\u0440\u0441\u043e\u043d\u0430\u043b + \u043a\u043e\u043c\u043f\u044c\u044e\u0442\u0435\u0440Continue reading &quot;Tarkvaraarendus&quot;\" \/>\n<meta property=\"og:url\" content=\"https:\/\/andreitupits23.thkit.ee\/WP\/tarkvaraarendus\/\" \/>\n<meta property=\"og:site_name\" content=\"\/ &Otilde;pimapp \/ Portfoolio\" \/>\n<meta name=\"twitter:card\" content=\"summary_large_image\" \/>\n<meta name=\"twitter:label1\" content=\"Estimated reading time\" \/>\n\t<meta name=\"twitter:data1\" content=\"1 minute\" \/>\n<script type=\"application\/ld+json\" class=\"yoast-schema-graph\">{\"@context\":\"https:\\\/\\\/schema.org\",\"@graph\":[{\"@type\":\"WebPage\",\"@id\":\"https:\\\/\\\/andreitupits23.thkit.ee\\\/WP\\\/tarkvaraarendus\\\/\",\"url\":\"https:\\\/\\\/andreitupits23.thkit.ee\\\/WP\\\/tarkvaraarendus\\\/\",\"name\":\"Tarkvaraarendus - \\\/ &Otilde;pimapp \\\/ Portfoolio\",\"isPartOf\":{\"@id\":\"https:\\\/\\\/andreitupits23.thkit.ee\\\/WP\\\/#website\"},\"datePublished\":\"2022-11-08T20:25:25+00:00\",\"breadcrumb\":{\"@id\":\"https:\\\/\\\/andreitupits23.thkit.ee\\\/WP\\\/tarkvaraarendus\\\/#breadcrumb\"},\"inLanguage\":\"en-GB\",\"potentialAction\":[{\"@type\":\"ReadAction\",\"target\":[\"https:\\\/\\\/andreitupits23.thkit.ee\\\/WP\\\/tarkvaraarendus\\\/\"]}]},{\"@type\":\"BreadcrumbList\",\"@id\":\"https:\\\/\\\/andreitupits23.thkit.ee\\\/WP\\\/tarkvaraarendus\\\/#breadcrumb\",\"itemListElement\":[{\"@type\":\"ListItem\",\"position\":1,\"name\":\"Home\",\"item\":\"https:\\\/\\\/andreitupits23.thkit.ee\\\/WP\\\/\"},{\"@type\":\"ListItem\",\"position\":2,\"name\":\"Tarkvaraarendus\"}]},{\"@type\":\"WebSite\",\"@id\":\"https:\\\/\\\/andreitupits23.thkit.ee\\\/WP\\\/#website\",\"url\":\"https:\\\/\\\/andreitupits23.thkit.ee\\\/WP\\\/\",\"name\":\"\\\/ &Otilde;pimapp \\\/ Portfoolio\",\"description\":\"Welcome to my WP page.\",\"publisher\":{\"@id\":\"https:\\\/\\\/andreitupits23.thkit.ee\\\/WP\\\/#organization\"},\"potentialAction\":[{\"@type\":\"SearchAction\",\"target\":{\"@type\":\"EntryPoint\",\"urlTemplate\":\"https:\\\/\\\/andreitupits23.thkit.ee\\\/WP\\\/?s={search_term_string}\"},\"query-input\":{\"@type\":\"PropertyValueSpecification\",\"valueRequired\":true,\"valueName\":\"search_term_string\"}}],\"inLanguage\":\"en-GB\"},{\"@type\":\"Organization\",\"@id\":\"https:\\\/\\\/andreitupits23.thkit.ee\\\/WP\\\/#organization\",\"name\":\"\\\/ &Otilde;pimapp \\\/ Portfoolio\",\"url\":\"https:\\\/\\\/andreitupits23.thkit.ee\\\/WP\\\/\",\"logo\":{\"@type\":\"ImageObject\",\"inLanguage\":\"en-GB\",\"@id\":\"https:\\\/\\\/andreitupits23.thkit.ee\\\/WP\\\/#\\\/schema\\\/logo\\\/image\\\/\",\"url\":\"https:\\\/\\\/andreitupits23.thkit.ee\\\/WP\\\/wp-content\\\/uploads\\\/2024\\\/03\\\/cropped-logo.png\",\"contentUrl\":\"https:\\\/\\\/andreitupits23.thkit.ee\\\/WP\\\/wp-content\\\/uploads\\\/2024\\\/03\\\/cropped-logo.png\",\"width\":240,\"height\":240,\"caption\":\"\\\/ &Otilde;pimapp \\\/ Portfoolio\"},\"image\":{\"@id\":\"https:\\\/\\\/andreitupits23.thkit.ee\\\/WP\\\/#\\\/schema\\\/logo\\\/image\\\/\"}}]}<\/script>\n<!-- \/ Yoast SEO plugin. -->","yoast_head_json":{"title":"Tarkvaraarendus - \/ &Otilde;pimapp \/ Portfoolio","robots":{"index":"index","follow":"follow","max-snippet":"max-snippet:-1","max-image-preview":"max-image-preview:large","max-video-preview":"max-video-preview:-1"},"canonical":"https:\/\/andreitupits23.thkit.ee\/WP\/tarkvaraarendus\/","og_locale":"en_GB","og_type":"article","og_title":"Tarkvaraarendus - \/ &Otilde;pimapp \/ Portfoolio","og_description":"Tarkvaraarendus&nbsp;(inglise&nbsp;software development) on&nbsp;tarkvaraloomeprotsess. \u00dcldjuhul peetakse tarkvaraarenduse all silmas tarkvara loomist inimr\u00fchma poolt ja kokkulepitud reeglite alusel. Informaalset tarkvara loomist \u00fcksikisiku poolt nimetatakse sageli lihtsalt&nbsp;programmeerimiseks&nbsp;(kuigi ka see v\u00f5ib sisaldada k\u00f5iki protsessi etappe). Andmet\u00f6\u00f6tlus&nbsp;\u2013 \u043e\u0431\u0440\u0430\u0431\u043e\u0442\u043a\u0430 \u0434\u0430\u043d\u043d\u044b\u0445 \u2013 \u0440\u0430\u0431\u043e\u0442\u0430 \u0441 \u0434\u0430\u043d\u043d\u044b\u043c\u0438 \u043f\u0440\u0438 \u043f\u043e\u043c\u043e\u0449\u0438 \u043a\u043e\u043c\u043f\u044c\u044e\u0442\u0435\u0440\u0430 \u0438 \u043f\u0435\u0440\u0435\u0432\u043e\u0434 \u0434\u0430\u043d\u043d\u044b\u0445 \u0432 \u0444\u043e\u0440\u043c\u0443 \u043f\u043e\u043d\u044f\u0442\u043d\u0443\u044e \u043a\u043e\u043c\u043f\u044c\u044e\u0442\u0435\u0440\u0443.Andmet\u00f6\u00f6tluss\u00fcsteem&nbsp;\u2013 \u0441\u0438\u0441\u0442\u0435\u043c\u0430 \u043e\u0431\u0440\u0430\u0431\u043e\u0442\u043a\u0438 \u0434\u0430\u043d\u043d\u044b\u0445 \u2013 \u043f\u0435\u0440\u0441\u043e\u043d\u0430\u043b + \u043a\u043e\u043c\u043f\u044c\u044e\u0442\u0435\u0440Continue reading \"Tarkvaraarendus\"","og_url":"https:\/\/andreitupits23.thkit.ee\/WP\/tarkvaraarendus\/","og_site_name":"\/ &Otilde;pimapp \/ Portfoolio","twitter_card":"summary_large_image","twitter_misc":{"Estimated reading time":"1 minute"},"schema":{"@context":"https:\/\/schema.org","@graph":[{"@type":"WebPage","@id":"https:\/\/andreitupits23.thkit.ee\/WP\/tarkvaraarendus\/","url":"https:\/\/andreitupits23.thkit.ee\/WP\/tarkvaraarendus\/","name":"Tarkvaraarendus - \/ &Otilde;pimapp \/ Portfoolio","isPartOf":{"@id":"https:\/\/andreitupits23.thkit.ee\/WP\/#website"},"datePublished":"2022-11-08T20:25:25+00:00","breadcrumb":{"@id":"https:\/\/andreitupits23.thkit.ee\/WP\/tarkvaraarendus\/#breadcrumb"},"inLanguage":"en-GB","potentialAction":[{"@type":"ReadAction","target":["https:\/\/andreitupits23.thkit.ee\/WP\/tarkvaraarendus\/"]}]},{"@type":"BreadcrumbList","@id":"https:\/\/andreitupits23.thkit.ee\/WP\/tarkvaraarendus\/#breadcrumb","itemListElement":[{"@type":"ListItem","position":1,"name":"Home","item":"https:\/\/andreitupits23.thkit.ee\/WP\/"},{"@type":"ListItem","position":2,"name":"Tarkvaraarendus"}]},{"@type":"WebSite","@id":"https:\/\/andreitupits23.thkit.ee\/WP\/#website","url":"https:\/\/andreitupits23.thkit.ee\/WP\/","name":"\/ &Otilde;pimapp \/ Portfoolio","description":"Welcome to my WP page.","publisher":{"@id":"https:\/\/andreitupits23.thkit.ee\/WP\/#organization"},"potentialAction":[{"@type":"SearchAction","target":{"@type":"EntryPoint","urlTemplate":"https:\/\/andreitupits23.thkit.ee\/WP\/?s={search_term_string}"},"query-input":{"@type":"PropertyValueSpecification","valueRequired":true,"valueName":"search_term_string"}}],"inLanguage":"en-GB"},{"@type":"Organization","@id":"https:\/\/andreitupits23.thkit.ee\/WP\/#organization","name":"\/ &Otilde;pimapp \/ Portfoolio","url":"https:\/\/andreitupits23.thkit.ee\/WP\/","logo":{"@type":"ImageObject","inLanguage":"en-GB","@id":"https:\/\/andreitupits23.thkit.ee\/WP\/#\/schema\/logo\/image\/","url":"https:\/\/andreitupits23.thkit.ee\/WP\/wp-content\/uploads\/2024\/03\/cropped-logo.png","contentUrl":"https:\/\/andreitupits23.thkit.ee\/WP\/wp-content\/uploads\/2024\/03\/cropped-logo.png","width":240,"height":240,"caption":"\/ &Otilde;pimapp \/ Portfoolio"},"image":{"@id":"https:\/\/andreitupits23.thkit.ee\/WP\/#\/schema\/logo\/image\/"}}]}},"_links":{"self":[{"href":"https:\/\/andreitupits23.thkit.ee\/WP\/wp-json\/wp\/v2\/pages\/274","targetHints":{"allow":["GET"]}}],"collection":[{"href":"https:\/\/andreitupits23.thkit.ee\/WP\/wp-json\/wp\/v2\/pages"}],"about":[{"href":"https:\/\/andreitupits23.thkit.ee\/WP\/wp-json\/wp\/v2\/types\/page"}],"author":[{"embeddable":true,"href":"https:\/\/andreitupits23.thkit.ee\/WP\/wp-json\/wp\/v2\/users\/1"}],"replies":[{"embeddable":true,"href":"https:\/\/andreitupits23.thkit.ee\/WP\/wp-json\/wp\/v2\/comments?post=274"}],"version-history":[{"count":0,"href":"https:\/\/andreitupits23.thkit.ee\/WP\/wp-json\/wp\/v2\/pages\/274\/revisions"}],"wp:attachment":[{"href":"https:\/\/andreitupits23.thkit.ee\/WP\/wp-json\/wp\/v2\/media?parent=274"}],"curies":[{"name":"wp","href":"https:\/\/api.w.org\/{rel}","templated":true}]}}