{"id":747,"date":"2024-04-19T13:36:03","date_gmt":"2024-04-19T13:36:03","guid":{"rendered":"https:\/\/andreitupits23.thkit.ee\/WP\/?page_id=747"},"modified":"2024-05-16T06:37:31","modified_gmt":"2024-05-16T06:37:31","slug":"ulesanne-1","status":"publish","type":"page","link":"https:\/\/andreitupits23.thkit.ee\/WP\/ulesanne-1\/","title":{"rendered":"\u00dclesanne 1"},"content":{"rendered":"\n<p>Valgusfoor<\/p>\n\n\n\n<div class=\"wp-block-group alignfull has-background-background-color has-background\" style=\"margin-top:0;margin-bottom:0;padding-top:var(--wp--preset--spacing--60);padding-right:var(--wp--preset--spacing--30);padding-bottom:var(--wp--preset--spacing--60);padding-left:var(--wp--preset--spacing--30)\"><div class=\"wp-block-group__inner-container is-layout-constrained wp-container-core-group-is-layout-392eb801 wp-block-group-is-layout-constrained\">\n<p><mark style=\"background-color:rgba(0, 0, 0, 0);color:#803c3c\" class=\"has-inline-color\"><strong>T\u00f6\u00f6kirjeldus<\/strong><\/mark><\/p>\n\n\n\n<p>Tava valgudfoor autodele ning jalak\u00e4ijale. T\u00f6\u00f6tab kahes re\u017eiimis p\u00e4ev -day() ja \u00f6\u00f6-night()<\/p>\n\n\n\n<div class=\"wp-block-group\"><div class=\"wp-block-group__inner-container is-layout-constrained wp-block-group-is-layout-constrained\">\n<div class=\"wp-block-group is-nowrap is-layout-flex wp-container-core-group-is-layout-ad2f72ca wp-block-group-is-layout-flex\">\n<p class=\"has-text-align-left\">P\u00e4eval autodele t\u00f6\u00f6tab tavare\u017eiimis (Punane; punane + kollane; roheline (vilkub 6 korda)<\/p>\n\n\n\n<p class=\"has-text-align-left\">\u00d6\u00f6sel autodele t\u00f6\u00f6tab tavare\u017eiimis (Kollane vilkub)<\/p>\n<\/div>\n<\/div><\/div>\n\n\n\n<div class=\"wp-block-group is-nowrap is-layout-flex wp-container-core-group-is-layout-ad2f72ca wp-block-group-is-layout-flex\">\n<p>P\u00e4eval jalak\u00e4ijale t\u00f6\u00f6tab tavare\u017eiimis  (Punane kui autodele on roheline ning vastupidi)<\/p>\n\n\n\n<p>\u00d6\u00f6sel jalak\u00e4ijale ei t\u00f6\u00f6ta\/p\u00f5le<\/p>\n<\/div>\n\n\n\n<p><\/p>\n\n\n\n<p><mark style=\"background-color:rgba(0, 0, 0, 0);color:#803c3c\" class=\"has-inline-color\"><strong>Kasutatud komponenid<\/strong><\/mark><br>Arduino UNO plaat (1tk)<br>Arendusplaat (1tk)<br>Juhtmed (6tk)<br>Takisti (6tk, 220kOm)<br>LED (5tk: 2 punane, 2 roheline, 1 kollane)<\/p>\n\n\n\n<p><mark style=\"background-color:rgba(0, 0, 0, 0);color:#863737\" class=\"has-inline-color\"><strong>Kasutamine<\/strong><\/mark><\/p>\n\n\n\n<p>Kasutatakse valgusfoorina (sama pritsiipi j\u00e4rgi t\u00f6\u00f6tavad reaalsed valgusfoorid t\u00e4navatel.<\/p>\n\n\n\n<p><\/p>\n\n\n\n<p><strong><mark style=\"background-color:rgba(0, 0, 0, 0);color:#a23636\" class=\"has-inline-color\">Kood<\/mark><\/strong><\/p>\n\n\n\n<pre class=\"wp-block-code\"><code>int red = 6;\nint yellow = 5;\nint green = 4;\n\nint ped_red = 3;\nint ped_green = 2;\n\nboolean led_on = HIGH;\n  \nvoid setup()\n{\n  pinMode(red, OUTPUT);\n  pinMode(yellow, OUTPUT);\n  pinMode(green, OUTPUT);\n  \n  pinMode(ped_red, OUTPUT);\n  pinMode(ped_green, OUTPUT);\n  \n}\n\nvoid loop()\n{\n day();\n night();\n}\n\nvoid day()\n{\n  digitalWrite(red, HIGH);\n  digitalWrite(ped_green, HIGH);\n  delay(2000);\n  \n  digitalWrite(yellow, HIGH);\n  digitalWrite(ped_green, LOW);\n  digitalWrite(ped_red, HIGH);\n  delay(1000);\n  \n  digitalWrite(yellow, LOW);\n  digitalWrite(red, LOW);\n  digitalWrite(green, HIGH);\n  digitalWrite(ped_green, LOW);\n  delay(1000);\n  \n  for (int i=0; i&lt;6; i++)\n  {\n    led_on = !led_on;\n    digitalWrite(green, led_on);\n    digitalWrite(ped_red, led_on);\n    digitalWrite(yellow, led_on);\n  }\n  digitalWrite(green, LOW);\n}\n\nvoid night()\n{\n  for (int i=0; i&lt;12; i++)\n  {\n  digitalWrite(green, LOW);\n  digitalWrite(red, LOW);  \n  digitalWrite(yellow, HIGH);\n  digitalWrite(ped_green, LOW);\n  digitalWrite(ped_red, LOW);\n  led_on = !led_on;\n  digitalWrite(yellow, led_on);\n  delay(500);\n  }\n}<\/code><\/pre>\n<\/div><\/div>\n\n\n\n<p><strong><mark style=\"background-color:rgba(0, 0, 0, 0);color:#b63434\" class=\"has-inline-color\">Selgitused koodi peale<\/mark><\/strong><\/p>\n\n\n\n<p>int red = 6;<br>int yellow = 5;<br>int green = 4;<strong>\/\/ muutujad nimetatud porti j\u00e4rgi (autodele)<\/strong><\/p>\n\n\n\n<p>int ped_red = 3;<br>int ped_green = 2; <strong>\/\/ muutujad nimetatud porti j\u00e4rgi (jalak\u00e4ijatele)<\/strong><\/p>\n\n\n\n<p>boolean led_on = HIGH; \/\/ <strong>muutuja, kasutatakse koodi l\u00fchendamiseks, omab 2 positisooni kas &#8220;0&#8221; &#8211; LOW, v\u00f5i &#8220;1&#8221; -HIGH<\/strong><\/p>\n\n\n\n<p>void setup() <strong>\/\/ saab kaks v\u00e4\u00e4rtust, mille edastame talle sulgudes kohe p\u00e4rast funktsiooni nime. Esimene on number-pordi number, teine on s\u00f5na INPUT(sisend) v\u00f5i OUTPUT (v\u00e4ljund). <\/strong><br>{<br>  pinMode(red, OUTPUT);<br>  pinMode(yellow, OUTPUT);<br>  pinMode(green, OUTPUT);<br>  <br>  pinMode(ped_red, OUTPUT);<br>  pinMode(ped_green, OUTPUT);<br>  <br>}<\/p>\n\n\n\n<p>void loop() <strong>\/\/ l\u00f5pmatu funktsioon nii day() kui ka night() peale<\/strong>, <strong>t\u00f6\u00f6tavad j\u00e4rjest<\/strong><br>{<br> day();<br> night();<br>}<\/p>\n\n\n\n<p>void day() \/\/<strong> p\u00e4evane funktsioon<\/strong>, <strong>delay() \u2013 ootus (sekundites)<\/strong><br>{<br>  digitalWrite(red, HIGH);<br>  digitalWrite(ped_green, HIGH);<br>  delay(2000);<br>  <br>  digitalWrite(yellow, HIGH);<br>  digitalWrite(ped_green, LOW);<br>  digitalWrite(ped_red, HIGH);<br>  delay(1000);<br>  <br>  digitalWrite(yellow, LOW);<br>  digitalWrite(red, LOW);<br>  digitalWrite(green, HIGH);<br>  digitalWrite(ped_green, LOW);<br>  delay(1000);<br>  <br>  for (int i=0; i&lt;6; i++) <strong>\/\/ for ts\u00fckkel v\u00f5imaldab l\u00fchendada koodi. <\/strong><br>  {<br>    led_on = !led_on;<strong> \/\/ siin kasutatakse boolean v\u00e4\u00e4rtus ehk siis 1 muutub 0-ks<\/strong> <strong>ts\u00fckli l\u00e4bimisel<\/strong>. <strong>6 korda ning seej\u00e4rel &#8220;for&#8221; l\u00f5ppeb.<\/strong><br>    digitalWrite(green, led_on);<br>    digitalWrite(ped_red, led_on);<br>    digitalWrite(yellow, led_on);<br>  }<br>  digitalWrite(green, LOW);<br>}<\/p>\n\n\n\n<p><mark style=\"background-color:rgba(0, 0, 0, 0);color:#ac4040\" class=\"has-inline-color\"><strong>Link<\/strong><\/mark><\/p>\n\n\n\n<figure class=\"wp-block-embed is-type-video is-provider-youtube wp-block-embed-youtube wp-embed-aspect-16-9 wp-has-aspect-ratio\"><div class=\"wp-block-embed__wrapper\">\n<iframe loading=\"lazy\" title=\"Valgusfoor#1\" width=\"620\" height=\"349\" src=\"https:\/\/www.youtube.com\/embed\/g0vAKV0b0ds?feature=oembed\" frameborder=\"0\" allow=\"accelerometer; autoplay; clipboard-write; encrypted-media; gyroscope; picture-in-picture; web-share\" referrerpolicy=\"strict-origin-when-cross-origin\" allowfullscreen><\/iframe>\n<\/div><\/figure>\n\n\n\n<p><mark style=\"background-color:rgba(0, 0, 0, 0);color:#c84242\" class=\"has-inline-color\"><strong>Konstruktsioon Tinkercad<\/strong><\/mark><\/p>\n\n\n\n<figure class=\"wp-block-image size-large\"><img loading=\"lazy\" decoding=\"async\" width=\"1024\" height=\"829\" src=\"https:\/\/andreitupits23.thkit.ee\/WP\/wp-content\/uploads\/2024\/04\/image-8-1024x829.png\" alt=\"\" class=\"wp-image-748\" srcset=\"https:\/\/andreitupits23.thkit.ee\/WP\/wp-content\/uploads\/2024\/04\/image-8-1024x829.png 1024w, https:\/\/andreitupits23.thkit.ee\/WP\/wp-content\/uploads\/2024\/04\/image-8-300x243.png 300w, https:\/\/andreitupits23.thkit.ee\/WP\/wp-content\/uploads\/2024\/04\/image-8-768x622.png 768w, https:\/\/andreitupits23.thkit.ee\/WP\/wp-content\/uploads\/2024\/04\/image-8-750x607.png 750w, https:\/\/andreitupits23.thkit.ee\/WP\/wp-content\/uploads\/2024\/04\/image-8.png 1046w\" sizes=\"auto, (max-width: 1024px) 100vw, 1024px\" \/><\/figure>\n\n\n\n<p><\/p>\n\n\n\n<p><\/p>\n","protected":false},"excerpt":{"rendered":"<p>Valgusfoor T\u00f6\u00f6kirjeldus Tava valgudfoor autodele ning jalak\u00e4ijale. T\u00f6\u00f6tab kahes re\u017eiimis p\u00e4ev -day() ja \u00f6\u00f6-night() P\u00e4eval autodele t\u00f6\u00f6tab tavare\u017eiimis (Punane; punane + kollane; roheline (vilkub 6 korda) \u00d6\u00f6sel autodele t\u00f6\u00f6tab tavare\u017eiimis (Kollane vilkub) P\u00e4eval jalak\u00e4ijale t\u00f6\u00f6tab tavare\u017eiimis (Punane kui autodele on roheline ning vastupidi) \u00d6\u00f6sel jalak\u00e4ijale ei t\u00f6\u00f6ta\/p\u00f5le Kasutatud komponenidArduino UNO plaat (1tk)Arendusplaat (1tk)Juhtmed (6tk)Takisti (6tk,<a class=\"more-link\" href=\"https:\/\/andreitupits23.thkit.ee\/WP\/ulesanne-1\/\">Continue reading <span class=\"screen-reader-text\">&#8220;\u00dclesanne 1&#8221;<\/span><\/a><\/p>\n","protected":false},"author":1,"featured_media":0,"parent":0,"menu_order":0,"comment_status":"closed","ping_status":"closed","template":"","meta":{"footnotes":""},"class_list":["post-747","page","type-page","status-publish","hentry","entry"],"yoast_head":"<!-- This site is optimized with the Yoast SEO plugin v27.4 - https:\/\/yoast.com\/product\/yoast-seo-wordpress\/ -->\n<title>\u00dclesanne 1 - \/ &Otilde;pimapp \/ Portfoolio<\/title>\n<meta name=\"robots\" content=\"index, follow, max-snippet:-1, max-image-preview:large, max-video-preview:-1\" \/>\n<link rel=\"canonical\" href=\"https:\/\/andreitupits23.thkit.ee\/WP\/ulesanne-1\/\" \/>\n<meta property=\"og:locale\" content=\"en_GB\" \/>\n<meta property=\"og:type\" content=\"article\" \/>\n<meta property=\"og:title\" content=\"\u00dclesanne 1 - \/ &Otilde;pimapp \/ Portfoolio\" \/>\n<meta property=\"og:description\" content=\"Valgusfoor T\u00f6\u00f6kirjeldus Tava valgudfoor autodele ning jalak\u00e4ijale. T\u00f6\u00f6tab kahes re\u017eiimis p\u00e4ev -day() ja \u00f6\u00f6-night() P\u00e4eval autodele t\u00f6\u00f6tab tavare\u017eiimis (Punane; punane + kollane; roheline (vilkub 6 korda) \u00d6\u00f6sel autodele t\u00f6\u00f6tab tavare\u017eiimis (Kollane vilkub) P\u00e4eval jalak\u00e4ijale t\u00f6\u00f6tab tavare\u017eiimis (Punane kui autodele on roheline ning vastupidi) \u00d6\u00f6sel jalak\u00e4ijale ei t\u00f6\u00f6ta\/p\u00f5le Kasutatud komponenidArduino UNO plaat (1tk)Arendusplaat (1tk)Juhtmed (6tk)Takisti (6tk,Continue reading &quot;\u00dclesanne 1&quot;\" \/>\n<meta property=\"og:url\" content=\"https:\/\/andreitupits23.thkit.ee\/WP\/ulesanne-1\/\" \/>\n<meta property=\"og:site_name\" content=\"\/ &Otilde;pimapp \/ Portfoolio\" \/>\n<meta property=\"article:modified_time\" content=\"2024-05-16T06:37:31+00:00\" \/>\n<meta property=\"og:image\" content=\"https:\/\/andreitupits23.thkit.ee\/WP\/wp-content\/uploads\/2024\/04\/image-8-1024x829.png\" \/>\n<meta name=\"twitter:card\" content=\"summary_large_image\" \/>\n<meta name=\"twitter:label1\" content=\"Estimated reading time\" \/>\n\t<meta name=\"twitter:data1\" content=\"2 minutes\" \/>\n<script type=\"application\/ld+json\" class=\"yoast-schema-graph\">{\"@context\":\"https:\\\/\\\/schema.org\",\"@graph\":[{\"@type\":\"WebPage\",\"@id\":\"https:\\\/\\\/andreitupits23.thkit.ee\\\/WP\\\/ulesanne-1\\\/\",\"url\":\"https:\\\/\\\/andreitupits23.thkit.ee\\\/WP\\\/ulesanne-1\\\/\",\"name\":\"\u00dclesanne 1 - \\\/ &Otilde;pimapp \\\/ Portfoolio\",\"isPartOf\":{\"@id\":\"https:\\\/\\\/andreitupits23.thkit.ee\\\/WP\\\/#website\"},\"primaryImageOfPage\":{\"@id\":\"https:\\\/\\\/andreitupits23.thkit.ee\\\/WP\\\/ulesanne-1\\\/#primaryimage\"},\"image\":{\"@id\":\"https:\\\/\\\/andreitupits23.thkit.ee\\\/WP\\\/ulesanne-1\\\/#primaryimage\"},\"thumbnailUrl\":\"https:\\\/\\\/andreitupits23.thkit.ee\\\/WP\\\/wp-content\\\/uploads\\\/2024\\\/04\\\/image-8-1024x829.png\",\"datePublished\":\"2024-04-19T13:36:03+00:00\",\"dateModified\":\"2024-05-16T06:37:31+00:00\",\"breadcrumb\":{\"@id\":\"https:\\\/\\\/andreitupits23.thkit.ee\\\/WP\\\/ulesanne-1\\\/#breadcrumb\"},\"inLanguage\":\"en-GB\",\"potentialAction\":[{\"@type\":\"ReadAction\",\"target\":[\"https:\\\/\\\/andreitupits23.thkit.ee\\\/WP\\\/ulesanne-1\\\/\"]}]},{\"@type\":\"ImageObject\",\"inLanguage\":\"en-GB\",\"@id\":\"https:\\\/\\\/andreitupits23.thkit.ee\\\/WP\\\/ulesanne-1\\\/#primaryimage\",\"url\":\"https:\\\/\\\/andreitupits23.thkit.ee\\\/WP\\\/wp-content\\\/uploads\\\/2024\\\/04\\\/image-8.png\",\"contentUrl\":\"https:\\\/\\\/andreitupits23.thkit.ee\\\/WP\\\/wp-content\\\/uploads\\\/2024\\\/04\\\/image-8.png\",\"width\":1046,\"height\":847},{\"@type\":\"BreadcrumbList\",\"@id\":\"https:\\\/\\\/andreitupits23.thkit.ee\\\/WP\\\/ulesanne-1\\\/#breadcrumb\",\"itemListElement\":[{\"@type\":\"ListItem\",\"position\":1,\"name\":\"Home\",\"item\":\"https:\\\/\\\/andreitupits23.thkit.ee\\\/WP\\\/\"},{\"@type\":\"ListItem\",\"position\":2,\"name\":\"\u00dclesanne 1\"}]},{\"@type\":\"WebSite\",\"@id\":\"https:\\\/\\\/andreitupits23.thkit.ee\\\/WP\\\/#website\",\"url\":\"https:\\\/\\\/andreitupits23.thkit.ee\\\/WP\\\/\",\"name\":\"\\\/ &Otilde;pimapp \\\/ Portfoolio\",\"description\":\"Welcome to my WP page.\",\"publisher\":{\"@id\":\"https:\\\/\\\/andreitupits23.thkit.ee\\\/WP\\\/#organization\"},\"potentialAction\":[{\"@type\":\"SearchAction\",\"target\":{\"@type\":\"EntryPoint\",\"urlTemplate\":\"https:\\\/\\\/andreitupits23.thkit.ee\\\/WP\\\/?s={search_term_string}\"},\"query-input\":{\"@type\":\"PropertyValueSpecification\",\"valueRequired\":true,\"valueName\":\"search_term_string\"}}],\"inLanguage\":\"en-GB\"},{\"@type\":\"Organization\",\"@id\":\"https:\\\/\\\/andreitupits23.thkit.ee\\\/WP\\\/#organization\",\"name\":\"\\\/ &Otilde;pimapp \\\/ Portfoolio\",\"url\":\"https:\\\/\\\/andreitupits23.thkit.ee\\\/WP\\\/\",\"logo\":{\"@type\":\"ImageObject\",\"inLanguage\":\"en-GB\",\"@id\":\"https:\\\/\\\/andreitupits23.thkit.ee\\\/WP\\\/#\\\/schema\\\/logo\\\/image\\\/\",\"url\":\"https:\\\/\\\/andreitupits23.thkit.ee\\\/WP\\\/wp-content\\\/uploads\\\/2024\\\/03\\\/cropped-logo.png\",\"contentUrl\":\"https:\\\/\\\/andreitupits23.thkit.ee\\\/WP\\\/wp-content\\\/uploads\\\/2024\\\/03\\\/cropped-logo.png\",\"width\":240,\"height\":240,\"caption\":\"\\\/ &Otilde;pimapp \\\/ Portfoolio\"},\"image\":{\"@id\":\"https:\\\/\\\/andreitupits23.thkit.ee\\\/WP\\\/#\\\/schema\\\/logo\\\/image\\\/\"}}]}<\/script>\n<!-- \/ Yoast SEO plugin. -->","yoast_head_json":{"title":"\u00dclesanne 1 - \/ &Otilde;pimapp \/ Portfoolio","robots":{"index":"index","follow":"follow","max-snippet":"max-snippet:-1","max-image-preview":"max-image-preview:large","max-video-preview":"max-video-preview:-1"},"canonical":"https:\/\/andreitupits23.thkit.ee\/WP\/ulesanne-1\/","og_locale":"en_GB","og_type":"article","og_title":"\u00dclesanne 1 - \/ &Otilde;pimapp \/ Portfoolio","og_description":"Valgusfoor T\u00f6\u00f6kirjeldus Tava valgudfoor autodele ning jalak\u00e4ijale. T\u00f6\u00f6tab kahes re\u017eiimis p\u00e4ev -day() ja \u00f6\u00f6-night() P\u00e4eval autodele t\u00f6\u00f6tab tavare\u017eiimis (Punane; punane + kollane; roheline (vilkub 6 korda) \u00d6\u00f6sel autodele t\u00f6\u00f6tab tavare\u017eiimis (Kollane vilkub) P\u00e4eval jalak\u00e4ijale t\u00f6\u00f6tab tavare\u017eiimis (Punane kui autodele on roheline ning vastupidi) \u00d6\u00f6sel jalak\u00e4ijale ei t\u00f6\u00f6ta\/p\u00f5le Kasutatud komponenidArduino UNO plaat (1tk)Arendusplaat (1tk)Juhtmed (6tk)Takisti (6tk,Continue reading \"\u00dclesanne 1\"","og_url":"https:\/\/andreitupits23.thkit.ee\/WP\/ulesanne-1\/","og_site_name":"\/ &Otilde;pimapp \/ Portfoolio","article_modified_time":"2024-05-16T06:37:31+00:00","og_image":[{"url":"https:\/\/andreitupits23.thkit.ee\/WP\/wp-content\/uploads\/2024\/04\/image-8-1024x829.png","type":"","width":"","height":""}],"twitter_card":"summary_large_image","twitter_misc":{"Estimated reading time":"2 minutes"},"schema":{"@context":"https:\/\/schema.org","@graph":[{"@type":"WebPage","@id":"https:\/\/andreitupits23.thkit.ee\/WP\/ulesanne-1\/","url":"https:\/\/andreitupits23.thkit.ee\/WP\/ulesanne-1\/","name":"\u00dclesanne 1 - \/ &Otilde;pimapp \/ Portfoolio","isPartOf":{"@id":"https:\/\/andreitupits23.thkit.ee\/WP\/#website"},"primaryImageOfPage":{"@id":"https:\/\/andreitupits23.thkit.ee\/WP\/ulesanne-1\/#primaryimage"},"image":{"@id":"https:\/\/andreitupits23.thkit.ee\/WP\/ulesanne-1\/#primaryimage"},"thumbnailUrl":"https:\/\/andreitupits23.thkit.ee\/WP\/wp-content\/uploads\/2024\/04\/image-8-1024x829.png","datePublished":"2024-04-19T13:36:03+00:00","dateModified":"2024-05-16T06:37:31+00:00","breadcrumb":{"@id":"https:\/\/andreitupits23.thkit.ee\/WP\/ulesanne-1\/#breadcrumb"},"inLanguage":"en-GB","potentialAction":[{"@type":"ReadAction","target":["https:\/\/andreitupits23.thkit.ee\/WP\/ulesanne-1\/"]}]},{"@type":"ImageObject","inLanguage":"en-GB","@id":"https:\/\/andreitupits23.thkit.ee\/WP\/ulesanne-1\/#primaryimage","url":"https:\/\/andreitupits23.thkit.ee\/WP\/wp-content\/uploads\/2024\/04\/image-8.png","contentUrl":"https:\/\/andreitupits23.thkit.ee\/WP\/wp-content\/uploads\/2024\/04\/image-8.png","width":1046,"height":847},{"@type":"BreadcrumbList","@id":"https:\/\/andreitupits23.thkit.ee\/WP\/ulesanne-1\/#breadcrumb","itemListElement":[{"@type":"ListItem","position":1,"name":"Home","item":"https:\/\/andreitupits23.thkit.ee\/WP\/"},{"@type":"ListItem","position":2,"name":"\u00dclesanne 1"}]},{"@type":"WebSite","@id":"https:\/\/andreitupits23.thkit.ee\/WP\/#website","url":"https:\/\/andreitupits23.thkit.ee\/WP\/","name":"\/ &Otilde;pimapp \/ Portfoolio","description":"Welcome to my WP page.","publisher":{"@id":"https:\/\/andreitupits23.thkit.ee\/WP\/#organization"},"potentialAction":[{"@type":"SearchAction","target":{"@type":"EntryPoint","urlTemplate":"https:\/\/andreitupits23.thkit.ee\/WP\/?s={search_term_string}"},"query-input":{"@type":"PropertyValueSpecification","valueRequired":true,"valueName":"search_term_string"}}],"inLanguage":"en-GB"},{"@type":"Organization","@id":"https:\/\/andreitupits23.thkit.ee\/WP\/#organization","name":"\/ &Otilde;pimapp \/ Portfoolio","url":"https:\/\/andreitupits23.thkit.ee\/WP\/","logo":{"@type":"ImageObject","inLanguage":"en-GB","@id":"https:\/\/andreitupits23.thkit.ee\/WP\/#\/schema\/logo\/image\/","url":"https:\/\/andreitupits23.thkit.ee\/WP\/wp-content\/uploads\/2024\/03\/cropped-logo.png","contentUrl":"https:\/\/andreitupits23.thkit.ee\/WP\/wp-content\/uploads\/2024\/03\/cropped-logo.png","width":240,"height":240,"caption":"\/ &Otilde;pimapp \/ Portfoolio"},"image":{"@id":"https:\/\/andreitupits23.thkit.ee\/WP\/#\/schema\/logo\/image\/"}}]}},"_links":{"self":[{"href":"https:\/\/andreitupits23.thkit.ee\/WP\/wp-json\/wp\/v2\/pages\/747","targetHints":{"allow":["GET"]}}],"collection":[{"href":"https:\/\/andreitupits23.thkit.ee\/WP\/wp-json\/wp\/v2\/pages"}],"about":[{"href":"https:\/\/andreitupits23.thkit.ee\/WP\/wp-json\/wp\/v2\/types\/page"}],"author":[{"embeddable":true,"href":"https:\/\/andreitupits23.thkit.ee\/WP\/wp-json\/wp\/v2\/users\/1"}],"replies":[{"embeddable":true,"href":"https:\/\/andreitupits23.thkit.ee\/WP\/wp-json\/wp\/v2\/comments?post=747"}],"version-history":[{"count":5,"href":"https:\/\/andreitupits23.thkit.ee\/WP\/wp-json\/wp\/v2\/pages\/747\/revisions"}],"predecessor-version":[{"id":762,"href":"https:\/\/andreitupits23.thkit.ee\/WP\/wp-json\/wp\/v2\/pages\/747\/revisions\/762"}],"wp:attachment":[{"href":"https:\/\/andreitupits23.thkit.ee\/WP\/wp-json\/wp\/v2\/media?parent=747"}],"curies":[{"name":"wp","href":"https:\/\/api.w.org\/{rel}","templated":true}]}}