{"id":755,"date":"2024-05-15T20:59:29","date_gmt":"2024-05-15T20:59:29","guid":{"rendered":"https:\/\/andreitupits23.thkit.ee\/WP\/?page_id=755"},"modified":"2024-05-16T08:06:59","modified_gmt":"2024-05-16T08:06:59","slug":"ulesanne-2","status":"publish","type":"page","link":"https:\/\/andreitupits23.thkit.ee\/WP\/ulesanne-2\/","title":{"rendered":"\u00dclesanne 2"},"content":{"rendered":"\n<div class=\"wp-block-group alignfull has-background-background-color has-background\" style=\"margin-top:0;margin-bottom:0;padding-top:var(--wp--preset--spacing--60);padding-right:var(--wp--preset--spacing--30);padding-bottom:var(--wp--preset--spacing--60);padding-left:var(--wp--preset--spacing--30)\"><div class=\"wp-block-group__inner-container is-layout-constrained wp-container-core-group-is-layout-392eb801 wp-block-group-is-layout-constrained\">\n<p>Valguskett<\/p>\n\n\n\n<p><mark style=\"background-color:rgba(0, 0, 0, 0);color:#803c3c\" class=\"has-inline-color\"><strong>T\u00f6\u00f6kirjeldus<\/strong><\/mark><\/p>\n<\/div><\/div>\n\n\n\n<p>Valguskett, milles on mitu erinevat v\u00e4rvi  t\u00f6\u00f6tab v\u00e4hemalt 6 re\u017eiimis<br>(vilguvad k\u00f5ik korraga, vilguvad \u00fckshaaval, vilguvad v\u00e4rv haaval,Randomi funktsiooni kasutadel)<\/p>\n\n\n\n<p><mark style=\"background-color:rgba(0, 0, 0, 0);color:#803c3c\" class=\"has-inline-color\"><strong>Kasutatud komponenid<\/strong><\/mark><\/p>\n\n\n\n<p>Potensiomeeter(1tk)<br>Arduino UNO plaat (1tk)<br>Arendusplaat (1tk)<br>Juhtmed (14tk)<br>Takisti (9tk, 220kOm)<br>LED (9tk: 3 punast, 3 rohelist, 3 kollast)<\/p>\n\n\n\n<p><mark style=\"background-color:rgba(0, 0, 0, 0);color:#863737\" class=\"has-inline-color\"><strong>Kasutamine<\/strong><\/mark><\/p>\n\n\n\n<p>Valguskett t\u00f6\u00f6tab erinevates re\u017eiimides, potensiomeetri j\u00e4rgi (oleneb sinu valikust). Paigaldatud 6 re\u017eiimi:<\/p>\n\n\n\n<p><strong>1.red();2.blue();3.green();4.blink();5.blink();6.randomBlink()<\/strong><\/p>\n\n\n\n<p>T\u00f6\u00f6k\u00e4igus kasutasin allolevaid funktsioone:<\/p>\n\n\n\n<pre id=\"yui_3_17_2_1_1715845323785_47\" class=\"wp-block-preformatted\"><strong>map();Random();<\/strong><br><\/pre>\n\n\n\n<p><strong><mark style=\"background-color:rgba(0, 0, 0, 0);color:#a23636\" class=\"has-inline-color\">Koo<\/mark><\/strong><mark style=\"background-color:rgba(0, 0, 0, 0);color:#995757\" class=\"has-inline-color\"><strong>d<\/strong><\/mark><mark style=\"background-color:rgba(0, 0, 0, 0);color:#bb6b6b\" class=\"has-inline-color\"> (<strong>koos selgitusega)<\/strong><\/mark><\/p>\n\n\n\n<p>int sensorPin =0;  <strong>\/\/ potesiomeeter<\/strong><\/p>\n\n\n\n<p>int ledred1=13;<br>int ledblue1=12;<br>int ledgreen1=11;<br>int ledred2=10;<br>int ledblue2=9;<br>int ledgreen2=8;<br>int ledred3=7;<br>int ledblue3=6;<br>int ledgreen3=5; \/\/ <\/p>\n\n\n\n<p>int red = 6;<br>int yellow = 5;<br>int green = 4;<strong>\/\/ muutujad nimetatud porti j\u00e4rgi <\/strong><\/p>\n\n\n\n<p>int sensorValue = 0; <br>int Value_new;<\/p>\n\n\n\n<p>void setup()<strong> <\/strong>\/\/<strong> saab kaks v\u00e4\u00e4rtust, mille edastame talle sulgudes kohe p\u00e4rast funktsiooni nime. Esimene on number-pordi number, teine on s\u00f5na INPUT(sisend) v\u00f5i OUTPUT (v\u00e4ljund).<\/strong><br>{<br>pinMode(ledred1, OUTPUT);<strong>    <\/strong><br>pinMode(ledblue1, OUTPUT);<br>pinMode(ledgreen1, OUTPUT);<br>pinMode(ledred2, OUTPUT);<br>pinMode(ledblue2, OUTPUT);<br>pinMode(ledgreen2, OUTPUT);<br>pinMode(ledred3, OUTPUT);<br>pinMode(ledblue3, OUTPUT);<br>pinMode(ledgreen3, OUTPUT);<br>}<\/p>\n\n\n\n<p>void red()<br>{<br>digitalWrite(ledred1, HIGH);<br>digitalWrite(ledred2, HIGH);<br>digitalWrite(ledred3, HIGH);<br>delay(100);<br>digitalWrite(ledred1, LOW);<br>digitalWrite(ledred2, LOW);<br>digitalWrite(ledred3, LOW);<br>delay(100);<br>}<\/p>\n\n\n\n<p>void blue()<br>{<br>digitalWrite(ledblue1, HIGH);<br>digitalWrite(ledblue2, HIGH);<br>digitalWrite(ledblue3, HIGH);<br>delay(200);<br>digitalWrite(ledblue1, LOW);<br>digitalWrite(ledblue2, LOW);<br>digitalWrite(ledblue3, LOW);<br>delay(200);<br>}<\/p>\n\n\n\n<p>void green()<br>{<br>digitalWrite(ledgreen1, HIGH);<br>digitalWrite(ledgreen2, HIGH);<br>digitalWrite(ledgreen3, HIGH);<br>delay(100);<br>digitalWrite(ledgreen1, LOW);<br>digitalWrite(ledgreen2, LOW);<br>digitalWrite(ledgreen3, LOW);<br>delay(200);<br>}<\/p>\n\n\n\n<p>\/\/<br>void blink()<br>{<br>digitalWrite(ledred1, HIGH);<br>digitalWrite(ledred2, HIGH);<br>digitalWrite(ledred3, HIGH);<br>digitalWrite(ledblue1, HIGH);<br>digitalWrite(ledblue2, HIGH);<br>digitalWrite(ledblue3, HIGH);<br>digitalWrite(ledgreen1, HIGH);<br>digitalWrite(ledgreen2, HIGH);<br>digitalWrite(ledgreen3, HIGH);<br>delay(500);<br>digitalWrite(ledred1, LOW);<br>digitalWrite(ledred2, LOW);<br>digitalWrite(ledred3, LOW);<br>digitalWrite(ledblue1, LOW);<br>digitalWrite(ledblue2, LOW);<br>digitalWrite(ledblue3, LOW);<br>digitalWrite(ledgreen1, LOW);<br>digitalWrite(ledgreen2, LOW);<br>digitalWrite(ledgreen3, LOW);<br>delay(500);<br>}<\/p>\n\n\n\n<p>void blink2()<br>{<br>digitalWrite(ledred1, HIGH);<br>delay(200);<br>digitalWrite(ledred2, HIGH);<br>delay(200);<br>digitalWrite(ledred3, HIGH);<br>delay(200);<br>digitalWrite(ledred1, LOW);<br>digitalWrite(ledblue1, HIGH);<br>delay(200);<br>digitalWrite(ledblue2, HIGH);<br>digitalWrite(ledred2, LOW);<br>delay(200);<br>digitalWrite(ledblue3, HIGH);<br>digitalWrite(ledred3, LOW);<br>delay(200);<br>digitalWrite(ledgreen1, HIGH);<br>digitalWrite(ledblue1, LOW);<br>delay(200);<br>digitalWrite(ledgreen2, HIGH);<br>digitalWrite(ledblue2, LOW);<br>delay(200);<br>digitalWrite(ledgreen3, HIGH);<br>digitalWrite(ledblue3, LOW);<br>delay(200);<br>digitalWrite(ledgreen1, LOW);<br>delay(200);<br>digitalWrite(ledgreen2, LOW);<br>delay(200);<br>digitalWrite(ledgreen3, LOW);<br>delay(300);<br>}<\/p>\n\n\n\n<p>void randomBlink() <br>{<br>int randomLED = random(1, 10); \/ <strong>random funktsioon valib re\u017eiimi 1 st- 10 -ni<\/strong><br>switch (randomLED) \/\/ <br>{<br>case 1:<br>digitalWrite(ledred1, HIGH);<br>delay(random(100, 500));<br>digitalWrite(ledred1, LOW);<br>break;<br>case 2:<br>digitalWrite(ledblue1, HIGH);<br>delay(random(100, 500));<br>digitalWrite(ledblue1, LOW);<br>break;<br>case 3:<br>digitalWrite(ledgreen1, HIGH);<br>delay(random(100, 500));<br>digitalWrite(ledgreen1, LOW);<br>break;<br>case 4:<br>digitalWrite(ledred2, HIGH);<br>delay(random(100, 500));<br>digitalWrite(ledred2, LOW);<br>break;<br>case 5:<br>digitalWrite(ledblue2, HIGH);<br>delay(random(100, 500));<br>digitalWrite(ledblue2, LOW);<br>break;<br>case 6:<br>digitalWrite(ledgreen2, HIGH);<br>delay(random(100, 500));<br>digitalWrite(ledgreen2, LOW);<br>break;<br>case 7:<br>digitalWrite(ledred3, HIGH);<br>delay(random(100, 500));<br>digitalWrite(ledred3, LOW);<br>break;<br>case 8:<br>digitalWrite(ledblue3, HIGH);<br>delay(random(100, 500));<br>digitalWrite(ledblue3, LOW);<br>break;<br>case 9:<br>digitalWrite(ledgreen3, HIGH);<br>delay(random(100, 500));<br>digitalWrite(ledgreen3, LOW);<br>break;<br>}<br>}<br>\/\/<\/p>\n\n\n\n<p>void loop()  <br>{<br>Value_new = analogRead(sensorPin);<\/p>\n\n\n\n<p>Value_new = map(Value_new,0,1023,1,6); <strong>\/\/ map() meetod aitab valida 1st-6ni, mis omapoolt k\u00e4ivitab funktsioone<\/strong><br>if (Value_new==2)<br>{<br>red();<br>}<br>else if(Value_new==3)<br>{<br>blue();<br>}<br>else if(Value_new==4)<br>{<br>green();<br>}<br>else if(Value_new==5)<br>{<br>blink();<br>}<br>else if(Value_new==6)<br>{<br>blink2();<br>}<br>else<br>{<br>randomBlink();<br>}<br>}<\/p>\n\n\n\n<p><mark style=\"background-color:rgba(0, 0, 0, 0);color:#ac4040\" class=\"has-inline-color\"><strong>Link<\/strong><\/mark><\/p>\n\n\n\n<figure class=\"wp-block-embed is-type-video is-provider-youtube wp-block-embed-youtube wp-embed-aspect-16-9 wp-has-aspect-ratio\"><div class=\"wp-block-embed__wrapper\">\n<iframe loading=\"lazy\" title=\"Valgukett#2\" width=\"620\" height=\"349\" src=\"https:\/\/www.youtube.com\/embed\/Bu4RVPC-I5w?feature=oembed\" frameborder=\"0\" allow=\"accelerometer; autoplay; clipboard-write; encrypted-media; gyroscope; picture-in-picture; web-share\" referrerpolicy=\"strict-origin-when-cross-origin\" allowfullscreen><\/iframe>\n<\/div><\/figure>\n\n\n\n<p><mark style=\"background-color:rgba(0, 0, 0, 0);color:#c84242\" class=\"has-inline-color\"><strong>Konstruktsioon Tinkercad<\/strong><\/mark><\/p>\n\n\n\n<figure class=\"wp-block-image size-full\"><img loading=\"lazy\" decoding=\"async\" width=\"1005\" height=\"746\" src=\"https:\/\/andreitupits23.thkit.ee\/WP\/wp-content\/uploads\/2024\/05\/image.png\" alt=\"\" class=\"wp-image-757\" srcset=\"https:\/\/andreitupits23.thkit.ee\/WP\/wp-content\/uploads\/2024\/05\/image.png 1005w, https:\/\/andreitupits23.thkit.ee\/WP\/wp-content\/uploads\/2024\/05\/image-300x223.png 300w, https:\/\/andreitupits23.thkit.ee\/WP\/wp-content\/uploads\/2024\/05\/image-768x570.png 768w, https:\/\/andreitupits23.thkit.ee\/WP\/wp-content\/uploads\/2024\/05\/image-750x557.png 750w\" sizes=\"auto, (max-width: 1005px) 100vw, 1005px\" \/><\/figure>\n","protected":false},"excerpt":{"rendered":"<p>Valguskett T\u00f6\u00f6kirjeldus Valguskett, milles on mitu erinevat v\u00e4rvi t\u00f6\u00f6tab v\u00e4hemalt 6 re\u017eiimis(vilguvad k\u00f5ik korraga, vilguvad \u00fckshaaval, vilguvad v\u00e4rv haaval,Randomi funktsiooni kasutadel) Kasutatud komponenid Potensiomeeter(1tk)Arduino UNO plaat (1tk)Arendusplaat (1tk)Juhtmed (14tk)Takisti (9tk, 220kOm)LED (9tk: 3 punast, 3 rohelist, 3 kollast) Kasutamine Valguskett t\u00f6\u00f6tab erinevates re\u017eiimides, potensiomeetri j\u00e4rgi (oleneb sinu valikust). Paigaldatud 6 re\u017eiimi: 1.red();2.blue();3.green();4.blink();5.blink();6.randomBlink() T\u00f6\u00f6k\u00e4igus kasutasin allolevaid<a class=\"more-link\" href=\"https:\/\/andreitupits23.thkit.ee\/WP\/ulesanne-2\/\">Continue reading <span class=\"screen-reader-text\">&#8220;\u00dclesanne 2&#8221;<\/span><\/a><\/p>\n","protected":false},"author":1,"featured_media":0,"parent":0,"menu_order":0,"comment_status":"closed","ping_status":"closed","template":"","meta":{"footnotes":""},"class_list":["post-755","page","type-page","status-publish","hentry","entry"],"yoast_head":"<!-- This site is optimized with the Yoast SEO plugin v27.4 - https:\/\/yoast.com\/product\/yoast-seo-wordpress\/ -->\n<title>\u00dclesanne 2 - \/ &Otilde;pimapp \/ Portfoolio<\/title>\n<meta name=\"robots\" content=\"index, follow, max-snippet:-1, max-image-preview:large, max-video-preview:-1\" \/>\n<link rel=\"canonical\" href=\"https:\/\/andreitupits23.thkit.ee\/WP\/ulesanne-2\/\" \/>\n<meta property=\"og:locale\" content=\"en_GB\" \/>\n<meta property=\"og:type\" content=\"article\" \/>\n<meta property=\"og:title\" content=\"\u00dclesanne 2 - \/ &Otilde;pimapp \/ Portfoolio\" \/>\n<meta property=\"og:description\" content=\"Valguskett T\u00f6\u00f6kirjeldus Valguskett, milles on mitu erinevat v\u00e4rvi t\u00f6\u00f6tab v\u00e4hemalt 6 re\u017eiimis(vilguvad k\u00f5ik korraga, vilguvad \u00fckshaaval, vilguvad v\u00e4rv haaval,Randomi funktsiooni kasutadel) Kasutatud komponenid Potensiomeeter(1tk)Arduino UNO plaat (1tk)Arendusplaat (1tk)Juhtmed (14tk)Takisti (9tk, 220kOm)LED (9tk: 3 punast, 3 rohelist, 3 kollast) Kasutamine Valguskett t\u00f6\u00f6tab erinevates re\u017eiimides, potensiomeetri j\u00e4rgi (oleneb sinu valikust). Paigaldatud 6 re\u017eiimi: 1.red();2.blue();3.green();4.blink();5.blink();6.randomBlink() T\u00f6\u00f6k\u00e4igus kasutasin allolevaidContinue reading &quot;\u00dclesanne 2&quot;\" \/>\n<meta property=\"og:url\" content=\"https:\/\/andreitupits23.thkit.ee\/WP\/ulesanne-2\/\" \/>\n<meta property=\"og:site_name\" content=\"\/ &Otilde;pimapp \/ Portfoolio\" \/>\n<meta property=\"article:modified_time\" content=\"2024-05-16T08:06:59+00:00\" \/>\n<meta property=\"og:image\" content=\"https:\/\/andreitupits23.thkit.ee\/WP\/wp-content\/uploads\/2024\/05\/image.png\" \/>\n<meta name=\"twitter:card\" content=\"summary_large_image\" \/>\n<meta name=\"twitter:label1\" content=\"Estimated reading time\" \/>\n\t<meta name=\"twitter:data1\" content=\"3 minutes\" \/>\n<script type=\"application\/ld+json\" class=\"yoast-schema-graph\">{\"@context\":\"https:\\\/\\\/schema.org\",\"@graph\":[{\"@type\":\"WebPage\",\"@id\":\"https:\\\/\\\/andreitupits23.thkit.ee\\\/WP\\\/ulesanne-2\\\/\",\"url\":\"https:\\\/\\\/andreitupits23.thkit.ee\\\/WP\\\/ulesanne-2\\\/\",\"name\":\"\u00dclesanne 2 - \\\/ &Otilde;pimapp \\\/ Portfoolio\",\"isPartOf\":{\"@id\":\"https:\\\/\\\/andreitupits23.thkit.ee\\\/WP\\\/#website\"},\"primaryImageOfPage\":{\"@id\":\"https:\\\/\\\/andreitupits23.thkit.ee\\\/WP\\\/ulesanne-2\\\/#primaryimage\"},\"image\":{\"@id\":\"https:\\\/\\\/andreitupits23.thkit.ee\\\/WP\\\/ulesanne-2\\\/#primaryimage\"},\"thumbnailUrl\":\"https:\\\/\\\/andreitupits23.thkit.ee\\\/WP\\\/wp-content\\\/uploads\\\/2024\\\/05\\\/image.png\",\"datePublished\":\"2024-05-15T20:59:29+00:00\",\"dateModified\":\"2024-05-16T08:06:59+00:00\",\"breadcrumb\":{\"@id\":\"https:\\\/\\\/andreitupits23.thkit.ee\\\/WP\\\/ulesanne-2\\\/#breadcrumb\"},\"inLanguage\":\"en-GB\",\"potentialAction\":[{\"@type\":\"ReadAction\",\"target\":[\"https:\\\/\\\/andreitupits23.thkit.ee\\\/WP\\\/ulesanne-2\\\/\"]}]},{\"@type\":\"ImageObject\",\"inLanguage\":\"en-GB\",\"@id\":\"https:\\\/\\\/andreitupits23.thkit.ee\\\/WP\\\/ulesanne-2\\\/#primaryimage\",\"url\":\"https:\\\/\\\/andreitupits23.thkit.ee\\\/WP\\\/wp-content\\\/uploads\\\/2024\\\/05\\\/image.png\",\"contentUrl\":\"https:\\\/\\\/andreitupits23.thkit.ee\\\/WP\\\/wp-content\\\/uploads\\\/2024\\\/05\\\/image.png\",\"width\":1005,\"height\":746},{\"@type\":\"BreadcrumbList\",\"@id\":\"https:\\\/\\\/andreitupits23.thkit.ee\\\/WP\\\/ulesanne-2\\\/#breadcrumb\",\"itemListElement\":[{\"@type\":\"ListItem\",\"position\":1,\"name\":\"Home\",\"item\":\"https:\\\/\\\/andreitupits23.thkit.ee\\\/WP\\\/\"},{\"@type\":\"ListItem\",\"position\":2,\"name\":\"\u00dclesanne 2\"}]},{\"@type\":\"WebSite\",\"@id\":\"https:\\\/\\\/andreitupits23.thkit.ee\\\/WP\\\/#website\",\"url\":\"https:\\\/\\\/andreitupits23.thkit.ee\\\/WP\\\/\",\"name\":\"\\\/ &Otilde;pimapp \\\/ Portfoolio\",\"description\":\"Welcome to my WP page.\",\"publisher\":{\"@id\":\"https:\\\/\\\/andreitupits23.thkit.ee\\\/WP\\\/#organization\"},\"potentialAction\":[{\"@type\":\"SearchAction\",\"target\":{\"@type\":\"EntryPoint\",\"urlTemplate\":\"https:\\\/\\\/andreitupits23.thkit.ee\\\/WP\\\/?s={search_term_string}\"},\"query-input\":{\"@type\":\"PropertyValueSpecification\",\"valueRequired\":true,\"valueName\":\"search_term_string\"}}],\"inLanguage\":\"en-GB\"},{\"@type\":\"Organization\",\"@id\":\"https:\\\/\\\/andreitupits23.thkit.ee\\\/WP\\\/#organization\",\"name\":\"\\\/ &Otilde;pimapp \\\/ Portfoolio\",\"url\":\"https:\\\/\\\/andreitupits23.thkit.ee\\\/WP\\\/\",\"logo\":{\"@type\":\"ImageObject\",\"inLanguage\":\"en-GB\",\"@id\":\"https:\\\/\\\/andreitupits23.thkit.ee\\\/WP\\\/#\\\/schema\\\/logo\\\/image\\\/\",\"url\":\"https:\\\/\\\/andreitupits23.thkit.ee\\\/WP\\\/wp-content\\\/uploads\\\/2024\\\/03\\\/cropped-logo.png\",\"contentUrl\":\"https:\\\/\\\/andreitupits23.thkit.ee\\\/WP\\\/wp-content\\\/uploads\\\/2024\\\/03\\\/cropped-logo.png\",\"width\":240,\"height\":240,\"caption\":\"\\\/ &Otilde;pimapp \\\/ Portfoolio\"},\"image\":{\"@id\":\"https:\\\/\\\/andreitupits23.thkit.ee\\\/WP\\\/#\\\/schema\\\/logo\\\/image\\\/\"}}]}<\/script>\n<!-- \/ Yoast SEO plugin. -->","yoast_head_json":{"title":"\u00dclesanne 2 - \/ &Otilde;pimapp \/ Portfoolio","robots":{"index":"index","follow":"follow","max-snippet":"max-snippet:-1","max-image-preview":"max-image-preview:large","max-video-preview":"max-video-preview:-1"},"canonical":"https:\/\/andreitupits23.thkit.ee\/WP\/ulesanne-2\/","og_locale":"en_GB","og_type":"article","og_title":"\u00dclesanne 2 - \/ &Otilde;pimapp \/ Portfoolio","og_description":"Valguskett T\u00f6\u00f6kirjeldus Valguskett, milles on mitu erinevat v\u00e4rvi t\u00f6\u00f6tab v\u00e4hemalt 6 re\u017eiimis(vilguvad k\u00f5ik korraga, vilguvad \u00fckshaaval, vilguvad v\u00e4rv haaval,Randomi funktsiooni kasutadel) Kasutatud komponenid Potensiomeeter(1tk)Arduino UNO plaat (1tk)Arendusplaat (1tk)Juhtmed (14tk)Takisti (9tk, 220kOm)LED (9tk: 3 punast, 3 rohelist, 3 kollast) Kasutamine Valguskett t\u00f6\u00f6tab erinevates re\u017eiimides, potensiomeetri j\u00e4rgi (oleneb sinu valikust). Paigaldatud 6 re\u017eiimi: 1.red();2.blue();3.green();4.blink();5.blink();6.randomBlink() T\u00f6\u00f6k\u00e4igus kasutasin allolevaidContinue reading \"\u00dclesanne 2\"","og_url":"https:\/\/andreitupits23.thkit.ee\/WP\/ulesanne-2\/","og_site_name":"\/ &Otilde;pimapp \/ Portfoolio","article_modified_time":"2024-05-16T08:06:59+00:00","og_image":[{"url":"https:\/\/andreitupits23.thkit.ee\/WP\/wp-content\/uploads\/2024\/05\/image.png","type":"","width":"","height":""}],"twitter_card":"summary_large_image","twitter_misc":{"Estimated reading time":"3 minutes"},"schema":{"@context":"https:\/\/schema.org","@graph":[{"@type":"WebPage","@id":"https:\/\/andreitupits23.thkit.ee\/WP\/ulesanne-2\/","url":"https:\/\/andreitupits23.thkit.ee\/WP\/ulesanne-2\/","name":"\u00dclesanne 2 - \/ &Otilde;pimapp \/ Portfoolio","isPartOf":{"@id":"https:\/\/andreitupits23.thkit.ee\/WP\/#website"},"primaryImageOfPage":{"@id":"https:\/\/andreitupits23.thkit.ee\/WP\/ulesanne-2\/#primaryimage"},"image":{"@id":"https:\/\/andreitupits23.thkit.ee\/WP\/ulesanne-2\/#primaryimage"},"thumbnailUrl":"https:\/\/andreitupits23.thkit.ee\/WP\/wp-content\/uploads\/2024\/05\/image.png","datePublished":"2024-05-15T20:59:29+00:00","dateModified":"2024-05-16T08:06:59+00:00","breadcrumb":{"@id":"https:\/\/andreitupits23.thkit.ee\/WP\/ulesanne-2\/#breadcrumb"},"inLanguage":"en-GB","potentialAction":[{"@type":"ReadAction","target":["https:\/\/andreitupits23.thkit.ee\/WP\/ulesanne-2\/"]}]},{"@type":"ImageObject","inLanguage":"en-GB","@id":"https:\/\/andreitupits23.thkit.ee\/WP\/ulesanne-2\/#primaryimage","url":"https:\/\/andreitupits23.thkit.ee\/WP\/wp-content\/uploads\/2024\/05\/image.png","contentUrl":"https:\/\/andreitupits23.thkit.ee\/WP\/wp-content\/uploads\/2024\/05\/image.png","width":1005,"height":746},{"@type":"BreadcrumbList","@id":"https:\/\/andreitupits23.thkit.ee\/WP\/ulesanne-2\/#breadcrumb","itemListElement":[{"@type":"ListItem","position":1,"name":"Home","item":"https:\/\/andreitupits23.thkit.ee\/WP\/"},{"@type":"ListItem","position":2,"name":"\u00dclesanne 2"}]},{"@type":"WebSite","@id":"https:\/\/andreitupits23.thkit.ee\/WP\/#website","url":"https:\/\/andreitupits23.thkit.ee\/WP\/","name":"\/ &Otilde;pimapp \/ Portfoolio","description":"Welcome to my WP page.","publisher":{"@id":"https:\/\/andreitupits23.thkit.ee\/WP\/#organization"},"potentialAction":[{"@type":"SearchAction","target":{"@type":"EntryPoint","urlTemplate":"https:\/\/andreitupits23.thkit.ee\/WP\/?s={search_term_string}"},"query-input":{"@type":"PropertyValueSpecification","valueRequired":true,"valueName":"search_term_string"}}],"inLanguage":"en-GB"},{"@type":"Organization","@id":"https:\/\/andreitupits23.thkit.ee\/WP\/#organization","name":"\/ &Otilde;pimapp \/ Portfoolio","url":"https:\/\/andreitupits23.thkit.ee\/WP\/","logo":{"@type":"ImageObject","inLanguage":"en-GB","@id":"https:\/\/andreitupits23.thkit.ee\/WP\/#\/schema\/logo\/image\/","url":"https:\/\/andreitupits23.thkit.ee\/WP\/wp-content\/uploads\/2024\/03\/cropped-logo.png","contentUrl":"https:\/\/andreitupits23.thkit.ee\/WP\/wp-content\/uploads\/2024\/03\/cropped-logo.png","width":240,"height":240,"caption":"\/ &Otilde;pimapp \/ Portfoolio"},"image":{"@id":"https:\/\/andreitupits23.thkit.ee\/WP\/#\/schema\/logo\/image\/"}}]}},"_links":{"self":[{"href":"https:\/\/andreitupits23.thkit.ee\/WP\/wp-json\/wp\/v2\/pages\/755","targetHints":{"allow":["GET"]}}],"collection":[{"href":"https:\/\/andreitupits23.thkit.ee\/WP\/wp-json\/wp\/v2\/pages"}],"about":[{"href":"https:\/\/andreitupits23.thkit.ee\/WP\/wp-json\/wp\/v2\/types\/page"}],"author":[{"embeddable":true,"href":"https:\/\/andreitupits23.thkit.ee\/WP\/wp-json\/wp\/v2\/users\/1"}],"replies":[{"embeddable":true,"href":"https:\/\/andreitupits23.thkit.ee\/WP\/wp-json\/wp\/v2\/comments?post=755"}],"version-history":[{"count":3,"href":"https:\/\/andreitupits23.thkit.ee\/WP\/wp-json\/wp\/v2\/pages\/755\/revisions"}],"predecessor-version":[{"id":764,"href":"https:\/\/andreitupits23.thkit.ee\/WP\/wp-json\/wp\/v2\/pages\/755\/revisions\/764"}],"wp:attachment":[{"href":"https:\/\/andreitupits23.thkit.ee\/WP\/wp-json\/wp\/v2\/media?parent=755"}],"curies":[{"name":"wp","href":"https:\/\/api.w.org\/{rel}","templated":true}]}}