{"id":766,"date":"2024-05-21T21:45:15","date_gmt":"2024-05-21T21:45:15","guid":{"rendered":"https:\/\/andreitupits23.thkit.ee\/WP\/?page_id=766"},"modified":"2024-05-22T22:11:32","modified_gmt":"2024-05-22T22:11:32","slug":"ulesanne-3","status":"publish","type":"page","link":"https:\/\/andreitupits23.thkit.ee\/WP\/ulesanne-3\/","title":{"rendered":"\u00dclesanne 3"},"content":{"rendered":"\n<p>\u00d6\u00f6lamp<\/p>\n\n\n\n<p><mark><strong>T\u00f6\u00f6kirjeldus<\/strong><\/mark><\/p>\n\n\n\n<p>Luua \u00f6\u00f6lamp, mida saab potentsiomeeteri abiga  sisse ja v\u00e4lja l\u00fclitada ning valgustakisti abiga erksuse reguleerida.<\/p>\n\n\n\n<p>Valgustugevus (analogdigitalWrite(PIN ,0..255) \/ p\u00f5levate ledide hulk s\u00f5ltub \u00fcmbritsevast valgusest. Ehk siis pimeajal lamp t\u00f6\u00f6tab.P\u00e4eval , kui valgust on tohutu suur &#8211; ei t\u00f6\u00f6ta. Kusjuures potentsiomeeteri  vajutamisel v\u00f5iks LED lampi v\u00e4rvi muuta<\/p>\n\n\n\n<p>Valgustugevuse korral kasuta analogdigitalWrite(PIN ,0..255), kasutasin  LEDid, digitalWrite(PIN,HIGH\/LOW).<\/p>\n\n\n\n<p><mark><strong>Kasutatud komponenid<\/strong><\/mark><br>Arduino UNO plaat (1tk)<br>Arendusplaat (1tk)<br>takisti (4tk)<br>juhet (12tk)<br>valgustakisti (1tk)<br>potentsiomeeter (1tk)<\/p>\n\n\n\n<p><mark><strong>Kasutamine<\/strong><\/mark><\/p>\n\n\n\n<p>\u00d6\u00f6lamp t\u00f6\u00f6tab potensiomeetri vajutamisel ning peale sissel\u00fclitamist v\u00f5iks erksuse reguleerida valgustakisti abiga (0st &#8211; 255ni)<\/p>\n\n\n\n<p><strong><mark style=\"background-color:#ffe200\" class=\"has-inline-color\">Kood kommetaridega<\/mark><\/strong><\/p>\n\n\n\n<pre class=\"wp-block-code\"><code>const int potensiometr = 1; \/\/ <mark style=\"background-color:#fff2f2\" class=\"has-inline-color\">Potentsiomeetri analoogsisendi pin<\/mark>\n\nint fototakisti = 0; \/\/ <mark style=\"background-color:#ffe0e0\" class=\"has-inline-color\">Fototakisti analoogsisendi pin<\/mark>\n\nint lightLevel = 0; \/\/ <mark style=\"background-color:#f9cfcf\" class=\"has-inline-color\">Muutuja valguse taseme j\u00e4lgimiseks<\/mark>\nint Value_new = 0; \/\/ <mark style=\"background-color:#f8d7d7\" class=\"has-inline-color\">Muutuja potentsiomeetri v\u00e4\u00e4rtuse hoidmiseks<\/mark>\n\nconst int RED1 = 11; \nconst int BLUE1 = 10; \nconst int GREEN1 = 9;  \n\nvoid setup()\n{\n  pinMode(RED1, OUTPUT);<mark style=\"background-color:#fff2f2\" class=\"has-inline-color\"> \/\/ LEDi pin v\u00e4ljundiks<\/mark>\n  pinMode(BLUE1, OUTPUT); \n  pinMode(GREEN1, OUTPUT); \n}\n\nvoid loop()\n{\n <mark style=\"background-color:#f9e0e0\" class=\"has-inline-color\"> \/\/ L\u00fclita k\u00f5ik LEDid v\u00e4lja<\/mark>\n  digitalWrite(RED1, LOW);\n  digitalWrite(BLUE1, LOW);\n  digitalWrite(GREEN1, LOW);\n  \n  <mark style=\"background-color:#ffe2e2\" class=\"has-inline-color\">\/\/ Loe fototakisti v\u00e4\u00e4rtu<\/mark>s\n  lightLevel = analogRead(fototakisti);\n  \n  <mark style=\"background-color:#ffe0e0\" class=\"has-inline-color\">\/\/ Reguleeri valguse taset<\/mark>\n  manualTune();\n  \n  <mark style=\"background-color:#ffebeb\" class=\"has-inline-color\">\/\/ Loe potentsiomeetri v\u00e4\u00e4rtus<\/mark>\n  Value_new = analogRead(potensiometr);\n  \n  <mark style=\"background-color:#fee3e3\" class=\"has-inline-color\">\/\/ Kaardista potentsiomeetri v\u00e4\u00e4rtus vahemikku 0 kuni 3<\/mark>\n  Value_new = map(Value_new, 0, 1023, 0, 3);\n  \n  \n  if (Value_new == 2)\n  {\n    BLUE();\n  }\n  else if (Value_new == 1)\n  {\n    RED();\n  }\n  else if (Value_new == 3)\n  {\n    GREEN();\n  }\n  else\n  {\n    \n    digitalWrite(RED1, LOW);\n    digitalWrite(BLUE1, LOW); \n    digitalWrite(GREEN1, LOW);\n  }\n}\n\nvoid manualTune()\n{\n  \n  lightLevel = map(lightLevel, 300, 800, 0, 255);\n  \n  \n  lightLevel = constrain(lightLevel, 0, 255);\n} \n\nvoid GREEN()\n{\n  <mark style=\"background-color:#fadfdf\" class=\"has-inline-color\">\/\/ Kasuta analogWrite funktsiooni valguse taseme reguleerimiseks<\/mark>\n  analogWrite(GREEN1, lightLevel);\n}\n\nvoid RED()\n{\n  reguleerimiseks\n  analogWrite(RED1, lightLevel);\n}\n\nvoid BLUE()\n{\n   reguleerimiseks\n  analogWrite(BLUE1, lightLevel); \n}\n<\/code><\/pre>\n\n\n\n<p><mark><strong>Link<\/strong><\/mark><\/p>\n\n\n\n<figure class=\"wp-block-embed is-type-video is-provider-youtube wp-block-embed-youtube wp-embed-aspect-16-9 wp-has-aspect-ratio\"><div class=\"wp-block-embed__wrapper\">\n<iframe loading=\"lazy\" title=\"\u00d6\u00f6lamp#3\" width=\"620\" height=\"349\" src=\"https:\/\/www.youtube.com\/embed\/vIHTOUWtK6U?feature=oembed\" frameborder=\"0\" allow=\"accelerometer; autoplay; clipboard-write; encrypted-media; gyroscope; picture-in-picture; web-share\" referrerpolicy=\"strict-origin-when-cross-origin\" allowfullscreen><\/iframe>\n<\/div><\/figure>\n\n\n\n<p><mark><strong>Konstruktsioon Tinkercad<\/strong><\/mark><\/p>\n\n\n\n<figure class=\"wp-block-image size-large\"><img loading=\"lazy\" decoding=\"async\" width=\"1024\" height=\"628\" src=\"https:\/\/andreitupits23.thkit.ee\/WP\/wp-content\/uploads\/2024\/05\/image-2-1024x628.png\" alt=\"\" class=\"wp-image-781\" srcset=\"https:\/\/andreitupits23.thkit.ee\/WP\/wp-content\/uploads\/2024\/05\/image-2-1024x628.png 1024w, https:\/\/andreitupits23.thkit.ee\/WP\/wp-content\/uploads\/2024\/05\/image-2-300x184.png 300w, https:\/\/andreitupits23.thkit.ee\/WP\/wp-content\/uploads\/2024\/05\/image-2-768x471.png 768w, https:\/\/andreitupits23.thkit.ee\/WP\/wp-content\/uploads\/2024\/05\/image-2-750x460.png 750w, https:\/\/andreitupits23.thkit.ee\/WP\/wp-content\/uploads\/2024\/05\/image-2.png 1161w\" sizes=\"auto, (max-width: 1024px) 100vw, 1024px\" \/><\/figure>\n\n\n\n<p><\/p>\n\n\n\n<div class=\"wp-block-group alignfull has-background-background-color has-background\" style=\"margin-top:0;margin-bottom:0;padding-top:var(--wp--preset--spacing--60);padding-right:var(--wp--preset--spacing--30);padding-bottom:var(--wp--preset--spacing--60);padding-left:var(--wp--preset--spacing--30)\"><div class=\"wp-block-group__inner-container is-layout-constrained wp-container-core-group-is-layout-392eb801 wp-block-group-is-layout-constrained\">\n<div class=\"wp-block-columns alignwide are-vertically-aligned-top is-layout-flex wp-container-core-columns-is-layout-30f78326 wp-block-columns-is-layout-flex\"><\/div>\n<\/div><\/div>\n","protected":false},"excerpt":{"rendered":"<p>\u00d6\u00f6lamp T\u00f6\u00f6kirjeldus Luua \u00f6\u00f6lamp, mida saab potentsiomeeteri abiga sisse ja v\u00e4lja l\u00fclitada ning valgustakisti abiga erksuse reguleerida. Valgustugevus (analogdigitalWrite(PIN ,0..255) \/ p\u00f5levate ledide hulk s\u00f5ltub \u00fcmbritsevast valgusest. Ehk siis pimeajal lamp t\u00f6\u00f6tab.P\u00e4eval , kui valgust on tohutu suur &#8211; ei t\u00f6\u00f6ta. Kusjuures potentsiomeeteri vajutamisel v\u00f5iks LED lampi v\u00e4rvi muuta Valgustugevuse korral kasuta analogdigitalWrite(PIN ,0..255), kasutasin<a class=\"more-link\" href=\"https:\/\/andreitupits23.thkit.ee\/WP\/ulesanne-3\/\">Continue reading <span class=\"screen-reader-text\">&#8220;\u00dclesanne 3&#8221;<\/span><\/a><\/p>\n","protected":false},"author":1,"featured_media":0,"parent":0,"menu_order":0,"comment_status":"closed","ping_status":"closed","template":"","meta":{"footnotes":""},"class_list":["post-766","page","type-page","status-publish","hentry","entry"],"yoast_head":"<!-- This site is optimized with the Yoast SEO plugin v27.4 - https:\/\/yoast.com\/product\/yoast-seo-wordpress\/ -->\n<title>\u00dclesanne 3 - \/ &Otilde;pimapp \/ Portfoolio<\/title>\n<meta name=\"robots\" content=\"index, follow, max-snippet:-1, max-image-preview:large, max-video-preview:-1\" \/>\n<link rel=\"canonical\" href=\"https:\/\/andreitupits23.thkit.ee\/WP\/ulesanne-3\/\" \/>\n<meta property=\"og:locale\" content=\"en_GB\" \/>\n<meta property=\"og:type\" content=\"article\" \/>\n<meta property=\"og:title\" content=\"\u00dclesanne 3 - \/ &Otilde;pimapp \/ Portfoolio\" \/>\n<meta property=\"og:description\" content=\"\u00d6\u00f6lamp T\u00f6\u00f6kirjeldus Luua \u00f6\u00f6lamp, mida saab potentsiomeeteri abiga sisse ja v\u00e4lja l\u00fclitada ning valgustakisti abiga erksuse reguleerida. Valgustugevus (analogdigitalWrite(PIN ,0..255) \/ p\u00f5levate ledide hulk s\u00f5ltub \u00fcmbritsevast valgusest. Ehk siis pimeajal lamp t\u00f6\u00f6tab.P\u00e4eval , kui valgust on tohutu suur &#8211; ei t\u00f6\u00f6ta. Kusjuures potentsiomeeteri vajutamisel v\u00f5iks LED lampi v\u00e4rvi muuta Valgustugevuse korral kasuta analogdigitalWrite(PIN ,0..255), kasutasinContinue reading &quot;\u00dclesanne 3&quot;\" \/>\n<meta property=\"og:url\" content=\"https:\/\/andreitupits23.thkit.ee\/WP\/ulesanne-3\/\" \/>\n<meta property=\"og:site_name\" content=\"\/ &Otilde;pimapp \/ Portfoolio\" \/>\n<meta property=\"article:modified_time\" content=\"2024-05-22T22:11:32+00:00\" \/>\n<meta property=\"og:image\" content=\"https:\/\/andreitupits23.thkit.ee\/WP\/wp-content\/uploads\/2024\/05\/image-2-1024x628.png\" \/>\n<meta name=\"twitter:card\" content=\"summary_large_image\" \/>\n<meta name=\"twitter:label1\" content=\"Estimated reading time\" \/>\n\t<meta name=\"twitter:data1\" content=\"1 minute\" \/>\n<script type=\"application\/ld+json\" class=\"yoast-schema-graph\">{\"@context\":\"https:\\\/\\\/schema.org\",\"@graph\":[{\"@type\":\"WebPage\",\"@id\":\"https:\\\/\\\/andreitupits23.thkit.ee\\\/WP\\\/ulesanne-3\\\/\",\"url\":\"https:\\\/\\\/andreitupits23.thkit.ee\\\/WP\\\/ulesanne-3\\\/\",\"name\":\"\u00dclesanne 3 - \\\/ &Otilde;pimapp \\\/ Portfoolio\",\"isPartOf\":{\"@id\":\"https:\\\/\\\/andreitupits23.thkit.ee\\\/WP\\\/#website\"},\"primaryImageOfPage\":{\"@id\":\"https:\\\/\\\/andreitupits23.thkit.ee\\\/WP\\\/ulesanne-3\\\/#primaryimage\"},\"image\":{\"@id\":\"https:\\\/\\\/andreitupits23.thkit.ee\\\/WP\\\/ulesanne-3\\\/#primaryimage\"},\"thumbnailUrl\":\"https:\\\/\\\/andreitupits23.thkit.ee\\\/WP\\\/wp-content\\\/uploads\\\/2024\\\/05\\\/image-2-1024x628.png\",\"datePublished\":\"2024-05-21T21:45:15+00:00\",\"dateModified\":\"2024-05-22T22:11:32+00:00\",\"breadcrumb\":{\"@id\":\"https:\\\/\\\/andreitupits23.thkit.ee\\\/WP\\\/ulesanne-3\\\/#breadcrumb\"},\"inLanguage\":\"en-GB\",\"potentialAction\":[{\"@type\":\"ReadAction\",\"target\":[\"https:\\\/\\\/andreitupits23.thkit.ee\\\/WP\\\/ulesanne-3\\\/\"]}]},{\"@type\":\"ImageObject\",\"inLanguage\":\"en-GB\",\"@id\":\"https:\\\/\\\/andreitupits23.thkit.ee\\\/WP\\\/ulesanne-3\\\/#primaryimage\",\"url\":\"https:\\\/\\\/andreitupits23.thkit.ee\\\/WP\\\/wp-content\\\/uploads\\\/2024\\\/05\\\/image-2.png\",\"contentUrl\":\"https:\\\/\\\/andreitupits23.thkit.ee\\\/WP\\\/wp-content\\\/uploads\\\/2024\\\/05\\\/image-2.png\",\"width\":1161,\"height\":712},{\"@type\":\"BreadcrumbList\",\"@id\":\"https:\\\/\\\/andreitupits23.thkit.ee\\\/WP\\\/ulesanne-3\\\/#breadcrumb\",\"itemListElement\":[{\"@type\":\"ListItem\",\"position\":1,\"name\":\"Home\",\"item\":\"https:\\\/\\\/andreitupits23.thkit.ee\\\/WP\\\/\"},{\"@type\":\"ListItem\",\"position\":2,\"name\":\"\u00dclesanne 3\"}]},{\"@type\":\"WebSite\",\"@id\":\"https:\\\/\\\/andreitupits23.thkit.ee\\\/WP\\\/#website\",\"url\":\"https:\\\/\\\/andreitupits23.thkit.ee\\\/WP\\\/\",\"name\":\"\\\/ &Otilde;pimapp \\\/ Portfoolio\",\"description\":\"Welcome to my WP page.\",\"publisher\":{\"@id\":\"https:\\\/\\\/andreitupits23.thkit.ee\\\/WP\\\/#organization\"},\"potentialAction\":[{\"@type\":\"SearchAction\",\"target\":{\"@type\":\"EntryPoint\",\"urlTemplate\":\"https:\\\/\\\/andreitupits23.thkit.ee\\\/WP\\\/?s={search_term_string}\"},\"query-input\":{\"@type\":\"PropertyValueSpecification\",\"valueRequired\":true,\"valueName\":\"search_term_string\"}}],\"inLanguage\":\"en-GB\"},{\"@type\":\"Organization\",\"@id\":\"https:\\\/\\\/andreitupits23.thkit.ee\\\/WP\\\/#organization\",\"name\":\"\\\/ &Otilde;pimapp \\\/ Portfoolio\",\"url\":\"https:\\\/\\\/andreitupits23.thkit.ee\\\/WP\\\/\",\"logo\":{\"@type\":\"ImageObject\",\"inLanguage\":\"en-GB\",\"@id\":\"https:\\\/\\\/andreitupits23.thkit.ee\\\/WP\\\/#\\\/schema\\\/logo\\\/image\\\/\",\"url\":\"https:\\\/\\\/andreitupits23.thkit.ee\\\/WP\\\/wp-content\\\/uploads\\\/2024\\\/03\\\/cropped-logo.png\",\"contentUrl\":\"https:\\\/\\\/andreitupits23.thkit.ee\\\/WP\\\/wp-content\\\/uploads\\\/2024\\\/03\\\/cropped-logo.png\",\"width\":240,\"height\":240,\"caption\":\"\\\/ &Otilde;pimapp \\\/ Portfoolio\"},\"image\":{\"@id\":\"https:\\\/\\\/andreitupits23.thkit.ee\\\/WP\\\/#\\\/schema\\\/logo\\\/image\\\/\"}}]}<\/script>\n<!-- \/ Yoast SEO plugin. -->","yoast_head_json":{"title":"\u00dclesanne 3 - \/ &Otilde;pimapp \/ Portfoolio","robots":{"index":"index","follow":"follow","max-snippet":"max-snippet:-1","max-image-preview":"max-image-preview:large","max-video-preview":"max-video-preview:-1"},"canonical":"https:\/\/andreitupits23.thkit.ee\/WP\/ulesanne-3\/","og_locale":"en_GB","og_type":"article","og_title":"\u00dclesanne 3 - \/ &Otilde;pimapp \/ Portfoolio","og_description":"\u00d6\u00f6lamp T\u00f6\u00f6kirjeldus Luua \u00f6\u00f6lamp, mida saab potentsiomeeteri abiga sisse ja v\u00e4lja l\u00fclitada ning valgustakisti abiga erksuse reguleerida. Valgustugevus (analogdigitalWrite(PIN ,0..255) \/ p\u00f5levate ledide hulk s\u00f5ltub \u00fcmbritsevast valgusest. Ehk siis pimeajal lamp t\u00f6\u00f6tab.P\u00e4eval , kui valgust on tohutu suur &#8211; ei t\u00f6\u00f6ta. Kusjuures potentsiomeeteri vajutamisel v\u00f5iks LED lampi v\u00e4rvi muuta Valgustugevuse korral kasuta analogdigitalWrite(PIN ,0..255), kasutasinContinue reading \"\u00dclesanne 3\"","og_url":"https:\/\/andreitupits23.thkit.ee\/WP\/ulesanne-3\/","og_site_name":"\/ &Otilde;pimapp \/ Portfoolio","article_modified_time":"2024-05-22T22:11:32+00:00","og_image":[{"url":"https:\/\/andreitupits23.thkit.ee\/WP\/wp-content\/uploads\/2024\/05\/image-2-1024x628.png","type":"","width":"","height":""}],"twitter_card":"summary_large_image","twitter_misc":{"Estimated reading time":"1 minute"},"schema":{"@context":"https:\/\/schema.org","@graph":[{"@type":"WebPage","@id":"https:\/\/andreitupits23.thkit.ee\/WP\/ulesanne-3\/","url":"https:\/\/andreitupits23.thkit.ee\/WP\/ulesanne-3\/","name":"\u00dclesanne 3 - \/ &Otilde;pimapp \/ Portfoolio","isPartOf":{"@id":"https:\/\/andreitupits23.thkit.ee\/WP\/#website"},"primaryImageOfPage":{"@id":"https:\/\/andreitupits23.thkit.ee\/WP\/ulesanne-3\/#primaryimage"},"image":{"@id":"https:\/\/andreitupits23.thkit.ee\/WP\/ulesanne-3\/#primaryimage"},"thumbnailUrl":"https:\/\/andreitupits23.thkit.ee\/WP\/wp-content\/uploads\/2024\/05\/image-2-1024x628.png","datePublished":"2024-05-21T21:45:15+00:00","dateModified":"2024-05-22T22:11:32+00:00","breadcrumb":{"@id":"https:\/\/andreitupits23.thkit.ee\/WP\/ulesanne-3\/#breadcrumb"},"inLanguage":"en-GB","potentialAction":[{"@type":"ReadAction","target":["https:\/\/andreitupits23.thkit.ee\/WP\/ulesanne-3\/"]}]},{"@type":"ImageObject","inLanguage":"en-GB","@id":"https:\/\/andreitupits23.thkit.ee\/WP\/ulesanne-3\/#primaryimage","url":"https:\/\/andreitupits23.thkit.ee\/WP\/wp-content\/uploads\/2024\/05\/image-2.png","contentUrl":"https:\/\/andreitupits23.thkit.ee\/WP\/wp-content\/uploads\/2024\/05\/image-2.png","width":1161,"height":712},{"@type":"BreadcrumbList","@id":"https:\/\/andreitupits23.thkit.ee\/WP\/ulesanne-3\/#breadcrumb","itemListElement":[{"@type":"ListItem","position":1,"name":"Home","item":"https:\/\/andreitupits23.thkit.ee\/WP\/"},{"@type":"ListItem","position":2,"name":"\u00dclesanne 3"}]},{"@type":"WebSite","@id":"https:\/\/andreitupits23.thkit.ee\/WP\/#website","url":"https:\/\/andreitupits23.thkit.ee\/WP\/","name":"\/ &Otilde;pimapp \/ Portfoolio","description":"Welcome to my WP page.","publisher":{"@id":"https:\/\/andreitupits23.thkit.ee\/WP\/#organization"},"potentialAction":[{"@type":"SearchAction","target":{"@type":"EntryPoint","urlTemplate":"https:\/\/andreitupits23.thkit.ee\/WP\/?s={search_term_string}"},"query-input":{"@type":"PropertyValueSpecification","valueRequired":true,"valueName":"search_term_string"}}],"inLanguage":"en-GB"},{"@type":"Organization","@id":"https:\/\/andreitupits23.thkit.ee\/WP\/#organization","name":"\/ &Otilde;pimapp \/ Portfoolio","url":"https:\/\/andreitupits23.thkit.ee\/WP\/","logo":{"@type":"ImageObject","inLanguage":"en-GB","@id":"https:\/\/andreitupits23.thkit.ee\/WP\/#\/schema\/logo\/image\/","url":"https:\/\/andreitupits23.thkit.ee\/WP\/wp-content\/uploads\/2024\/03\/cropped-logo.png","contentUrl":"https:\/\/andreitupits23.thkit.ee\/WP\/wp-content\/uploads\/2024\/03\/cropped-logo.png","width":240,"height":240,"caption":"\/ &Otilde;pimapp \/ Portfoolio"},"image":{"@id":"https:\/\/andreitupits23.thkit.ee\/WP\/#\/schema\/logo\/image\/"}}]}},"_links":{"self":[{"href":"https:\/\/andreitupits23.thkit.ee\/WP\/wp-json\/wp\/v2\/pages\/766","targetHints":{"allow":["GET"]}}],"collection":[{"href":"https:\/\/andreitupits23.thkit.ee\/WP\/wp-json\/wp\/v2\/pages"}],"about":[{"href":"https:\/\/andreitupits23.thkit.ee\/WP\/wp-json\/wp\/v2\/types\/page"}],"author":[{"embeddable":true,"href":"https:\/\/andreitupits23.thkit.ee\/WP\/wp-json\/wp\/v2\/users\/1"}],"replies":[{"embeddable":true,"href":"https:\/\/andreitupits23.thkit.ee\/WP\/wp-json\/wp\/v2\/comments?post=766"}],"version-history":[{"count":11,"href":"https:\/\/andreitupits23.thkit.ee\/WP\/wp-json\/wp\/v2\/pages\/766\/revisions"}],"predecessor-version":[{"id":786,"href":"https:\/\/andreitupits23.thkit.ee\/WP\/wp-json\/wp\/v2\/pages\/766\/revisions\/786"}],"wp:attachment":[{"href":"https:\/\/andreitupits23.thkit.ee\/WP\/wp-json\/wp\/v2\/media?parent=766"}],"curies":[{"name":"wp","href":"https:\/\/api.w.org\/{rel}","templated":true}]}}