{"id":809,"date":"2024-05-30T21:47:47","date_gmt":"2024-05-30T21:47:47","guid":{"rendered":"https:\/\/andreitupits23.thkit.ee\/WP\/?page_id=809"},"modified":"2024-05-30T21:47:47","modified_gmt":"2024-05-30T21:47:47","slug":"veebirakenduste-loomise-alused","status":"publish","type":"page","link":"https:\/\/andreitupits23.thkit.ee\/WP\/veebirakenduste-loomise-alused\/","title":{"rendered":"Veebirakenduste loomise alused"},"content":{"rendered":"\n<h2 class=\"wp-block-heading\">Mis on veebiarendus?<\/h2>\n\n\n\n<p>Veebiarendus on protsess, mis h\u00f5lmab veebilehtede ja veebirakenduste loomist, arendamist ja haldamist. Mitmekesises, jaotatud ja k\u00f5rge konkurentsiga keskkonnas ei pruugi \u00fcks suurus k\u00f5igile sobida.<\/p>\n\n\n\n<p>Seep\u00e4rast toome me Disenjadoriga turule justkui a la carte lahendused digitaalse ajastu jaoks. Veebiarenduse t\u00e4htsus t\u00e4nap\u00e4eva \u00fchiskonnas on vaieldamatu, m\u00f5jutades oluliselt, kuidas me suhtleme, \u00f5pime, t\u00f6\u00f6tame ja meelt lahutame.<\/p>\n","protected":false},"excerpt":{"rendered":"<p>Mis on veebiarendus? Veebiarendus on protsess, mis h\u00f5lmab veebilehtede ja veebirakenduste loomist, arendamist ja haldamist. Mitmekesises, jaotatud ja k\u00f5rge konkurentsiga keskkonnas ei pruugi \u00fcks suurus k\u00f5igile sobida. Seep\u00e4rast toome me Disenjadoriga turule justkui a la carte lahendused digitaalse ajastu jaoks. Veebiarenduse t\u00e4htsus t\u00e4nap\u00e4eva \u00fchiskonnas on vaieldamatu, m\u00f5jutades oluliselt, kuidas me suhtleme, \u00f5pime, t\u00f6\u00f6tame ja meelt<a class=\"more-link\" href=\"https:\/\/andreitupits23.thkit.ee\/WP\/veebirakenduste-loomise-alused\/\">Continue reading <span class=\"screen-reader-text\">&#8220;Veebirakenduste loomise alused&#8221;<\/span><\/a><\/p>\n","protected":false},"author":1,"featured_media":0,"parent":0,"menu_order":0,"comment_status":"closed","ping_status":"closed","template":"","meta":{"footnotes":""},"class_list":["post-809","page","type-page","status-publish","hentry","entry"],"yoast_head":"<!-- This site is optimized with the Yoast SEO plugin v27.4 - https:\/\/yoast.com\/product\/yoast-seo-wordpress\/ -->\n<title>Veebirakenduste loomise alused - \/ &Otilde;pimapp \/ Portfoolio<\/title>\n<meta name=\"robots\" content=\"index, follow, max-snippet:-1, max-image-preview:large, max-video-preview:-1\" \/>\n<link rel=\"canonical\" href=\"https:\/\/andreitupits23.thkit.ee\/WP\/veebirakenduste-loomise-alused\/\" \/>\n<meta property=\"og:locale\" content=\"en_GB\" \/>\n<meta property=\"og:type\" content=\"article\" \/>\n<meta property=\"og:title\" content=\"Veebirakenduste loomise alused - \/ &Otilde;pimapp \/ Portfoolio\" \/>\n<meta property=\"og:description\" content=\"Mis on veebiarendus? Veebiarendus on protsess, mis h\u00f5lmab veebilehtede ja veebirakenduste loomist, arendamist ja haldamist. Mitmekesises, jaotatud ja k\u00f5rge konkurentsiga keskkonnas ei pruugi \u00fcks suurus k\u00f5igile sobida. Seep\u00e4rast toome me Disenjadoriga turule justkui a la carte lahendused digitaalse ajastu jaoks. Veebiarenduse t\u00e4htsus t\u00e4nap\u00e4eva \u00fchiskonnas on vaieldamatu, m\u00f5jutades oluliselt, kuidas me suhtleme, \u00f5pime, t\u00f6\u00f6tame ja meeltContinue reading &quot;Veebirakenduste loomise alused&quot;\" \/>\n<meta property=\"og:url\" content=\"https:\/\/andreitupits23.thkit.ee\/WP\/veebirakenduste-loomise-alused\/\" \/>\n<meta property=\"og:site_name\" content=\"\/ &Otilde;pimapp \/ Portfoolio\" \/>\n<meta name=\"twitter:card\" content=\"summary_large_image\" \/>\n<meta name=\"twitter:label1\" content=\"Estimated reading time\" \/>\n\t<meta name=\"twitter:data1\" content=\"1 minute\" \/>\n<script type=\"application\/ld+json\" class=\"yoast-schema-graph\">{\"@context\":\"https:\\\/\\\/schema.org\",\"@graph\":[{\"@type\":\"WebPage\",\"@id\":\"https:\\\/\\\/andreitupits23.thkit.ee\\\/WP\\\/veebirakenduste-loomise-alused\\\/\",\"url\":\"https:\\\/\\\/andreitupits23.thkit.ee\\\/WP\\\/veebirakenduste-loomise-alused\\\/\",\"name\":\"Veebirakenduste loomise alused - \\\/ &Otilde;pimapp \\\/ Portfoolio\",\"isPartOf\":{\"@id\":\"https:\\\/\\\/andreitupits23.thkit.ee\\\/WP\\\/#website\"},\"datePublished\":\"2024-05-30T21:47:47+00:00\",\"breadcrumb\":{\"@id\":\"https:\\\/\\\/andreitupits23.thkit.ee\\\/WP\\\/veebirakenduste-loomise-alused\\\/#breadcrumb\"},\"inLanguage\":\"en-GB\",\"potentialAction\":[{\"@type\":\"ReadAction\",\"target\":[\"https:\\\/\\\/andreitupits23.thkit.ee\\\/WP\\\/veebirakenduste-loomise-alused\\\/\"]}]},{\"@type\":\"BreadcrumbList\",\"@id\":\"https:\\\/\\\/andreitupits23.thkit.ee\\\/WP\\\/veebirakenduste-loomise-alused\\\/#breadcrumb\",\"itemListElement\":[{\"@type\":\"ListItem\",\"position\":1,\"name\":\"Home\",\"item\":\"https:\\\/\\\/andreitupits23.thkit.ee\\\/WP\\\/\"},{\"@type\":\"ListItem\",\"position\":2,\"name\":\"Veebirakenduste loomise alused\"}]},{\"@type\":\"WebSite\",\"@id\":\"https:\\\/\\\/andreitupits23.thkit.ee\\\/WP\\\/#website\",\"url\":\"https:\\\/\\\/andreitupits23.thkit.ee\\\/WP\\\/\",\"name\":\"\\\/ &Otilde;pimapp \\\/ Portfoolio\",\"description\":\"Welcome to my WP page.\",\"publisher\":{\"@id\":\"https:\\\/\\\/andreitupits23.thkit.ee\\\/WP\\\/#organization\"},\"potentialAction\":[{\"@type\":\"SearchAction\",\"target\":{\"@type\":\"EntryPoint\",\"urlTemplate\":\"https:\\\/\\\/andreitupits23.thkit.ee\\\/WP\\\/?s={search_term_string}\"},\"query-input\":{\"@type\":\"PropertyValueSpecification\",\"valueRequired\":true,\"valueName\":\"search_term_string\"}}],\"inLanguage\":\"en-GB\"},{\"@type\":\"Organization\",\"@id\":\"https:\\\/\\\/andreitupits23.thkit.ee\\\/WP\\\/#organization\",\"name\":\"\\\/ &Otilde;pimapp \\\/ Portfoolio\",\"url\":\"https:\\\/\\\/andreitupits23.thkit.ee\\\/WP\\\/\",\"logo\":{\"@type\":\"ImageObject\",\"inLanguage\":\"en-GB\",\"@id\":\"https:\\\/\\\/andreitupits23.thkit.ee\\\/WP\\\/#\\\/schema\\\/logo\\\/image\\\/\",\"url\":\"https:\\\/\\\/andreitupits23.thkit.ee\\\/WP\\\/wp-content\\\/uploads\\\/2024\\\/03\\\/cropped-logo.png\",\"contentUrl\":\"https:\\\/\\\/andreitupits23.thkit.ee\\\/WP\\\/wp-content\\\/uploads\\\/2024\\\/03\\\/cropped-logo.png\",\"width\":240,\"height\":240,\"caption\":\"\\\/ &Otilde;pimapp \\\/ Portfoolio\"},\"image\":{\"@id\":\"https:\\\/\\\/andreitupits23.thkit.ee\\\/WP\\\/#\\\/schema\\\/logo\\\/image\\\/\"}}]}<\/script>\n<!-- \/ Yoast SEO plugin. -->","yoast_head_json":{"title":"Veebirakenduste loomise alused - \/ &Otilde;pimapp \/ Portfoolio","robots":{"index":"index","follow":"follow","max-snippet":"max-snippet:-1","max-image-preview":"max-image-preview:large","max-video-preview":"max-video-preview:-1"},"canonical":"https:\/\/andreitupits23.thkit.ee\/WP\/veebirakenduste-loomise-alused\/","og_locale":"en_GB","og_type":"article","og_title":"Veebirakenduste loomise alused - \/ &Otilde;pimapp \/ Portfoolio","og_description":"Mis on veebiarendus? Veebiarendus on protsess, mis h\u00f5lmab veebilehtede ja veebirakenduste loomist, arendamist ja haldamist. Mitmekesises, jaotatud ja k\u00f5rge konkurentsiga keskkonnas ei pruugi \u00fcks suurus k\u00f5igile sobida. Seep\u00e4rast toome me Disenjadoriga turule justkui a la carte lahendused digitaalse ajastu jaoks. Veebiarenduse t\u00e4htsus t\u00e4nap\u00e4eva \u00fchiskonnas on vaieldamatu, m\u00f5jutades oluliselt, kuidas me suhtleme, \u00f5pime, t\u00f6\u00f6tame ja meeltContinue reading \"Veebirakenduste loomise alused\"","og_url":"https:\/\/andreitupits23.thkit.ee\/WP\/veebirakenduste-loomise-alused\/","og_site_name":"\/ &Otilde;pimapp \/ Portfoolio","twitter_card":"summary_large_image","twitter_misc":{"Estimated reading time":"1 minute"},"schema":{"@context":"https:\/\/schema.org","@graph":[{"@type":"WebPage","@id":"https:\/\/andreitupits23.thkit.ee\/WP\/veebirakenduste-loomise-alused\/","url":"https:\/\/andreitupits23.thkit.ee\/WP\/veebirakenduste-loomise-alused\/","name":"Veebirakenduste loomise alused - \/ &Otilde;pimapp \/ Portfoolio","isPartOf":{"@id":"https:\/\/andreitupits23.thkit.ee\/WP\/#website"},"datePublished":"2024-05-30T21:47:47+00:00","breadcrumb":{"@id":"https:\/\/andreitupits23.thkit.ee\/WP\/veebirakenduste-loomise-alused\/#breadcrumb"},"inLanguage":"en-GB","potentialAction":[{"@type":"ReadAction","target":["https:\/\/andreitupits23.thkit.ee\/WP\/veebirakenduste-loomise-alused\/"]}]},{"@type":"BreadcrumbList","@id":"https:\/\/andreitupits23.thkit.ee\/WP\/veebirakenduste-loomise-alused\/#breadcrumb","itemListElement":[{"@type":"ListItem","position":1,"name":"Home","item":"https:\/\/andreitupits23.thkit.ee\/WP\/"},{"@type":"ListItem","position":2,"name":"Veebirakenduste loomise alused"}]},{"@type":"WebSite","@id":"https:\/\/andreitupits23.thkit.ee\/WP\/#website","url":"https:\/\/andreitupits23.thkit.ee\/WP\/","name":"\/ &Otilde;pimapp \/ Portfoolio","description":"Welcome to my WP page.","publisher":{"@id":"https:\/\/andreitupits23.thkit.ee\/WP\/#organization"},"potentialAction":[{"@type":"SearchAction","target":{"@type":"EntryPoint","urlTemplate":"https:\/\/andreitupits23.thkit.ee\/WP\/?s={search_term_string}"},"query-input":{"@type":"PropertyValueSpecification","valueRequired":true,"valueName":"search_term_string"}}],"inLanguage":"en-GB"},{"@type":"Organization","@id":"https:\/\/andreitupits23.thkit.ee\/WP\/#organization","name":"\/ &Otilde;pimapp \/ Portfoolio","url":"https:\/\/andreitupits23.thkit.ee\/WP\/","logo":{"@type":"ImageObject","inLanguage":"en-GB","@id":"https:\/\/andreitupits23.thkit.ee\/WP\/#\/schema\/logo\/image\/","url":"https:\/\/andreitupits23.thkit.ee\/WP\/wp-content\/uploads\/2024\/03\/cropped-logo.png","contentUrl":"https:\/\/andreitupits23.thkit.ee\/WP\/wp-content\/uploads\/2024\/03\/cropped-logo.png","width":240,"height":240,"caption":"\/ &Otilde;pimapp \/ Portfoolio"},"image":{"@id":"https:\/\/andreitupits23.thkit.ee\/WP\/#\/schema\/logo\/image\/"}}]}},"_links":{"self":[{"href":"https:\/\/andreitupits23.thkit.ee\/WP\/wp-json\/wp\/v2\/pages\/809","targetHints":{"allow":["GET"]}}],"collection":[{"href":"https:\/\/andreitupits23.thkit.ee\/WP\/wp-json\/wp\/v2\/pages"}],"about":[{"href":"https:\/\/andreitupits23.thkit.ee\/WP\/wp-json\/wp\/v2\/types\/page"}],"author":[{"embeddable":true,"href":"https:\/\/andreitupits23.thkit.ee\/WP\/wp-json\/wp\/v2\/users\/1"}],"replies":[{"embeddable":true,"href":"https:\/\/andreitupits23.thkit.ee\/WP\/wp-json\/wp\/v2\/comments?post=809"}],"version-history":[{"count":1,"href":"https:\/\/andreitupits23.thkit.ee\/WP\/wp-json\/wp\/v2\/pages\/809\/revisions"}],"predecessor-version":[{"id":810,"href":"https:\/\/andreitupits23.thkit.ee\/WP\/wp-json\/wp\/v2\/pages\/809\/revisions\/810"}],"wp:attachment":[{"href":"https:\/\/andreitupits23.thkit.ee\/WP\/wp-json\/wp\/v2\/media?parent=809"}],"curies":[{"name":"wp","href":"https:\/\/api.w.org\/{rel}","templated":true}]}}