{"id":814,"date":"2024-06-13T07:18:20","date_gmt":"2024-06-13T07:18:20","guid":{"rendered":"https:\/\/andreitupits23.thkit.ee\/WP\/?page_id=814"},"modified":"2024-06-13T08:15:23","modified_gmt":"2024-06-13T08:15:23","slug":"ulesanne-4","status":"publish","type":"page","link":"https:\/\/andreitupits23.thkit.ee\/WP\/ulesanne-4\/","title":{"rendered":"Ulesanne 4"},"content":{"rendered":"\n<div class=\"wp-block-group alignfull has-background-background-color has-background\" style=\"margin-top:0;margin-bottom:0;padding-top:var(--wp--preset--spacing--60);padding-right:var(--wp--preset--spacing--30);padding-bottom:var(--wp--preset--spacing--60);padding-left:var(--wp--preset--spacing--30)\"><div class=\"wp-block-group__inner-container is-layout-constrained wp-container-core-group-is-layout-392eb801 wp-block-group-is-layout-constrained\">\n<p>Temperatuuritundlik servol\u00fclitus<\/p>\n\n\n\n<p><mark><strong>T\u00f6\u00f6kirjeldus<\/strong><\/mark><\/p>\n\n\n\n<h2 class=\"wp-block-heading\"><\/h2>\n\n\n\n<ul class=\"wp-block-list\">\n<li>Temperatuuriandur m\u00f5\u00f5dab \u00fcmbritsevat temperatuuri.<\/li>\n\n\n\n<li>Kui temperatuur on \u00fcle 28 kraadi, p\u00f6\u00f6rdub servomootor asendisse 0.<\/li>\n\n\n\n<li>Kui temperatuur on alla 28 kraadi, p\u00f6\u00f6rdub servomootor asendisse 180 kraadi.<\/li>\n<\/ul>\n\n\n\n<p>L\u00f5plikus koodis m\u00e4\u00e4rab temperatuuriandur \u00fcmbritseva \u00f5hu temperatuuri. Kui temperatuur on \u00fcle 28 kraadi Celsiuse j\u00e4rgi, p\u00f6\u00f6rdub servomootor asendisse 0. Kui temperatuur on aga alla 28 kraadi Celsiuse j\u00e4rgi, p\u00f6\u00f6rdub servomootor asendisse 180 kraadi.<\/p>\n\n\n\n<p><mark><strong>Kasutatud komponenid<\/strong><\/mark><br><\/p>\n\n\n\n<p>8 juhet<\/p>\n\n\n\n<p>1 servomootor<\/p>\n\n\n\n<p>1 temperatuuriandur<\/p>\n\n\n\n<p>Arduino Uno mikrokontrolleriplaat<\/p>\n\n\n\n<p>Protoboard (katseplaat)<\/p>\n\n\n\n<p><mark><strong>Kasutamine<\/strong><\/mark><\/p>\n\n\n\n<p>T\u00e4nap\u00e4eval kasutatakse temperatuuriandureid laias valikus rakendustes, alates kodumasinatest kuni t\u00f6\u00f6stuslikes protsessideni. M\u00f5ned levinumad temperatuuriandurite kasutuskohad on j\u00e4rgmised:<\/p>\n\n\n\n<ul class=\"wp-block-list\">\n<li><strong class=\"\">Kodumasinad:<\/strong> Temperatuuriandureid kasutatakse kodumasinates, n\u00e4iteks ahjudes, k\u00fclmkappides ja pesumasinates, et reguleerida temperatuuri.<\/li>\n\n\n\n<li><strong>T\u00f6\u00f6stuslikud protsessid:<\/strong> Temperatuuriandureid kasutatakse t\u00f6\u00f6stuslikes protsessides, n\u00e4iteks toidu- ja joogit\u00f6\u00f6stuses, keemiat\u00f6\u00f6stuses ja farmaatsiat\u00f6\u00f6stuses, et j\u00e4lgida ja reguleerida temperatuuri.<\/li>\n\n\n\n<li><strong>HVAC-s\u00fcsteemid:<\/strong> Temperatuuriandureid kasutatakse HVAC-s\u00fcsteemides, et reguleerida hoonete temperatuuri.<\/li>\n\n\n\n<li><strong>Autod:<\/strong> Temperatuuriandureid kasutatakse autodes mootori temperatuuri, jahutusvedeliku temperatuuri ja \u00f5hutemperatuuri j\u00e4lgimiseks.<\/li>\n\n\n\n<li><strong>Meditsiiniseadmed:<\/strong> Temperatuuriandureid kasutatakse meditsiiniseadmetes, n\u00e4iteks inkubaatorites ja termomeetrites, kehatemperatuuri m\u00f5\u00f5tmiseks.<\/li>\n\n\n\n<li><strong>Kantavad seadmed:<\/strong> Temperatuuriandureid kasutatakse kantavates seadmetes, n\u00e4iteks nutikellades ja spordikellades, et j\u00e4lgida kehatemperatuuri ja tegevuse taset.<\/li>\n<\/ul>\n\n\n\n<p>Need on vaid m\u00f5ned paljudest temperatuuriandurite kasutuskohtadest. Temperatuuriandureid kasutatakse j\u00e4rjest rohkemates rakendustes, kuna need muutuvad aina odavamaks ja t\u00e4psemaks.<\/p>\n\n\n\n<p><strong><mark style=\"background-color:#ffe200\" class=\"has-inline-color\">Kood <\/mark><\/strong><\/p>\n\n\n\n<pre class=\"wp-block-code\"><code>#include &lt;Servo.h>\n\nServo servo1;\n\nconst int temperaturePin = 0;\n\nvoid setup()\n{\n Serial.begin(9600);\n servo1.attach(10);\n}\n\nvoid loop()\n{\n\n float voltage, degreesC;\n  \n voltage = getVoltage(temperaturePin);\n degreesC = (voltage - 0.5) * 100.0;\n \n Serial.print(\" deg C: \");\n Serial.print(degreesC);\n\n if (degreesC &lt;= 22)\n {\n  servo1.write(0);\n }\n  \n else if(degreesC >= 35)\n {\n  servo1.write(180);\n }\n  \n delay(1000);\n}\n\nfloat getVoltage(int pin)\n{\n return (analogRead(pin) * 0.004882814);\n}\n<\/code><\/pre>\n\n\n\n<p><mark><strong>Link<\/strong><\/mark><\/p>\n\n\n\n<figure class=\"wp-block-embed is-type-video is-provider-youtube wp-block-embed-youtube wp-embed-aspect-16-9 wp-has-aspect-ratio\"><div class=\"wp-block-embed__wrapper\">\n<iframe loading=\"lazy\" title=\"Temperatuuritundlik servol\u00fclitus\" width=\"620\" height=\"349\" src=\"https:\/\/www.youtube.com\/embed\/uOroXwSzB20?feature=oembed\" frameborder=\"0\" allow=\"accelerometer; autoplay; clipboard-write; encrypted-media; gyroscope; picture-in-picture; web-share\" referrerpolicy=\"strict-origin-when-cross-origin\" allowfullscreen><\/iframe>\n<\/div><\/figure>\n\n\n\n<p><mark><strong>Konstruktsioon Tinkercad<\/strong><\/mark><\/p>\n\n\n\n<figure class=\"wp-block-image size-large\"><img loading=\"lazy\" decoding=\"async\" width=\"1024\" height=\"646\" src=\"https:\/\/andreitupits23.thkit.ee\/WP\/wp-content\/uploads\/2024\/06\/image-1024x646.png\" alt=\"\" class=\"wp-image-816\" srcset=\"https:\/\/andreitupits23.thkit.ee\/WP\/wp-content\/uploads\/2024\/06\/image-1024x646.png 1024w, https:\/\/andreitupits23.thkit.ee\/WP\/wp-content\/uploads\/2024\/06\/image-300x189.png 300w, https:\/\/andreitupits23.thkit.ee\/WP\/wp-content\/uploads\/2024\/06\/image-768x484.png 768w, https:\/\/andreitupits23.thkit.ee\/WP\/wp-content\/uploads\/2024\/06\/image-750x473.png 750w, https:\/\/andreitupits23.thkit.ee\/WP\/wp-content\/uploads\/2024\/06\/image.png 1137w\" sizes=\"auto, (max-width: 1024px) 100vw, 1024px\" \/><\/figure>\n\n\n\n<p><\/p>\n\n\n\n<div class=\"wp-block-group alignfull has-background-background-color has-background\" style=\"margin-top:0;margin-bottom:0;padding-top:var(--wp--preset--spacing--60);padding-right:var(--wp--preset--spacing--30);padding-bottom:var(--wp--preset--spacing--60);padding-left:var(--wp--preset--spacing--30)\"><div class=\"wp-block-group__inner-container is-layout-constrained wp-container-core-group-is-layout-392eb801 wp-block-group-is-layout-constrained\">\n<div class=\"wp-block-columns alignwide are-vertically-aligned-top is-layout-flex wp-container-core-columns-is-layout-30f78326 wp-block-columns-is-layout-flex\"><\/div>\n<\/div><\/div>\n<\/div><\/div>\n","protected":false},"excerpt":{"rendered":"<p>Temperatuuritundlik servol\u00fclitus T\u00f6\u00f6kirjeldus L\u00f5plikus koodis m\u00e4\u00e4rab temperatuuriandur \u00fcmbritseva \u00f5hu temperatuuri. Kui temperatuur on \u00fcle 28 kraadi Celsiuse j\u00e4rgi, p\u00f6\u00f6rdub servomootor asendisse 0. Kui temperatuur on aga alla 28 kraadi Celsiuse j\u00e4rgi, p\u00f6\u00f6rdub servomootor asendisse 180 kraadi. Kasutatud komponenid 8 juhet 1 servomootor 1 temperatuuriandur Arduino Uno mikrokontrolleriplaat Protoboard (katseplaat) Kasutamine T\u00e4nap\u00e4eval kasutatakse temperatuuriandureid laias valikus<a class=\"more-link\" href=\"https:\/\/andreitupits23.thkit.ee\/WP\/ulesanne-4\/\">Continue reading <span class=\"screen-reader-text\">&#8220;Ulesanne 4&#8221;<\/span><\/a><\/p>\n","protected":false},"author":1,"featured_media":0,"parent":0,"menu_order":0,"comment_status":"closed","ping_status":"closed","template":"","meta":{"footnotes":""},"class_list":["post-814","page","type-page","status-publish","hentry","entry"],"yoast_head":"<!-- This site is optimized with the Yoast SEO plugin v27.4 - https:\/\/yoast.com\/product\/yoast-seo-wordpress\/ -->\n<title>Ulesanne 4 - \/ &Otilde;pimapp \/ Portfoolio<\/title>\n<meta name=\"robots\" content=\"index, follow, max-snippet:-1, max-image-preview:large, max-video-preview:-1\" \/>\n<link rel=\"canonical\" href=\"https:\/\/andreitupits23.thkit.ee\/WP\/ulesanne-4\/\" \/>\n<meta property=\"og:locale\" content=\"en_GB\" \/>\n<meta property=\"og:type\" content=\"article\" \/>\n<meta property=\"og:title\" content=\"Ulesanne 4 - \/ &Otilde;pimapp \/ Portfoolio\" \/>\n<meta property=\"og:description\" content=\"Temperatuuritundlik servol\u00fclitus T\u00f6\u00f6kirjeldus L\u00f5plikus koodis m\u00e4\u00e4rab temperatuuriandur \u00fcmbritseva \u00f5hu temperatuuri. Kui temperatuur on \u00fcle 28 kraadi Celsiuse j\u00e4rgi, p\u00f6\u00f6rdub servomootor asendisse 0. Kui temperatuur on aga alla 28 kraadi Celsiuse j\u00e4rgi, p\u00f6\u00f6rdub servomootor asendisse 180 kraadi. Kasutatud komponenid 8 juhet 1 servomootor 1 temperatuuriandur Arduino Uno mikrokontrolleriplaat Protoboard (katseplaat) Kasutamine T\u00e4nap\u00e4eval kasutatakse temperatuuriandureid laias valikusContinue reading &quot;Ulesanne 4&quot;\" \/>\n<meta property=\"og:url\" content=\"https:\/\/andreitupits23.thkit.ee\/WP\/ulesanne-4\/\" \/>\n<meta property=\"og:site_name\" content=\"\/ &Otilde;pimapp \/ Portfoolio\" \/>\n<meta property=\"article:modified_time\" content=\"2024-06-13T08:15:23+00:00\" \/>\n<meta property=\"og:image\" content=\"https:\/\/andreitupits23.thkit.ee\/WP\/wp-content\/uploads\/2024\/06\/image-1024x646.png\" \/>\n<meta name=\"twitter:card\" content=\"summary_large_image\" \/>\n<meta name=\"twitter:label1\" content=\"Estimated reading time\" \/>\n\t<meta name=\"twitter:data1\" content=\"2 minutes\" \/>\n<script type=\"application\/ld+json\" class=\"yoast-schema-graph\">{\"@context\":\"https:\\\/\\\/schema.org\",\"@graph\":[{\"@type\":\"WebPage\",\"@id\":\"https:\\\/\\\/andreitupits23.thkit.ee\\\/WP\\\/ulesanne-4\\\/\",\"url\":\"https:\\\/\\\/andreitupits23.thkit.ee\\\/WP\\\/ulesanne-4\\\/\",\"name\":\"Ulesanne 4 - \\\/ &Otilde;pimapp \\\/ Portfoolio\",\"isPartOf\":{\"@id\":\"https:\\\/\\\/andreitupits23.thkit.ee\\\/WP\\\/#website\"},\"primaryImageOfPage\":{\"@id\":\"https:\\\/\\\/andreitupits23.thkit.ee\\\/WP\\\/ulesanne-4\\\/#primaryimage\"},\"image\":{\"@id\":\"https:\\\/\\\/andreitupits23.thkit.ee\\\/WP\\\/ulesanne-4\\\/#primaryimage\"},\"thumbnailUrl\":\"https:\\\/\\\/andreitupits23.thkit.ee\\\/WP\\\/wp-content\\\/uploads\\\/2024\\\/06\\\/image-1024x646.png\",\"datePublished\":\"2024-06-13T07:18:20+00:00\",\"dateModified\":\"2024-06-13T08:15:23+00:00\",\"breadcrumb\":{\"@id\":\"https:\\\/\\\/andreitupits23.thkit.ee\\\/WP\\\/ulesanne-4\\\/#breadcrumb\"},\"inLanguage\":\"en-GB\",\"potentialAction\":[{\"@type\":\"ReadAction\",\"target\":[\"https:\\\/\\\/andreitupits23.thkit.ee\\\/WP\\\/ulesanne-4\\\/\"]}]},{\"@type\":\"ImageObject\",\"inLanguage\":\"en-GB\",\"@id\":\"https:\\\/\\\/andreitupits23.thkit.ee\\\/WP\\\/ulesanne-4\\\/#primaryimage\",\"url\":\"https:\\\/\\\/andreitupits23.thkit.ee\\\/WP\\\/wp-content\\\/uploads\\\/2024\\\/06\\\/image.png\",\"contentUrl\":\"https:\\\/\\\/andreitupits23.thkit.ee\\\/WP\\\/wp-content\\\/uploads\\\/2024\\\/06\\\/image.png\",\"width\":1137,\"height\":717},{\"@type\":\"BreadcrumbList\",\"@id\":\"https:\\\/\\\/andreitupits23.thkit.ee\\\/WP\\\/ulesanne-4\\\/#breadcrumb\",\"itemListElement\":[{\"@type\":\"ListItem\",\"position\":1,\"name\":\"Home\",\"item\":\"https:\\\/\\\/andreitupits23.thkit.ee\\\/WP\\\/\"},{\"@type\":\"ListItem\",\"position\":2,\"name\":\"Ulesanne 4\"}]},{\"@type\":\"WebSite\",\"@id\":\"https:\\\/\\\/andreitupits23.thkit.ee\\\/WP\\\/#website\",\"url\":\"https:\\\/\\\/andreitupits23.thkit.ee\\\/WP\\\/\",\"name\":\"\\\/ &Otilde;pimapp \\\/ Portfoolio\",\"description\":\"Welcome to my WP page.\",\"publisher\":{\"@id\":\"https:\\\/\\\/andreitupits23.thkit.ee\\\/WP\\\/#organization\"},\"potentialAction\":[{\"@type\":\"SearchAction\",\"target\":{\"@type\":\"EntryPoint\",\"urlTemplate\":\"https:\\\/\\\/andreitupits23.thkit.ee\\\/WP\\\/?s={search_term_string}\"},\"query-input\":{\"@type\":\"PropertyValueSpecification\",\"valueRequired\":true,\"valueName\":\"search_term_string\"}}],\"inLanguage\":\"en-GB\"},{\"@type\":\"Organization\",\"@id\":\"https:\\\/\\\/andreitupits23.thkit.ee\\\/WP\\\/#organization\",\"name\":\"\\\/ &Otilde;pimapp \\\/ Portfoolio\",\"url\":\"https:\\\/\\\/andreitupits23.thkit.ee\\\/WP\\\/\",\"logo\":{\"@type\":\"ImageObject\",\"inLanguage\":\"en-GB\",\"@id\":\"https:\\\/\\\/andreitupits23.thkit.ee\\\/WP\\\/#\\\/schema\\\/logo\\\/image\\\/\",\"url\":\"https:\\\/\\\/andreitupits23.thkit.ee\\\/WP\\\/wp-content\\\/uploads\\\/2024\\\/03\\\/cropped-logo.png\",\"contentUrl\":\"https:\\\/\\\/andreitupits23.thkit.ee\\\/WP\\\/wp-content\\\/uploads\\\/2024\\\/03\\\/cropped-logo.png\",\"width\":240,\"height\":240,\"caption\":\"\\\/ &Otilde;pimapp \\\/ Portfoolio\"},\"image\":{\"@id\":\"https:\\\/\\\/andreitupits23.thkit.ee\\\/WP\\\/#\\\/schema\\\/logo\\\/image\\\/\"}}]}<\/script>\n<!-- \/ Yoast SEO plugin. -->","yoast_head_json":{"title":"Ulesanne 4 - \/ &Otilde;pimapp \/ Portfoolio","robots":{"index":"index","follow":"follow","max-snippet":"max-snippet:-1","max-image-preview":"max-image-preview:large","max-video-preview":"max-video-preview:-1"},"canonical":"https:\/\/andreitupits23.thkit.ee\/WP\/ulesanne-4\/","og_locale":"en_GB","og_type":"article","og_title":"Ulesanne 4 - \/ &Otilde;pimapp \/ Portfoolio","og_description":"Temperatuuritundlik servol\u00fclitus T\u00f6\u00f6kirjeldus L\u00f5plikus koodis m\u00e4\u00e4rab temperatuuriandur \u00fcmbritseva \u00f5hu temperatuuri. Kui temperatuur on \u00fcle 28 kraadi Celsiuse j\u00e4rgi, p\u00f6\u00f6rdub servomootor asendisse 0. Kui temperatuur on aga alla 28 kraadi Celsiuse j\u00e4rgi, p\u00f6\u00f6rdub servomootor asendisse 180 kraadi. Kasutatud komponenid 8 juhet 1 servomootor 1 temperatuuriandur Arduino Uno mikrokontrolleriplaat Protoboard (katseplaat) Kasutamine T\u00e4nap\u00e4eval kasutatakse temperatuuriandureid laias valikusContinue reading \"Ulesanne 4\"","og_url":"https:\/\/andreitupits23.thkit.ee\/WP\/ulesanne-4\/","og_site_name":"\/ &Otilde;pimapp \/ Portfoolio","article_modified_time":"2024-06-13T08:15:23+00:00","og_image":[{"url":"https:\/\/andreitupits23.thkit.ee\/WP\/wp-content\/uploads\/2024\/06\/image-1024x646.png","type":"","width":"","height":""}],"twitter_card":"summary_large_image","twitter_misc":{"Estimated reading time":"2 minutes"},"schema":{"@context":"https:\/\/schema.org","@graph":[{"@type":"WebPage","@id":"https:\/\/andreitupits23.thkit.ee\/WP\/ulesanne-4\/","url":"https:\/\/andreitupits23.thkit.ee\/WP\/ulesanne-4\/","name":"Ulesanne 4 - \/ &Otilde;pimapp \/ Portfoolio","isPartOf":{"@id":"https:\/\/andreitupits23.thkit.ee\/WP\/#website"},"primaryImageOfPage":{"@id":"https:\/\/andreitupits23.thkit.ee\/WP\/ulesanne-4\/#primaryimage"},"image":{"@id":"https:\/\/andreitupits23.thkit.ee\/WP\/ulesanne-4\/#primaryimage"},"thumbnailUrl":"https:\/\/andreitupits23.thkit.ee\/WP\/wp-content\/uploads\/2024\/06\/image-1024x646.png","datePublished":"2024-06-13T07:18:20+00:00","dateModified":"2024-06-13T08:15:23+00:00","breadcrumb":{"@id":"https:\/\/andreitupits23.thkit.ee\/WP\/ulesanne-4\/#breadcrumb"},"inLanguage":"en-GB","potentialAction":[{"@type":"ReadAction","target":["https:\/\/andreitupits23.thkit.ee\/WP\/ulesanne-4\/"]}]},{"@type":"ImageObject","inLanguage":"en-GB","@id":"https:\/\/andreitupits23.thkit.ee\/WP\/ulesanne-4\/#primaryimage","url":"https:\/\/andreitupits23.thkit.ee\/WP\/wp-content\/uploads\/2024\/06\/image.png","contentUrl":"https:\/\/andreitupits23.thkit.ee\/WP\/wp-content\/uploads\/2024\/06\/image.png","width":1137,"height":717},{"@type":"BreadcrumbList","@id":"https:\/\/andreitupits23.thkit.ee\/WP\/ulesanne-4\/#breadcrumb","itemListElement":[{"@type":"ListItem","position":1,"name":"Home","item":"https:\/\/andreitupits23.thkit.ee\/WP\/"},{"@type":"ListItem","position":2,"name":"Ulesanne 4"}]},{"@type":"WebSite","@id":"https:\/\/andreitupits23.thkit.ee\/WP\/#website","url":"https:\/\/andreitupits23.thkit.ee\/WP\/","name":"\/ &Otilde;pimapp \/ Portfoolio","description":"Welcome to my WP page.","publisher":{"@id":"https:\/\/andreitupits23.thkit.ee\/WP\/#organization"},"potentialAction":[{"@type":"SearchAction","target":{"@type":"EntryPoint","urlTemplate":"https:\/\/andreitupits23.thkit.ee\/WP\/?s={search_term_string}"},"query-input":{"@type":"PropertyValueSpecification","valueRequired":true,"valueName":"search_term_string"}}],"inLanguage":"en-GB"},{"@type":"Organization","@id":"https:\/\/andreitupits23.thkit.ee\/WP\/#organization","name":"\/ &Otilde;pimapp \/ Portfoolio","url":"https:\/\/andreitupits23.thkit.ee\/WP\/","logo":{"@type":"ImageObject","inLanguage":"en-GB","@id":"https:\/\/andreitupits23.thkit.ee\/WP\/#\/schema\/logo\/image\/","url":"https:\/\/andreitupits23.thkit.ee\/WP\/wp-content\/uploads\/2024\/03\/cropped-logo.png","contentUrl":"https:\/\/andreitupits23.thkit.ee\/WP\/wp-content\/uploads\/2024\/03\/cropped-logo.png","width":240,"height":240,"caption":"\/ &Otilde;pimapp \/ Portfoolio"},"image":{"@id":"https:\/\/andreitupits23.thkit.ee\/WP\/#\/schema\/logo\/image\/"}}]}},"_links":{"self":[{"href":"https:\/\/andreitupits23.thkit.ee\/WP\/wp-json\/wp\/v2\/pages\/814","targetHints":{"allow":["GET"]}}],"collection":[{"href":"https:\/\/andreitupits23.thkit.ee\/WP\/wp-json\/wp\/v2\/pages"}],"about":[{"href":"https:\/\/andreitupits23.thkit.ee\/WP\/wp-json\/wp\/v2\/types\/page"}],"author":[{"embeddable":true,"href":"https:\/\/andreitupits23.thkit.ee\/WP\/wp-json\/wp\/v2\/users\/1"}],"replies":[{"embeddable":true,"href":"https:\/\/andreitupits23.thkit.ee\/WP\/wp-json\/wp\/v2\/comments?post=814"}],"version-history":[{"count":2,"href":"https:\/\/andreitupits23.thkit.ee\/WP\/wp-json\/wp\/v2\/pages\/814\/revisions"}],"predecessor-version":[{"id":817,"href":"https:\/\/andreitupits23.thkit.ee\/WP\/wp-json\/wp\/v2\/pages\/814\/revisions\/817"}],"wp:attachment":[{"href":"https:\/\/andreitupits23.thkit.ee\/WP\/wp-json\/wp\/v2\/media?parent=814"}],"curies":[{"name":"wp","href":"https:\/\/api.w.org\/{rel}","templated":true}]}}