{"id":836,"date":"2024-06-16T18:23:33","date_gmt":"2024-06-16T18:23:33","guid":{"rendered":"https:\/\/andreitupits23.thkit.ee\/WP\/?page_id=836"},"modified":"2024-06-17T10:34:16","modified_gmt":"2024-06-17T10:34:16","slug":"ulesanne-7","status":"publish","type":"page","link":"https:\/\/andreitupits23.thkit.ee\/WP\/ulesanne-7\/","title":{"rendered":"Ulesanne 7"},"content":{"rendered":"\n<div class=\"wp-block-group alignfull has-background-background-color has-background\" style=\"margin-top:0;margin-bottom:0;padding-top:var(--wp--preset--spacing--60);padding-right:var(--wp--preset--spacing--30);padding-bottom:var(--wp--preset--spacing--60);padding-left:var(--wp--preset--spacing--30)\"><div class=\"wp-block-group__inner-container is-layout-constrained wp-container-core-group-is-layout-392eb801 wp-block-group-is-layout-constrained\">\n<h1 class=\"wp-block-heading\">Rahakarp<\/h1>\n\n\n\n<p><mark><strong>T\u00f6\u00f6kirjeldus<\/strong><\/mark><\/p>\n\n\n\n<p>Ultrahelisensor n\u00e4eb liikumist ja  suu avatakse  (roheline tuli s\u00fcttib) ning sinna saab panna m\u00fcndi. P\u00e4rast seda suu automaatselt sulatakse (punane tuli s\u00fcttib).<\/p>\n\n\n\n<p><mark><strong>Komponendid<\/strong><\/mark><\/p>\n\n\n\n<p>16 juhtmest<br>3 takistit<br>1 ultrahelisensor<br>1 servomootor<br>1 LED-lamp<br>1 Arduino Uno plaat<br>1 protot\u00fc\u00fcpplaat<\/p>\n\n\n\n<p><mark><strong>Kasutamine<\/strong><\/mark><\/p>\n\n\n\n<p>Ultrahelisensoreid saab kasutada paljudes erinevates valdkondades ja rakendustes, sealhulgas:<\/p>\n\n\n\n<ol class=\"wp-block-list\">\n<li><strong>T\u00f6\u00f6stusautomaatika<\/strong>:\n<ul class=\"wp-block-list\">\n<li><strong>Taseme m\u00f5\u00f5tmine<\/strong>: Vedelike v\u00f5i tahkete ainete taseme m\u00f5\u00f5tmine paakides ja silohoidlates.<\/li>\n\n\n\n<li><strong>Kauguse m\u00f5\u00f5tmine<\/strong>: Robotite ja tootmisliinide automatiseerimine, kus on vaja t\u00e4pset kauguse m\u00f5\u00f5tmist.<\/li>\n<\/ul>\n<\/li>\n\n\n\n<li><strong>Autot\u00f6\u00f6stus<\/strong>:\n<ul class=\"wp-block-list\">\n<li><strong>Parkimisabi<\/strong>: Tagurdus- ja parkimisandurid, mis aitavad juhil takistusi tuvastada.<\/li>\n\n\n\n<li><strong>Pimenurga tuvastamine<\/strong>: Abi juhile s\u00f5iduki pimenurgas olevate objektide tuvastamisel.<\/li>\n<\/ul>\n<\/li>\n\n\n\n<li><strong>Meditsiin<\/strong>:\n<ul class=\"wp-block-list\">\n<li><strong>Meditsiiniseadmed<\/strong>: Ultraheliandurid kasutatakse meditsiiniseadmetes, nagu ultraheliuuringud, et kuvada siseorganeid.<\/li>\n<\/ul>\n<\/li>\n\n\n\n<li><strong>Turva- ja valveseadmed<\/strong>:\n<ul class=\"wp-block-list\">\n<li><strong>Liikumisandurid<\/strong>: Turvas\u00fcsteemid, mis tuvastavad sissetungijaid.<\/li>\n\n\n\n<li><strong>Valves\u00fcsteemid<\/strong>: Kasutatakse liikumise tuvastamiseks ja hoonete kaitsmiseks.<\/li>\n<\/ul>\n<\/li>\n\n\n\n<li><strong>Lennundus ja merendus<\/strong>:\n<ul class=\"wp-block-list\">\n<li><strong>Kauguse m\u00f5\u00f5tmine<\/strong>: Lennukites ja laevades, et m\u00f5\u00f5ta kaugust maapinnast v\u00f5i merep\u00f5hjast.<\/li>\n\n\n\n<li><strong>Navigatsioon<\/strong>: Kasutatakse lennukite ja laevade navigatsioonis\u00fcsteemides.<\/li>\n<\/ul>\n<\/li>\n\n\n\n<li><strong>Robootika<\/strong>:\n<ul class=\"wp-block-list\">\n<li><strong>Takistuste v\u00e4ltimine<\/strong>: Robotite ja droonide navigeerimine, et v\u00e4ltida kokkup\u00f5rkeid.<\/li>\n\n\n\n<li><strong>Autonoomsed s\u00fcsteemid<\/strong>: Robotid ja autonoomsed s\u00f5idukid, mis kasutavad ultrahelisensoreid keskkonna tajumiseks<\/li>\n<\/ul>\n<\/li>\n\n\n\n<li><strong>Kodutehnika<\/strong>:\n<ul class=\"wp-block-list\">\n<li><strong>Nutiseadmed<\/strong>: Automaatsete uste, segistite ja muude nutiseadmete juhtimine, mis reageerivad liikumisele.<\/li>\n<\/ul>\n<\/li>\n<\/ol>\n\n\n\n<p>Ultrahelisensoreid kasutatakse laialdaselt nende usaldusv\u00e4\u00e4rsuse, t\u00e4psuse ja mitmek\u00fclgsuse t\u00f5ttu paljudes erinevates rakendustes.<\/p>\n\n\n\n<p><strong><mark>Kood<\/mark><\/strong><\/p>\n\n\n\n<pre class=\"wp-block-code\"><code>#include  &lt;Servo.h&gt; \n#define ECHO_PIN 12\n\n#define TRIG_PIN 13\n\n#define ECHO_PIN2 8\n\n#define TRIG_PIN2 9\n\nServo servo1;\n\nconst int RED_PIN = 5;\nconst int GREEN_PIN = 3;\nconst int BLUE_PIN = 4;\n\nvoid setup()\n{\nservo1.attach(10);\n  \npinMode(ECHO_PIN, INPUT);\npinMode(TRIG_PIN, OUTPUT);\npinMode(ECHO_PIN2, INPUT);\npinMode(TRIG_PIN2, OUTPUT);\n  \npinMode(RED_PIN, OUTPUT);\npinMode(GREEN_PIN, OUTPUT);\npinMode(BLUE_PIN, OUTPUT);\n\nSerial.begin(9600);\n}\nvoid loop()\n{\nint position;\n\ndigitalWrite(TRIG_PIN,HIGH);\n\ndigitalWrite(TRIG_PIN,LOW);\n  \ndigitalWrite(TRIG_PIN2,HIGH);\n\ndigitalWrite(TRIG_PIN2,LOW);\n\nint distance=pulseIn(ECHO_PIN, HIGH)\/50;\nint distance2=pulseIn(ECHO_PIN2, HIGH)\/50;\n\n\nSerial.println(distance);\nSerial.println(distance2);\n\n\nif(distance&gt;10)\n{\n  servo1.write(0);\n  delay(1000);\n  Serial.println('0');\n  digitalWrite(RED_PIN, LOW);\n  digitalWrite(GREEN_PIN, HIGH);\n}\nelse if(distance&lt;=10)\n{\n  servo1.write(90);\n  delay(1000);\n  Serial.println('2');\n  digitalWrite(GREEN_PIN, LOW);\n  digitalWrite(RED_PIN, HIGH);\n}\n}<\/code><\/pre>\n\n\n\n<p><mark><strong>Link<\/strong><\/mark><\/p>\n\n\n\n<figure class=\"wp-block-embed is-type-video is-provider-youtube wp-block-embed-youtube wp-embed-aspect-16-9 wp-has-aspect-ratio\"><div class=\"wp-block-embed__wrapper\">\n<iframe loading=\"lazy\" title=\"17 \u0438\u044e\u043d\u044f 2024 \u0433.\" width=\"620\" height=\"349\" src=\"https:\/\/www.youtube.com\/embed\/MDJWRkRCoj0?feature=oembed\" frameborder=\"0\" allow=\"accelerometer; autoplay; clipboard-write; encrypted-media; gyroscope; picture-in-picture; web-share\" referrerpolicy=\"strict-origin-when-cross-origin\" allowfullscreen><\/iframe>\n<\/div><\/figure>\n\n\n\n<p><mark><strong>Konstruktsioon Tinkercad<\/strong><\/mark><\/p>\n\n\n\n<figure class=\"wp-block-image size-large\"><img loading=\"lazy\" decoding=\"async\" width=\"1024\" height=\"552\" src=\"https:\/\/andreitupits23.thkit.ee\/WP\/wp-content\/uploads\/2024\/06\/image-7-1024x552.png\" alt=\"\" class=\"wp-image-869\" srcset=\"https:\/\/andreitupits23.thkit.ee\/WP\/wp-content\/uploads\/2024\/06\/image-7-1024x552.png 1024w, https:\/\/andreitupits23.thkit.ee\/WP\/wp-content\/uploads\/2024\/06\/image-7-300x162.png 300w, https:\/\/andreitupits23.thkit.ee\/WP\/wp-content\/uploads\/2024\/06\/image-7-768x414.png 768w, https:\/\/andreitupits23.thkit.ee\/WP\/wp-content\/uploads\/2024\/06\/image-7-750x404.png 750w, https:\/\/andreitupits23.thkit.ee\/WP\/wp-content\/uploads\/2024\/06\/image-7.png 1299w\" sizes=\"auto, (max-width: 1024px) 100vw, 1024px\" \/><\/figure>\n\n\n\n<p><\/p>\n<\/div><\/div>\n","protected":false},"excerpt":{"rendered":"<p>Rahakarp T\u00f6\u00f6kirjeldus Ultrahelisensor n\u00e4eb liikumist ja suu avatakse (roheline tuli s\u00fcttib) ning sinna saab panna m\u00fcndi. P\u00e4rast seda suu automaatselt sulatakse (punane tuli s\u00fcttib). Komponendid 16 juhtmest3 takistit1 ultrahelisensor1 servomootor1 LED-lamp1 Arduino Uno plaat1 protot\u00fc\u00fcpplaat Kasutamine Ultrahelisensoreid saab kasutada paljudes erinevates valdkondades ja rakendustes, sealhulgas: Ultrahelisensoreid kasutatakse laialdaselt nende usaldusv\u00e4\u00e4rsuse, t\u00e4psuse ja mitmek\u00fclgsuse t\u00f5ttu paljudes<a class=\"more-link\" href=\"https:\/\/andreitupits23.thkit.ee\/WP\/ulesanne-7\/\">Continue reading <span class=\"screen-reader-text\">&#8220;Ulesanne 7&#8221;<\/span><\/a><\/p>\n","protected":false},"author":1,"featured_media":0,"parent":0,"menu_order":0,"comment_status":"closed","ping_status":"closed","template":"","meta":{"footnotes":""},"class_list":["post-836","page","type-page","status-publish","hentry","entry"],"yoast_head":"<!-- This site is optimized with the Yoast SEO plugin v27.4 - https:\/\/yoast.com\/product\/yoast-seo-wordpress\/ -->\n<title>Ulesanne 7 - \/ &Otilde;pimapp \/ Portfoolio<\/title>\n<meta name=\"robots\" content=\"index, follow, max-snippet:-1, max-image-preview:large, max-video-preview:-1\" \/>\n<link rel=\"canonical\" href=\"https:\/\/andreitupits23.thkit.ee\/WP\/ulesanne-7\/\" \/>\n<meta property=\"og:locale\" content=\"en_GB\" \/>\n<meta property=\"og:type\" content=\"article\" \/>\n<meta property=\"og:title\" content=\"Ulesanne 7 - \/ &Otilde;pimapp \/ Portfoolio\" \/>\n<meta property=\"og:description\" content=\"Rahakarp T\u00f6\u00f6kirjeldus Ultrahelisensor n\u00e4eb liikumist ja suu avatakse (roheline tuli s\u00fcttib) ning sinna saab panna m\u00fcndi. P\u00e4rast seda suu automaatselt sulatakse (punane tuli s\u00fcttib). Komponendid 16 juhtmest3 takistit1 ultrahelisensor1 servomootor1 LED-lamp1 Arduino Uno plaat1 protot\u00fc\u00fcpplaat Kasutamine Ultrahelisensoreid saab kasutada paljudes erinevates valdkondades ja rakendustes, sealhulgas: Ultrahelisensoreid kasutatakse laialdaselt nende usaldusv\u00e4\u00e4rsuse, t\u00e4psuse ja mitmek\u00fclgsuse t\u00f5ttu paljudesContinue reading &quot;Ulesanne 7&quot;\" \/>\n<meta property=\"og:url\" content=\"https:\/\/andreitupits23.thkit.ee\/WP\/ulesanne-7\/\" \/>\n<meta property=\"og:site_name\" content=\"\/ &Otilde;pimapp \/ Portfoolio\" \/>\n<meta property=\"article:modified_time\" content=\"2024-06-17T10:34:16+00:00\" \/>\n<meta property=\"og:image\" content=\"https:\/\/andreitupits23.thkit.ee\/WP\/wp-content\/uploads\/2024\/06\/image-7-1024x552.png\" \/>\n<meta name=\"twitter:card\" content=\"summary_large_image\" \/>\n<meta name=\"twitter:label1\" content=\"Estimated reading time\" \/>\n\t<meta name=\"twitter:data1\" content=\"2 minutes\" \/>\n<script type=\"application\/ld+json\" class=\"yoast-schema-graph\">{\"@context\":\"https:\\\/\\\/schema.org\",\"@graph\":[{\"@type\":\"WebPage\",\"@id\":\"https:\\\/\\\/andreitupits23.thkit.ee\\\/WP\\\/ulesanne-7\\\/\",\"url\":\"https:\\\/\\\/andreitupits23.thkit.ee\\\/WP\\\/ulesanne-7\\\/\",\"name\":\"Ulesanne 7 - \\\/ &Otilde;pimapp \\\/ Portfoolio\",\"isPartOf\":{\"@id\":\"https:\\\/\\\/andreitupits23.thkit.ee\\\/WP\\\/#website\"},\"primaryImageOfPage\":{\"@id\":\"https:\\\/\\\/andreitupits23.thkit.ee\\\/WP\\\/ulesanne-7\\\/#primaryimage\"},\"image\":{\"@id\":\"https:\\\/\\\/andreitupits23.thkit.ee\\\/WP\\\/ulesanne-7\\\/#primaryimage\"},\"thumbnailUrl\":\"https:\\\/\\\/andreitupits23.thkit.ee\\\/WP\\\/wp-content\\\/uploads\\\/2024\\\/06\\\/image-7-1024x552.png\",\"datePublished\":\"2024-06-16T18:23:33+00:00\",\"dateModified\":\"2024-06-17T10:34:16+00:00\",\"breadcrumb\":{\"@id\":\"https:\\\/\\\/andreitupits23.thkit.ee\\\/WP\\\/ulesanne-7\\\/#breadcrumb\"},\"inLanguage\":\"en-GB\",\"potentialAction\":[{\"@type\":\"ReadAction\",\"target\":[\"https:\\\/\\\/andreitupits23.thkit.ee\\\/WP\\\/ulesanne-7\\\/\"]}]},{\"@type\":\"ImageObject\",\"inLanguage\":\"en-GB\",\"@id\":\"https:\\\/\\\/andreitupits23.thkit.ee\\\/WP\\\/ulesanne-7\\\/#primaryimage\",\"url\":\"https:\\\/\\\/andreitupits23.thkit.ee\\\/WP\\\/wp-content\\\/uploads\\\/2024\\\/06\\\/image-7.png\",\"contentUrl\":\"https:\\\/\\\/andreitupits23.thkit.ee\\\/WP\\\/wp-content\\\/uploads\\\/2024\\\/06\\\/image-7.png\",\"width\":1299,\"height\":700},{\"@type\":\"BreadcrumbList\",\"@id\":\"https:\\\/\\\/andreitupits23.thkit.ee\\\/WP\\\/ulesanne-7\\\/#breadcrumb\",\"itemListElement\":[{\"@type\":\"ListItem\",\"position\":1,\"name\":\"Home\",\"item\":\"https:\\\/\\\/andreitupits23.thkit.ee\\\/WP\\\/\"},{\"@type\":\"ListItem\",\"position\":2,\"name\":\"Ulesanne 7\"}]},{\"@type\":\"WebSite\",\"@id\":\"https:\\\/\\\/andreitupits23.thkit.ee\\\/WP\\\/#website\",\"url\":\"https:\\\/\\\/andreitupits23.thkit.ee\\\/WP\\\/\",\"name\":\"\\\/ &Otilde;pimapp \\\/ Portfoolio\",\"description\":\"Welcome to my WP page.\",\"publisher\":{\"@id\":\"https:\\\/\\\/andreitupits23.thkit.ee\\\/WP\\\/#organization\"},\"potentialAction\":[{\"@type\":\"SearchAction\",\"target\":{\"@type\":\"EntryPoint\",\"urlTemplate\":\"https:\\\/\\\/andreitupits23.thkit.ee\\\/WP\\\/?s={search_term_string}\"},\"query-input\":{\"@type\":\"PropertyValueSpecification\",\"valueRequired\":true,\"valueName\":\"search_term_string\"}}],\"inLanguage\":\"en-GB\"},{\"@type\":\"Organization\",\"@id\":\"https:\\\/\\\/andreitupits23.thkit.ee\\\/WP\\\/#organization\",\"name\":\"\\\/ &Otilde;pimapp \\\/ Portfoolio\",\"url\":\"https:\\\/\\\/andreitupits23.thkit.ee\\\/WP\\\/\",\"logo\":{\"@type\":\"ImageObject\",\"inLanguage\":\"en-GB\",\"@id\":\"https:\\\/\\\/andreitupits23.thkit.ee\\\/WP\\\/#\\\/schema\\\/logo\\\/image\\\/\",\"url\":\"https:\\\/\\\/andreitupits23.thkit.ee\\\/WP\\\/wp-content\\\/uploads\\\/2024\\\/03\\\/cropped-logo.png\",\"contentUrl\":\"https:\\\/\\\/andreitupits23.thkit.ee\\\/WP\\\/wp-content\\\/uploads\\\/2024\\\/03\\\/cropped-logo.png\",\"width\":240,\"height\":240,\"caption\":\"\\\/ &Otilde;pimapp \\\/ Portfoolio\"},\"image\":{\"@id\":\"https:\\\/\\\/andreitupits23.thkit.ee\\\/WP\\\/#\\\/schema\\\/logo\\\/image\\\/\"}}]}<\/script>\n<!-- \/ Yoast SEO plugin. -->","yoast_head_json":{"title":"Ulesanne 7 - \/ &Otilde;pimapp \/ Portfoolio","robots":{"index":"index","follow":"follow","max-snippet":"max-snippet:-1","max-image-preview":"max-image-preview:large","max-video-preview":"max-video-preview:-1"},"canonical":"https:\/\/andreitupits23.thkit.ee\/WP\/ulesanne-7\/","og_locale":"en_GB","og_type":"article","og_title":"Ulesanne 7 - \/ &Otilde;pimapp \/ Portfoolio","og_description":"Rahakarp T\u00f6\u00f6kirjeldus Ultrahelisensor n\u00e4eb liikumist ja suu avatakse (roheline tuli s\u00fcttib) ning sinna saab panna m\u00fcndi. P\u00e4rast seda suu automaatselt sulatakse (punane tuli s\u00fcttib). Komponendid 16 juhtmest3 takistit1 ultrahelisensor1 servomootor1 LED-lamp1 Arduino Uno plaat1 protot\u00fc\u00fcpplaat Kasutamine Ultrahelisensoreid saab kasutada paljudes erinevates valdkondades ja rakendustes, sealhulgas: Ultrahelisensoreid kasutatakse laialdaselt nende usaldusv\u00e4\u00e4rsuse, t\u00e4psuse ja mitmek\u00fclgsuse t\u00f5ttu paljudesContinue reading \"Ulesanne 7\"","og_url":"https:\/\/andreitupits23.thkit.ee\/WP\/ulesanne-7\/","og_site_name":"\/ &Otilde;pimapp \/ Portfoolio","article_modified_time":"2024-06-17T10:34:16+00:00","og_image":[{"url":"https:\/\/andreitupits23.thkit.ee\/WP\/wp-content\/uploads\/2024\/06\/image-7-1024x552.png","type":"","width":"","height":""}],"twitter_card":"summary_large_image","twitter_misc":{"Estimated reading time":"2 minutes"},"schema":{"@context":"https:\/\/schema.org","@graph":[{"@type":"WebPage","@id":"https:\/\/andreitupits23.thkit.ee\/WP\/ulesanne-7\/","url":"https:\/\/andreitupits23.thkit.ee\/WP\/ulesanne-7\/","name":"Ulesanne 7 - \/ &Otilde;pimapp \/ Portfoolio","isPartOf":{"@id":"https:\/\/andreitupits23.thkit.ee\/WP\/#website"},"primaryImageOfPage":{"@id":"https:\/\/andreitupits23.thkit.ee\/WP\/ulesanne-7\/#primaryimage"},"image":{"@id":"https:\/\/andreitupits23.thkit.ee\/WP\/ulesanne-7\/#primaryimage"},"thumbnailUrl":"https:\/\/andreitupits23.thkit.ee\/WP\/wp-content\/uploads\/2024\/06\/image-7-1024x552.png","datePublished":"2024-06-16T18:23:33+00:00","dateModified":"2024-06-17T10:34:16+00:00","breadcrumb":{"@id":"https:\/\/andreitupits23.thkit.ee\/WP\/ulesanne-7\/#breadcrumb"},"inLanguage":"en-GB","potentialAction":[{"@type":"ReadAction","target":["https:\/\/andreitupits23.thkit.ee\/WP\/ulesanne-7\/"]}]},{"@type":"ImageObject","inLanguage":"en-GB","@id":"https:\/\/andreitupits23.thkit.ee\/WP\/ulesanne-7\/#primaryimage","url":"https:\/\/andreitupits23.thkit.ee\/WP\/wp-content\/uploads\/2024\/06\/image-7.png","contentUrl":"https:\/\/andreitupits23.thkit.ee\/WP\/wp-content\/uploads\/2024\/06\/image-7.png","width":1299,"height":700},{"@type":"BreadcrumbList","@id":"https:\/\/andreitupits23.thkit.ee\/WP\/ulesanne-7\/#breadcrumb","itemListElement":[{"@type":"ListItem","position":1,"name":"Home","item":"https:\/\/andreitupits23.thkit.ee\/WP\/"},{"@type":"ListItem","position":2,"name":"Ulesanne 7"}]},{"@type":"WebSite","@id":"https:\/\/andreitupits23.thkit.ee\/WP\/#website","url":"https:\/\/andreitupits23.thkit.ee\/WP\/","name":"\/ &Otilde;pimapp \/ Portfoolio","description":"Welcome to my WP page.","publisher":{"@id":"https:\/\/andreitupits23.thkit.ee\/WP\/#organization"},"potentialAction":[{"@type":"SearchAction","target":{"@type":"EntryPoint","urlTemplate":"https:\/\/andreitupits23.thkit.ee\/WP\/?s={search_term_string}"},"query-input":{"@type":"PropertyValueSpecification","valueRequired":true,"valueName":"search_term_string"}}],"inLanguage":"en-GB"},{"@type":"Organization","@id":"https:\/\/andreitupits23.thkit.ee\/WP\/#organization","name":"\/ &Otilde;pimapp \/ Portfoolio","url":"https:\/\/andreitupits23.thkit.ee\/WP\/","logo":{"@type":"ImageObject","inLanguage":"en-GB","@id":"https:\/\/andreitupits23.thkit.ee\/WP\/#\/schema\/logo\/image\/","url":"https:\/\/andreitupits23.thkit.ee\/WP\/wp-content\/uploads\/2024\/03\/cropped-logo.png","contentUrl":"https:\/\/andreitupits23.thkit.ee\/WP\/wp-content\/uploads\/2024\/03\/cropped-logo.png","width":240,"height":240,"caption":"\/ &Otilde;pimapp \/ Portfoolio"},"image":{"@id":"https:\/\/andreitupits23.thkit.ee\/WP\/#\/schema\/logo\/image\/"}}]}},"_links":{"self":[{"href":"https:\/\/andreitupits23.thkit.ee\/WP\/wp-json\/wp\/v2\/pages\/836","targetHints":{"allow":["GET"]}}],"collection":[{"href":"https:\/\/andreitupits23.thkit.ee\/WP\/wp-json\/wp\/v2\/pages"}],"about":[{"href":"https:\/\/andreitupits23.thkit.ee\/WP\/wp-json\/wp\/v2\/types\/page"}],"author":[{"embeddable":true,"href":"https:\/\/andreitupits23.thkit.ee\/WP\/wp-json\/wp\/v2\/users\/1"}],"replies":[{"embeddable":true,"href":"https:\/\/andreitupits23.thkit.ee\/WP\/wp-json\/wp\/v2\/comments?post=836"}],"version-history":[{"count":5,"href":"https:\/\/andreitupits23.thkit.ee\/WP\/wp-json\/wp\/v2\/pages\/836\/revisions"}],"predecessor-version":[{"id":871,"href":"https:\/\/andreitupits23.thkit.ee\/WP\/wp-json\/wp\/v2\/pages\/836\/revisions\/871"}],"wp:attachment":[{"href":"https:\/\/andreitupits23.thkit.ee\/WP\/wp-json\/wp\/v2\/media?parent=836"}],"curies":[{"name":"wp","href":"https:\/\/api.w.org\/{rel}","templated":true}]}}