{"id":842,"date":"2024-06-16T19:00:49","date_gmt":"2024-06-16T19:00:49","guid":{"rendered":"https:\/\/andreitupits23.thkit.ee\/WP\/?page_id=842"},"modified":"2024-06-17T08:26:47","modified_gmt":"2024-06-17T08:26:47","slug":"ulesanne-8","status":"publish","type":"page","link":"https:\/\/andreitupits23.thkit.ee\/WP\/ulesanne-8\/","title":{"rendered":"Ulesanne 8"},"content":{"rendered":"\n<div class=\"wp-block-group alignfull has-background-background-color has-background\" style=\"margin-top:0;margin-bottom:0;padding-top:var(--wp--preset--spacing--60);padding-right:var(--wp--preset--spacing--30);padding-bottom:var(--wp--preset--spacing--60);padding-left:var(--wp--preset--spacing--30)\"><div class=\"wp-block-group__inner-container is-layout-constrained wp-container-core-group-is-layout-392eb801 wp-block-group-is-layout-constrained\">\n<h1 class=\"wp-block-heading\">Tark maja<\/h1>\n\n\n\n<p><mark><strong>T\u00f6\u00f6kirjeldus<\/strong><\/mark><\/p>\n\n\n\n<p>Targas kodus kasutatakse liikumisandureid, mille t\u00f5ttu hakkab maja helisid tegema ja sulgeb uksi. Lisaks oskab see n\u00e4idata praegust temperatuuri ja madala valgustuse korral hakkab p\u00f5lema LED.<\/p>\n\n\n\n<p><mark><strong>Komponendid<\/strong><\/mark><\/p>\n\n\n\n<p>1 Arduino plaat<\/p>\n\n\n\n<p>1 Protot\u00fc\u00fcpplaat<\/p>\n\n\n\n<p>1 LED<\/p>\n\n\n\n<p>1 servomootor<\/p>\n\n\n\n<p>1 ultraheli kaugusandur<\/p>\n\n\n\n<p>3 takistit<\/p>\n\n\n\n<p>1 LCD-ekraan<\/p>\n\n\n\n<p>1 summer<\/p>\n\n\n\n<p>1 temperatuuriandur<\/p>\n\n\n\n<p>1 fototakisti<\/p>\n\n\n\n<p>Juhtmeid<\/p>\n\n\n\n<p><mark><strong>Kasutamine<\/strong><\/mark><\/p>\n\n\n\n<p><strong>Tark maja<\/strong> (v\u00f5i <strong>nutikas kodu<\/strong>) t\u00e4hendab kodu, kus kasutatakse erinevaid tehnoloogilisi lahendusi ja seadmeid, et automatiseerida ja juhtida kodu funktsioone. Selliseid s\u00fcsteeme kasutatakse mugavuse, energiat\u00f5hususe ja turvalisuse parandamiseks.<\/p>\n\n\n\n<p><strong>N\u00e4ited kasutusvaldkondadest:<\/strong><\/p>\n\n\n\n<ol class=\"wp-block-list\">\n<li><strong>Automatiseeritud valgustus<\/strong>: Tuled, mis s\u00fcttivad liikumise tuvastamisel v\u00f5i h\u00e4maras.<\/li>\n\n\n\n<li><strong>K\u00fctte ja jahutuse juhtimine<\/strong>: Nutikad termostaadid, mis reguleerivad temperatuuri vastavalt eelistustele ja kohalolekule.<\/li>\n\n\n\n<li><strong>Turvas\u00fcsteemid<\/strong>: Kaamerad ja andurid, mis tuvastavad liikumise ja teavitavad omanikku.<\/li>\n\n\n\n<li><strong>Kodu meelelahutus<\/strong>: Nutikad audio- ja videoseadmed, mida saab juhtida h\u00e4\u00e4le v\u00f5i rakenduse kaudu.<\/li>\n\n\n\n<li><strong>Energiat\u00f5husus<\/strong>: Seadmed, mis j\u00e4lgivad ja optimeerivad energiatarbimist.<\/li>\n<\/ol>\n\n\n\n<p>Tark maja saab teha igap\u00e4evaelu mugavamaks ja turvalisemaks, pakkudes samal ajal ka v\u00f5imalust energiat s\u00e4\u00e4sta.<\/p>\n\n\n\n<p><strong><mark>Kood<\/mark><\/strong><\/p>\n\n\n\n<pre class=\"wp-block-code\"><code>#include &lt;Servo.h&gt; \/\/ \u0431\u0438\u0431\u043b\u0438\u043e\u0442\u0435\u043a\u0430 \u0441\u0435\u0440\u0432\u043e \u0434\u0432\u0438\u0433\u0430\u0442\u0435\u043b\u044f\n#include &lt;LiquidCrystal.h&gt; \/\/ \u0431\u0438\u0431\u043b\u0438\u043e\u0442\u0435\u043a\u0430 LCD \u044d\u043a\u0440\u0430\u043d\u0430\n \nconst int rs = 12, e = 11, d4 = 5, d5 = 4, d6 = 3, d7 = 2; \nLiquidCrystal lcd(rs, e, d4, d5, d6, d7);\n \n#define trigger_sensor_pin 9 \n#define echo_sensor_pin 8 \n \n#define servo_pin 7\n \nconst int LED_PIN = 10; \/\/ \u041f\u0438\u043d \u0434\u043b\u044f \u043e\u0431\u044b\u0447\u043d\u043e\u0433\u043e \u0441\u0432\u0435\u0442\u043e\u0434\u0438\u043e\u0434\u0430\nconst int buzzerPin = 13;\nint sensorPin1 = A0; \/\/ \u041f\u0438\u043d \u0434\u043b\u044f \u0442\u0435\u043c\u043f\u0435\u0440\u0430\u0442\u0443\u0440\u043d\u043e\u0433\u043e \u0434\u0430\u0442\u0447\u0438\u043a\u0430\nint sensorPin2 = A1; \/\/ \u041f\u0438\u043d \u0434\u043b\u044f \u0444\u043e\u0442\u043e\u0440\u0435\u0437\u0438\u0441\u0442\u043e\u0440\u0430\n \nServo servo;\n \nint duration, distance;\n \nvoid setup()\n{\n  pinMode(LED_PIN, OUTPUT); \/\/ \u041d\u0430\u0441\u0442\u0440\u043e\u0439\u043a\u0430 \u043f\u0438\u043d\u0430 \u0434\u043b\u044f \u043e\u0431\u044b\u0447\u043d\u043e\u0433\u043e \u0441\u0432\u0435\u0442\u043e\u0434\u0438\u043e\u0434\u0430\n  pinMode(buzzerPin, OUTPUT); \/\/ \u041d\u0430\u0441\u0442\u0440\u043e\u0439\u043a\u0430 \u043f\u0438\u043d\u0430 \u0434\u043b\u044f \u0437\u0443\u043c\u043c\u0435\u0440\u0430\n  pinMode(trigger_sensor_pin, OUTPUT); \n  pinMode(echo_sensor_pin, INPUT);\n  servo.attach(servo_pin);\n  lcd.begin(16, 2);\n  Serial.begin(9600);\n}\n \nvoid ring_doorbell()\n{\n  for (int i = 0; i &lt; 3; i++) { \n    digitalWrite(buzzerPin, HIGH);\n    delay(100);\n    digitalWrite(buzzerPin, LOW);\n    delay(100);\n  }\n}\n \nfloat readTemperature()\n{\n  int sensorVal = analogRead(sensorPin1); \n  float voltage = sensorVal * (5.0 \/ 1023.0); \n  float temperatureC = (voltage - 0.5) * 100; \n  return temperatureC;\n}\n \nint readLightLevel()\n{\n  int lightLevel = analogRead(sensorPin2);\n  return lightLevel;\n}\n \nvoid loop()\n{\n  delay(100);\n \n  \/\/ \u0423\u043b\u044c\u0442\u0440\u0430\u0437\u0432\u0443\u043a\u043e\u0432\u043e\u0439 \u0434\u0430\u0442\u0447\u0438\u043a\n  digitalWrite(trigger_sensor_pin, LOW);\n  delayMicroseconds(2);\n  digitalWrite(trigger_sensor_pin, HIGH);\n  delayMicroseconds(10);\n  digitalWrite(trigger_sensor_pin, LOW);\n \n  duration = pulseIn(echo_sensor_pin, HIGH);\n  distance = duration \/ 58;\n \n  Serial.print(\"Distance: \");\n  Serial.print(distance);\n  Serial.println(\" cm\");\n \n  if (distance &gt; 34 &amp;&amp; distance &lt; 100)\n  {\n    servo.write(0); \n    ring_doorbell(); \/\/ \u0414\u0432\u0435\u0440\u043d\u043e\u0439 \u0437\u0432\u043e\u043d\u043e\u043a\n    delay(1500);\n  }\n  else\n  {\n    servo.write(90); \n  }\n \n  \/\/ \u0427\u0442\u0435\u043d\u0438\u0435 \u0442\u0435\u043c\u043f\u0435\u0440\u0430\u0442\u0443\u0440\u044b\n  float temperature = readTemperature();\n  Serial.print(\"Temperature: \");\n  Serial.print(temperature);\n  Serial.println(\" C\");\n \n  lcd.clear();\n  lcd.setCursor(0, 0);\n \n  if (temperature &gt; 30)\n  {\n    lcd.print(\"Very hot! \");\n    lcd.print(temperature);\n    lcd.print(\" C\");\n  }\n  else if (temperature &lt; 10)\n  {\n    lcd.print(\"Very cold! \");\n    lcd.print(temperature);\n    lcd.print(\" C\");\n  }\n  else\n  {\n    lcd.print(\"Temp: \");\n    lcd.print(temperature);\n    lcd.print(\" C\");\n  }\n \n  \/\/ \u0427\u0442\u0435\u043d\u0438\u0435 \u0443\u0440\u043e\u0432\u043d\u044f \u043e\u0441\u0432\u0435\u0449\u0435\u043d\u043d\u043e\u0441\u0442\u0438\n  int lightLevel = readLightLevel();\n  Serial.print(\"Light level: \");\n  Serial.println(lightLevel);\n \n   \n  if (lightLevel &lt; 500) { \/\/ \u0423\u0441\u043b\u043e\u0432\u0438\u0435 \u0434\u043b\u044f \u043d\u0438\u0437\u043a\u043e\u0439 \u043e\u0441\u0432\u0435\u0449\u0435\u043d\u043d\u043e\u0441\u0442\u0438\n    digitalWrite(LED_PIN, LOW); \/\/ \u0412\u043a\u043b\u044e\u0447\u0438\u0442\u044c \u0441\u0432\u0435\u0442\u043e\u0434\u0438\u043e\u0434 \u043f\u0440\u0438 \u043d\u0438\u0437\u043a\u043e\u0439 \u043e\u0441\u0432\u0435\u0449\u0435\u043d\u043d\u043e\u0441\u0442\u0438\n     \n  } else {\n    digitalWrite(LED_PIN, HIGH); \/\/ \u0412\u044b\u043a\u043b\u044e\u0447\u0438\u0442\u044c \u0441\u0432\u0435\u0442\u043e\u0434\u0438\u043e\u0434 \u043f\u0440\u0438 \u0432\u044b\u0441\u043e\u043a\u043e\u0439 \u043e\u0441\u0432\u0435\u0449\u0435\u043d\u043d\u043e\u0441\u0442\u0438\n     \n  }\n \n  delay(1000);\n}<\/code><\/pre>\n\n\n\n<p><mark><strong>Link<\/strong><\/mark><\/p>\n\n\n\n<figure class=\"wp-block-embed is-type-rich is-provider-embed-handler wp-block-embed-embed-handler\"><div class=\"wp-block-embed__wrapper\">\nhttps:\/\/youtube.com\/watch?v=x2gE0WxXsSQ%3Ffeature%3Doembed\n<\/div><\/figure>\n\n\n\n<p><mark><strong>Konstruktsioon Tinkercad<\/strong><\/mark><\/p>\n\n\n\n<figure class=\"wp-block-image size-large\"><img loading=\"lazy\" decoding=\"async\" width=\"1024\" height=\"530\" src=\"https:\/\/andreitupits23.thkit.ee\/WP\/wp-content\/uploads\/2024\/06\/image-4-1024x530.png\" alt=\"\" class=\"wp-image-845\" srcset=\"https:\/\/andreitupits23.thkit.ee\/WP\/wp-content\/uploads\/2024\/06\/image-4-1024x530.png 1024w, https:\/\/andreitupits23.thkit.ee\/WP\/wp-content\/uploads\/2024\/06\/image-4-300x155.png 300w, https:\/\/andreitupits23.thkit.ee\/WP\/wp-content\/uploads\/2024\/06\/image-4-768x397.png 768w, https:\/\/andreitupits23.thkit.ee\/WP\/wp-content\/uploads\/2024\/06\/image-4-750x388.png 750w, https:\/\/andreitupits23.thkit.ee\/WP\/wp-content\/uploads\/2024\/06\/image-4.png 1309w\" sizes=\"auto, (max-width: 1024px) 100vw, 1024px\" \/><\/figure>\n<\/div><\/div>\n","protected":false},"excerpt":{"rendered":"<p>Tark maja T\u00f6\u00f6kirjeldus Targas kodus kasutatakse liikumisandureid, mille t\u00f5ttu hakkab maja helisid tegema ja sulgeb uksi. Lisaks oskab see n\u00e4idata praegust temperatuuri ja madala valgustuse korral hakkab p\u00f5lema LED. Komponendid 1 Arduino plaat 1 Protot\u00fc\u00fcpplaat 1 LED 1 servomootor 1 ultraheli kaugusandur 3 takistit 1 LCD-ekraan 1 summer 1 temperatuuriandur 1 fototakisti Juhtmeid Kasutamine Tark<a class=\"more-link\" href=\"https:\/\/andreitupits23.thkit.ee\/WP\/ulesanne-8\/\">Continue reading <span class=\"screen-reader-text\">&#8220;Ulesanne 8&#8221;<\/span><\/a><\/p>\n","protected":false},"author":1,"featured_media":0,"parent":0,"menu_order":0,"comment_status":"closed","ping_status":"closed","template":"","meta":{"footnotes":""},"class_list":["post-842","page","type-page","status-publish","hentry","entry"],"yoast_head":"<!-- This site is optimized with the Yoast SEO plugin v27.4 - https:\/\/yoast.com\/product\/yoast-seo-wordpress\/ -->\n<title>Ulesanne 8 - \/ &Otilde;pimapp \/ Portfoolio<\/title>\n<meta name=\"robots\" content=\"index, follow, max-snippet:-1, max-image-preview:large, max-video-preview:-1\" \/>\n<link rel=\"canonical\" href=\"https:\/\/andreitupits23.thkit.ee\/WP\/ulesanne-8\/\" \/>\n<meta property=\"og:locale\" content=\"en_GB\" \/>\n<meta property=\"og:type\" content=\"article\" \/>\n<meta property=\"og:title\" content=\"Ulesanne 8 - \/ &Otilde;pimapp \/ Portfoolio\" \/>\n<meta property=\"og:description\" content=\"Tark maja T\u00f6\u00f6kirjeldus Targas kodus kasutatakse liikumisandureid, mille t\u00f5ttu hakkab maja helisid tegema ja sulgeb uksi. Lisaks oskab see n\u00e4idata praegust temperatuuri ja madala valgustuse korral hakkab p\u00f5lema LED. Komponendid 1 Arduino plaat 1 Protot\u00fc\u00fcpplaat 1 LED 1 servomootor 1 ultraheli kaugusandur 3 takistit 1 LCD-ekraan 1 summer 1 temperatuuriandur 1 fototakisti Juhtmeid Kasutamine TarkContinue reading &quot;Ulesanne 8&quot;\" \/>\n<meta property=\"og:url\" content=\"https:\/\/andreitupits23.thkit.ee\/WP\/ulesanne-8\/\" \/>\n<meta property=\"og:site_name\" content=\"\/ &Otilde;pimapp \/ Portfoolio\" \/>\n<meta property=\"article:modified_time\" content=\"2024-06-17T08:26:47+00:00\" \/>\n<meta property=\"og:image\" content=\"https:\/\/andreitupits23.thkit.ee\/WP\/wp-content\/uploads\/2024\/06\/image-4-1024x530.png\" \/>\n<meta name=\"twitter:card\" content=\"summary_large_image\" \/>\n<meta name=\"twitter:label1\" content=\"Estimated reading time\" \/>\n\t<meta name=\"twitter:data1\" content=\"1 minute\" \/>\n<script type=\"application\/ld+json\" class=\"yoast-schema-graph\">{\"@context\":\"https:\\\/\\\/schema.org\",\"@graph\":[{\"@type\":\"WebPage\",\"@id\":\"https:\\\/\\\/andreitupits23.thkit.ee\\\/WP\\\/ulesanne-8\\\/\",\"url\":\"https:\\\/\\\/andreitupits23.thkit.ee\\\/WP\\\/ulesanne-8\\\/\",\"name\":\"Ulesanne 8 - \\\/ &Otilde;pimapp \\\/ Portfoolio\",\"isPartOf\":{\"@id\":\"https:\\\/\\\/andreitupits23.thkit.ee\\\/WP\\\/#website\"},\"primaryImageOfPage\":{\"@id\":\"https:\\\/\\\/andreitupits23.thkit.ee\\\/WP\\\/ulesanne-8\\\/#primaryimage\"},\"image\":{\"@id\":\"https:\\\/\\\/andreitupits23.thkit.ee\\\/WP\\\/ulesanne-8\\\/#primaryimage\"},\"thumbnailUrl\":\"https:\\\/\\\/andreitupits23.thkit.ee\\\/WP\\\/wp-content\\\/uploads\\\/2024\\\/06\\\/image-4-1024x530.png\",\"datePublished\":\"2024-06-16T19:00:49+00:00\",\"dateModified\":\"2024-06-17T08:26:47+00:00\",\"breadcrumb\":{\"@id\":\"https:\\\/\\\/andreitupits23.thkit.ee\\\/WP\\\/ulesanne-8\\\/#breadcrumb\"},\"inLanguage\":\"en-GB\",\"potentialAction\":[{\"@type\":\"ReadAction\",\"target\":[\"https:\\\/\\\/andreitupits23.thkit.ee\\\/WP\\\/ulesanne-8\\\/\"]}]},{\"@type\":\"ImageObject\",\"inLanguage\":\"en-GB\",\"@id\":\"https:\\\/\\\/andreitupits23.thkit.ee\\\/WP\\\/ulesanne-8\\\/#primaryimage\",\"url\":\"https:\\\/\\\/andreitupits23.thkit.ee\\\/WP\\\/wp-content\\\/uploads\\\/2024\\\/06\\\/image-4.png\",\"contentUrl\":\"https:\\\/\\\/andreitupits23.thkit.ee\\\/WP\\\/wp-content\\\/uploads\\\/2024\\\/06\\\/image-4.png\",\"width\":1309,\"height\":677},{\"@type\":\"BreadcrumbList\",\"@id\":\"https:\\\/\\\/andreitupits23.thkit.ee\\\/WP\\\/ulesanne-8\\\/#breadcrumb\",\"itemListElement\":[{\"@type\":\"ListItem\",\"position\":1,\"name\":\"Home\",\"item\":\"https:\\\/\\\/andreitupits23.thkit.ee\\\/WP\\\/\"},{\"@type\":\"ListItem\",\"position\":2,\"name\":\"Ulesanne 8\"}]},{\"@type\":\"WebSite\",\"@id\":\"https:\\\/\\\/andreitupits23.thkit.ee\\\/WP\\\/#website\",\"url\":\"https:\\\/\\\/andreitupits23.thkit.ee\\\/WP\\\/\",\"name\":\"\\\/ &Otilde;pimapp \\\/ Portfoolio\",\"description\":\"Welcome to my WP page.\",\"publisher\":{\"@id\":\"https:\\\/\\\/andreitupits23.thkit.ee\\\/WP\\\/#organization\"},\"potentialAction\":[{\"@type\":\"SearchAction\",\"target\":{\"@type\":\"EntryPoint\",\"urlTemplate\":\"https:\\\/\\\/andreitupits23.thkit.ee\\\/WP\\\/?s={search_term_string}\"},\"query-input\":{\"@type\":\"PropertyValueSpecification\",\"valueRequired\":true,\"valueName\":\"search_term_string\"}}],\"inLanguage\":\"en-GB\"},{\"@type\":\"Organization\",\"@id\":\"https:\\\/\\\/andreitupits23.thkit.ee\\\/WP\\\/#organization\",\"name\":\"\\\/ &Otilde;pimapp \\\/ Portfoolio\",\"url\":\"https:\\\/\\\/andreitupits23.thkit.ee\\\/WP\\\/\",\"logo\":{\"@type\":\"ImageObject\",\"inLanguage\":\"en-GB\",\"@id\":\"https:\\\/\\\/andreitupits23.thkit.ee\\\/WP\\\/#\\\/schema\\\/logo\\\/image\\\/\",\"url\":\"https:\\\/\\\/andreitupits23.thkit.ee\\\/WP\\\/wp-content\\\/uploads\\\/2024\\\/03\\\/cropped-logo.png\",\"contentUrl\":\"https:\\\/\\\/andreitupits23.thkit.ee\\\/WP\\\/wp-content\\\/uploads\\\/2024\\\/03\\\/cropped-logo.png\",\"width\":240,\"height\":240,\"caption\":\"\\\/ &Otilde;pimapp \\\/ Portfoolio\"},\"image\":{\"@id\":\"https:\\\/\\\/andreitupits23.thkit.ee\\\/WP\\\/#\\\/schema\\\/logo\\\/image\\\/\"}}]}<\/script>\n<!-- \/ Yoast SEO plugin. -->","yoast_head_json":{"title":"Ulesanne 8 - \/ &Otilde;pimapp \/ Portfoolio","robots":{"index":"index","follow":"follow","max-snippet":"max-snippet:-1","max-image-preview":"max-image-preview:large","max-video-preview":"max-video-preview:-1"},"canonical":"https:\/\/andreitupits23.thkit.ee\/WP\/ulesanne-8\/","og_locale":"en_GB","og_type":"article","og_title":"Ulesanne 8 - \/ &Otilde;pimapp \/ Portfoolio","og_description":"Tark maja T\u00f6\u00f6kirjeldus Targas kodus kasutatakse liikumisandureid, mille t\u00f5ttu hakkab maja helisid tegema ja sulgeb uksi. Lisaks oskab see n\u00e4idata praegust temperatuuri ja madala valgustuse korral hakkab p\u00f5lema LED. Komponendid 1 Arduino plaat 1 Protot\u00fc\u00fcpplaat 1 LED 1 servomootor 1 ultraheli kaugusandur 3 takistit 1 LCD-ekraan 1 summer 1 temperatuuriandur 1 fototakisti Juhtmeid Kasutamine TarkContinue reading \"Ulesanne 8\"","og_url":"https:\/\/andreitupits23.thkit.ee\/WP\/ulesanne-8\/","og_site_name":"\/ &Otilde;pimapp \/ Portfoolio","article_modified_time":"2024-06-17T08:26:47+00:00","og_image":[{"url":"https:\/\/andreitupits23.thkit.ee\/WP\/wp-content\/uploads\/2024\/06\/image-4-1024x530.png","type":"","width":"","height":""}],"twitter_card":"summary_large_image","twitter_misc":{"Estimated reading time":"1 minute"},"schema":{"@context":"https:\/\/schema.org","@graph":[{"@type":"WebPage","@id":"https:\/\/andreitupits23.thkit.ee\/WP\/ulesanne-8\/","url":"https:\/\/andreitupits23.thkit.ee\/WP\/ulesanne-8\/","name":"Ulesanne 8 - \/ &Otilde;pimapp \/ Portfoolio","isPartOf":{"@id":"https:\/\/andreitupits23.thkit.ee\/WP\/#website"},"primaryImageOfPage":{"@id":"https:\/\/andreitupits23.thkit.ee\/WP\/ulesanne-8\/#primaryimage"},"image":{"@id":"https:\/\/andreitupits23.thkit.ee\/WP\/ulesanne-8\/#primaryimage"},"thumbnailUrl":"https:\/\/andreitupits23.thkit.ee\/WP\/wp-content\/uploads\/2024\/06\/image-4-1024x530.png","datePublished":"2024-06-16T19:00:49+00:00","dateModified":"2024-06-17T08:26:47+00:00","breadcrumb":{"@id":"https:\/\/andreitupits23.thkit.ee\/WP\/ulesanne-8\/#breadcrumb"},"inLanguage":"en-GB","potentialAction":[{"@type":"ReadAction","target":["https:\/\/andreitupits23.thkit.ee\/WP\/ulesanne-8\/"]}]},{"@type":"ImageObject","inLanguage":"en-GB","@id":"https:\/\/andreitupits23.thkit.ee\/WP\/ulesanne-8\/#primaryimage","url":"https:\/\/andreitupits23.thkit.ee\/WP\/wp-content\/uploads\/2024\/06\/image-4.png","contentUrl":"https:\/\/andreitupits23.thkit.ee\/WP\/wp-content\/uploads\/2024\/06\/image-4.png","width":1309,"height":677},{"@type":"BreadcrumbList","@id":"https:\/\/andreitupits23.thkit.ee\/WP\/ulesanne-8\/#breadcrumb","itemListElement":[{"@type":"ListItem","position":1,"name":"Home","item":"https:\/\/andreitupits23.thkit.ee\/WP\/"},{"@type":"ListItem","position":2,"name":"Ulesanne 8"}]},{"@type":"WebSite","@id":"https:\/\/andreitupits23.thkit.ee\/WP\/#website","url":"https:\/\/andreitupits23.thkit.ee\/WP\/","name":"\/ &Otilde;pimapp \/ Portfoolio","description":"Welcome to my WP page.","publisher":{"@id":"https:\/\/andreitupits23.thkit.ee\/WP\/#organization"},"potentialAction":[{"@type":"SearchAction","target":{"@type":"EntryPoint","urlTemplate":"https:\/\/andreitupits23.thkit.ee\/WP\/?s={search_term_string}"},"query-input":{"@type":"PropertyValueSpecification","valueRequired":true,"valueName":"search_term_string"}}],"inLanguage":"en-GB"},{"@type":"Organization","@id":"https:\/\/andreitupits23.thkit.ee\/WP\/#organization","name":"\/ &Otilde;pimapp \/ Portfoolio","url":"https:\/\/andreitupits23.thkit.ee\/WP\/","logo":{"@type":"ImageObject","inLanguage":"en-GB","@id":"https:\/\/andreitupits23.thkit.ee\/WP\/#\/schema\/logo\/image\/","url":"https:\/\/andreitupits23.thkit.ee\/WP\/wp-content\/uploads\/2024\/03\/cropped-logo.png","contentUrl":"https:\/\/andreitupits23.thkit.ee\/WP\/wp-content\/uploads\/2024\/03\/cropped-logo.png","width":240,"height":240,"caption":"\/ &Otilde;pimapp \/ Portfoolio"},"image":{"@id":"https:\/\/andreitupits23.thkit.ee\/WP\/#\/schema\/logo\/image\/"}}]}},"_links":{"self":[{"href":"https:\/\/andreitupits23.thkit.ee\/WP\/wp-json\/wp\/v2\/pages\/842","targetHints":{"allow":["GET"]}}],"collection":[{"href":"https:\/\/andreitupits23.thkit.ee\/WP\/wp-json\/wp\/v2\/pages"}],"about":[{"href":"https:\/\/andreitupits23.thkit.ee\/WP\/wp-json\/wp\/v2\/types\/page"}],"author":[{"embeddable":true,"href":"https:\/\/andreitupits23.thkit.ee\/WP\/wp-json\/wp\/v2\/users\/1"}],"replies":[{"embeddable":true,"href":"https:\/\/andreitupits23.thkit.ee\/WP\/wp-json\/wp\/v2\/comments?post=842"}],"version-history":[{"count":3,"href":"https:\/\/andreitupits23.thkit.ee\/WP\/wp-json\/wp\/v2\/pages\/842\/revisions"}],"predecessor-version":[{"id":868,"href":"https:\/\/andreitupits23.thkit.ee\/WP\/wp-json\/wp\/v2\/pages\/842\/revisions\/868"}],"wp:attachment":[{"href":"https:\/\/andreitupits23.thkit.ee\/WP\/wp-json\/wp\/v2\/media?parent=842"}],"curies":[{"name":"wp","href":"https:\/\/api.w.org\/{rel}","templated":true}]}}